{"id":1140,"date":"2023-10-17T15:43:34","date_gmt":"2023-10-17T13:43:34","guid":{"rendered":"https:\/\/catherine-castry-belkadi.fr\/?page_id=1140"},"modified":"2023-10-23T12:03:54","modified_gmt":"2023-10-23T10:03:54","slug":"les-cremes-bridel-groupe-lactalis","status":"publish","type":"page","link":"https:\/\/catherine-castry-belkadi.fr\/index.php\/les-cremes-bridel-groupe-lactalis\/","title":{"rendered":"Les cr\u00e8mes Bridel &#8211; Groupe Lactalis"},"content":{"rendered":"\n<figure class=\"wp-block-gallery has-nested-images columns-2 is-cropped wp-block-gallery-1 is-layout-flex wp-block-gallery-is-layout-flex\">\n<figure class=\"wp-block-image size-large\"><img loading=\"lazy\" decoding=\"async\" width=\"800\" height=\"800\" data-id=\"1136\" src=\"https:\/\/catherine-castry-belkadi.fr\/wp-content\/uploads\/2023\/10\/affichage-lactalis-bridel-dom-tom-creme-jour-catherine-castry-belkadi.jpg\" alt=\"affichage-lactalis-bridel-dom-tom-creme-jour-catherine-castry-belkadi\" class=\"wp-image-1136\" srcset=\"https:\/\/catherine-castry-belkadi.fr\/wp-content\/uploads\/2023\/10\/affichage-lactalis-bridel-dom-tom-creme-jour-catherine-castry-belkadi.jpg 800w, https:\/\/catherine-castry-belkadi.fr\/wp-content\/uploads\/2023\/10\/affichage-lactalis-bridel-dom-tom-creme-jour-catherine-castry-belkadi-300x300.jpg 300w, https:\/\/catherine-castry-belkadi.fr\/wp-content\/uploads\/2023\/10\/affichage-lactalis-bridel-dom-tom-creme-jour-catherine-castry-belkadi-150x150.jpg 150w, https:\/\/catherine-castry-belkadi.fr\/wp-content\/uploads\/2023\/10\/affichage-lactalis-bridel-dom-tom-creme-jour-catherine-castry-belkadi-768x768.jpg 768w\" sizes=\"auto, (max-width: 800px) 100vw, 800px\" \/><\/figure>\n\n\n\n<figure class=\"wp-block-image size-large\"><img loading=\"lazy\" decoding=\"async\" width=\"800\" height=\"800\" data-id=\"1135\" src=\"https:\/\/catherine-castry-belkadi.fr\/wp-content\/uploads\/2023\/10\/affichage-lactalis-bridel-dom-tom-creme-minceur-catherine-castry-belkadi.jpg\" alt=\"affichage-lactalis-bridel-dom-tom-creme-minceur-catherine-castry-belkadi\" class=\"wp-image-1135\" srcset=\"https:\/\/catherine-castry-belkadi.fr\/wp-content\/uploads\/2023\/10\/affichage-lactalis-bridel-dom-tom-creme-minceur-catherine-castry-belkadi.jpg 800w, https:\/\/catherine-castry-belkadi.fr\/wp-content\/uploads\/2023\/10\/affichage-lactalis-bridel-dom-tom-creme-minceur-catherine-castry-belkadi-300x300.jpg 300w, https:\/\/catherine-castry-belkadi.fr\/wp-content\/uploads\/2023\/10\/affichage-lactalis-bridel-dom-tom-creme-minceur-catherine-castry-belkadi-150x150.jpg 150w, https:\/\/catherine-castry-belkadi.fr\/wp-content\/uploads\/2023\/10\/affichage-lactalis-bridel-dom-tom-creme-minceur-catherine-castry-belkadi-768x768.jpg 768w\" sizes=\"auto, (max-width: 800px) 100vw, 800px\" \/><\/figure>\n\n\n\n<figure class=\"wp-block-image size-large\"><img loading=\"lazy\" decoding=\"async\" width=\"800\" height=\"800\" data-id=\"1134\" src=\"https:\/\/catherine-castry-belkadi.fr\/wp-content\/uploads\/2023\/10\/affichage-lactalis-bridel-dom-tom-creme-vitalite-catherine-castry-belkadi.jpg\" alt=\"affichage-lactalis-bridel-dom-tom-creme-vitalite-catherine-castry-belkadi\" class=\"wp-image-1134\" srcset=\"https:\/\/catherine-castry-belkadi.fr\/wp-content\/uploads\/2023\/10\/affichage-lactalis-bridel-dom-tom-creme-vitalite-catherine-castry-belkadi.jpg 800w, https:\/\/catherine-castry-belkadi.fr\/wp-content\/uploads\/2023\/10\/affichage-lactalis-bridel-dom-tom-creme-vitalite-catherine-castry-belkadi-300x300.jpg 300w, https:\/\/catherine-castry-belkadi.fr\/wp-content\/uploads\/2023\/10\/affichage-lactalis-bridel-dom-tom-creme-vitalite-catherine-castry-belkadi-150x150.jpg 150w, https:\/\/catherine-castry-belkadi.fr\/wp-content\/uploads\/2023\/10\/affichage-lactalis-bridel-dom-tom-creme-vitalite-catherine-castry-belkadi-768x768.jpg 768w\" sizes=\"auto, (max-width: 800px) 100vw, 800px\" \/><\/figure>\n\n\n\n<figure class=\"wp-block-image size-large\"><img loading=\"lazy\" decoding=\"async\" width=\"800\" height=\"800\" data-id=\"1137\" src=\"https:\/\/catherine-castry-belkadi.fr\/wp-content\/uploads\/2023\/10\/affichage-lactalis-bridel-dom-tom-creme-recettes-catherine-castry-belkadi.jpg\" alt=\"affichage-lactalis-bridel-dom-tom-creme-recettes-catherine-castry-belkadi\" class=\"wp-image-1137\" srcset=\"https:\/\/catherine-castry-belkadi.fr\/wp-content\/uploads\/2023\/10\/affichage-lactalis-bridel-dom-tom-creme-recettes-catherine-castry-belkadi.jpg 800w, https:\/\/catherine-castry-belkadi.fr\/wp-content\/uploads\/2023\/10\/affichage-lactalis-bridel-dom-tom-creme-recettes-catherine-castry-belkadi-300x300.jpg 300w, https:\/\/catherine-castry-belkadi.fr\/wp-content\/uploads\/2023\/10\/affichage-lactalis-bridel-dom-tom-creme-recettes-catherine-castry-belkadi-150x150.jpg 150w, https:\/\/catherine-castry-belkadi.fr\/wp-content\/uploads\/2023\/10\/affichage-lactalis-bridel-dom-tom-creme-recettes-catherine-castry-belkadi-768x768.jpg 768w\" sizes=\"auto, (max-width: 800px) 100vw, 800px\" \/><\/figure>\n\n\n\n<figure class=\"wp-block-image size-large\"><img loading=\"lazy\" decoding=\"async\" width=\"1024\" height=\"768\" data-id=\"1144\" src=\"https:\/\/catherine-castry-belkadi.fr\/wp-content\/uploads\/2023\/10\/lactalis-bridel-dom-tom-livre-recettes-creoles-catherine-castry-belkadi-1024x768.jpg\" alt=\"lactalis-bridel-dom-tom-livre-recettes-creoles-catherine-castry-belkadi\" class=\"wp-image-1144\" srcset=\"https:\/\/catherine-castry-belkadi.fr\/wp-content\/uploads\/2023\/10\/lactalis-bridel-dom-tom-livre-recettes-creoles-catherine-castry-belkadi-1024x768.jpg 1024w, https:\/\/catherine-castry-belkadi.fr\/wp-content\/uploads\/2023\/10\/lactalis-bridel-dom-tom-livre-recettes-creoles-catherine-castry-belkadi-300x225.jpg 300w, https:\/\/catherine-castry-belkadi.fr\/wp-content\/uploads\/2023\/10\/lactalis-bridel-dom-tom-livre-recettes-creoles-catherine-castry-belkadi-768x576.jpg 768w, https:\/\/catherine-castry-belkadi.fr\/wp-content\/uploads\/2023\/10\/lactalis-bridel-dom-tom-livre-recettes-creoles-catherine-castry-belkadi.jpg 1067w\" sizes=\"auto, (max-width: 1024px) 100vw, 1024px\" \/><\/figure>\n<\/figure>\n\n\n\n<div class=\"wp-block-group\"><div class=\"wp-block-group__inner-container is-layout-constrained wp-block-group-is-layout-constrained\">\n<p class=\"has-text-align-left has-couleur-du-texte-color has-text-color has-eccp-large-font-size\" style=\"letter-spacing:0.5px\">Direction artistique des campagnes d\u2019affichage et annonces presse pour Bridel<\/p>\n\n\n\n<p class=\"has-text-align-left has-couleur-primaire-color has-text-color has-eccp-small-font-size\" style=\"letter-spacing:0.2px;line-height:0.9\">AFFICHAGE &#8211; ANNONCE PRESSE<\/p>\n\n\n\n<hr class=\"wp-block-separator has-text-color has-blanc-casse-fonce-color has-alpha-channel-opacity has-blanc-casse-fonce-background-color has-background\"\/>\n\n\n\n<p class=\"has-couleur-du-texte-color has-text-color has-eccp-small-font-size\" style=\"letter-spacing:1px\">Tout comme pour les Biscuits BN, la riche et p\u00e9renne collaboration avec l\u2019Agence de publicit\u00e9 West Indies m\u2019a permis de concevoir et de cr\u00e9er de nombreuses campagnes de publicit\u00e9 pour les cr\u00e8mes Bridel, marque du Groupe Lactalis \u00e0 destination des Antilles, de la Guyane et de l\u2019Ile de la R\u00e9union.<br>Les\u00a0d\u00e9partements et r\u00e9gions d&rsquo;outre-mer sont des territoires vibrants, o\u00f9 la culture est riche et diversifi\u00e9e et j&rsquo;ai toujours eu \u00e0 c\u0153ur de proposer une direction artistique ancr\u00e9e dans la r\u00e9alit\u00e9 locale mais aussi dans son temps, avec des campagnes impactantes et m\u00e9morables !<\/p>\n<\/div><\/div>\n","protected":false},"excerpt":{"rendered":"<p>Direction artistique des campagnes d\u2019affichage et annonces presse pour Bridel AFFICHAGE &#8211; ANNONCE PRESSE Tout comme pour les Biscuits BN, la riche et p\u00e9renne collaboration avec l\u2019Agence de publicit\u00e9 West Indies m\u2019a permis de concevoir et de cr\u00e9er de nombreuses campagnes de publicit\u00e9 pour les cr\u00e8mes Bridel, marque du Groupe Lactalis \u00e0 destination des Antilles,&hellip;&nbsp;<a href=\"https:\/\/catherine-castry-belkadi.fr\/index.php\/les-cremes-bridel-groupe-lactalis\/\" rel=\"bookmark\">Lire la suite &raquo;<span class=\"screen-reader-text\">Les cr\u00e8mes Bridel &#8211; Groupe Lactalis<\/span><\/a><\/p>\n","protected":false},"author":1,"featured_media":0,"parent":0,"menu_order":0,"comment_status":"closed","ping_status":"closed","template":"","meta":{"neve_meta_sidebar":"","neve_meta_container":"","neve_meta_enable_content_width":"","neve_meta_content_width":0,"neve_meta_title_alignment":"","neve_meta_author_avatar":"","neve_post_elements_order":"","neve_meta_disable_header":"","neve_meta_disable_footer":"","neve_meta_disable_title":"","_themeisle_gutenberg_block_has_review":false,"footnotes":""},"class_list":["post-1140","page","type-page","status-publish","hentry"],"yoast_head":"<!-- This site is optimized with the Yoast SEO plugin v27.2 - https:\/\/yoast.com\/product\/yoast-seo-wordpress\/ -->\n<title>Les cr\u00e8mes Bridel - Groupe Lactalis -<\/title>\n<meta name=\"robots\" content=\"index, follow, max-snippet:-1, max-image-preview:large, max-video-preview:-1\" \/>\n<link rel=\"canonical\" href=\"https:\/\/catherine-castry-belkadi.fr\/index.php\/les-cremes-bridel-groupe-lactalis\/\" \/>\n<meta property=\"og:locale\" content=\"fr_FR\" \/>\n<meta property=\"og:type\" content=\"article\" \/>\n<meta property=\"og:title\" content=\"Les cr\u00e8mes Bridel - Groupe Lactalis -\" \/>\n<meta property=\"og:description\" content=\"Direction artistique des campagnes d\u2019affichage et annonces presse pour Bridel AFFICHAGE &#8211; ANNONCE PRESSE Tout comme pour les Biscuits BN, la riche et p\u00e9renne collaboration avec l\u2019Agence de publicit\u00e9 West Indies m\u2019a permis de concevoir et de cr\u00e9er de nombreuses campagnes de publicit\u00e9 pour les cr\u00e8mes Bridel, marque du Groupe Lactalis \u00e0 destination des Antilles,&hellip;&nbsp;Lire la suite &raquo;Les cr\u00e8mes Bridel &#8211; Groupe Lactalis\" \/>\n<meta property=\"og:url\" content=\"https:\/\/catherine-castry-belkadi.fr\/index.php\/les-cremes-bridel-groupe-lactalis\/\" \/>\n<meta property=\"article:modified_time\" content=\"2023-10-23T10:03:54+00:00\" \/>\n<meta property=\"og:image\" content=\"https:\/\/catherine-castry-belkadi.fr\/wp-content\/uploads\/2023\/10\/affichage-lactalis-bridel-dom-tom-creme-jour-catherine-castry-belkadi.jpg\" \/>\n<meta name=\"twitter:card\" content=\"summary_large_image\" \/>\n<meta name=\"twitter:label1\" content=\"Dur\u00e9e de lecture estim\u00e9e\" \/>\n\t<meta name=\"twitter:data1\" content=\"2 minutes\" \/>\n<script type=\"application\/ld+json\" class=\"yoast-schema-graph\">{\"@context\":\"https:\/\/schema.org\",\"@graph\":[{\"@type\":\"WebPage\",\"@id\":\"https:\/\/catherine-castry-belkadi.fr\/index.php\/les-cremes-bridel-groupe-lactalis\/\",\"url\":\"https:\/\/catherine-castry-belkadi.fr\/index.php\/les-cremes-bridel-groupe-lactalis\/\",\"name\":\"Les cr\u00e8mes Bridel - Groupe Lactalis -\",\"isPartOf\":{\"@id\":\"https:\/\/catherine-castry-belkadi.fr\/#website\"},\"primaryImageOfPage\":{\"@id\":\"https:\/\/catherine-castry-belkadi.fr\/index.php\/les-cremes-bridel-groupe-lactalis\/#primaryimage\"},\"image\":{\"@id\":\"https:\/\/catherine-castry-belkadi.fr\/index.php\/les-cremes-bridel-groupe-lactalis\/#primaryimage\"},\"thumbnailUrl\":\"https:\/\/catherine-castry-belkadi.fr\/wp-content\/uploads\/2023\/10\/affichage-lactalis-bridel-dom-tom-creme-jour-catherine-castry-belkadi.jpg\",\"datePublished\":\"2023-10-17T13:43:34+00:00\",\"dateModified\":\"2023-10-23T10:03:54+00:00\",\"breadcrumb\":{\"@id\":\"https:\/\/catherine-castry-belkadi.fr\/index.php\/les-cremes-bridel-groupe-lactalis\/#breadcrumb\"},\"inLanguage\":\"fr-FR\",\"potentialAction\":[{\"@type\":\"ReadAction\",\"target\":[\"https:\/\/catherine-castry-belkadi.fr\/index.php\/les-cremes-bridel-groupe-lactalis\/\"]}]},{\"@type\":\"ImageObject\",\"inLanguage\":\"fr-FR\",\"@id\":\"https:\/\/catherine-castry-belkadi.fr\/index.php\/les-cremes-bridel-groupe-lactalis\/#primaryimage\",\"url\":\"https:\/\/catherine-castry-belkadi.fr\/wp-content\/uploads\/2023\/10\/affichage-lactalis-bridel-dom-tom-creme-jour-catherine-castry-belkadi.jpg\",\"contentUrl\":\"https:\/\/catherine-castry-belkadi.fr\/wp-content\/uploads\/2023\/10\/affichage-lactalis-bridel-dom-tom-creme-jour-catherine-castry-belkadi.jpg\",\"width\":800,\"height\":800,\"caption\":\"affichage-lactalis-bridel-dom-tom-creme-jour-catherine-castry-belkadi\"},{\"@type\":\"BreadcrumbList\",\"@id\":\"https:\/\/catherine-castry-belkadi.fr\/index.php\/les-cremes-bridel-groupe-lactalis\/#breadcrumb\",\"itemListElement\":[{\"@type\":\"ListItem\",\"position\":1,\"name\":\"Accueil\",\"item\":\"https:\/\/catherine-castry-belkadi.fr\/\"},{\"@type\":\"ListItem\",\"position\":2,\"name\":\"Les cr\u00e8mes Bridel &#8211; Groupe Lactalis\"}]},{\"@type\":\"WebSite\",\"@id\":\"https:\/\/catherine-castry-belkadi.fr\/#website\",\"url\":\"https:\/\/catherine-castry-belkadi.fr\/\",\"name\":\"Catherine Castry Belkadi\",\"description\":\"\",\"publisher\":{\"@id\":\"https:\/\/catherine-castry-belkadi.fr\/#\/schema\/person\/5dd5293af75046eeb3ac1b00b7f10457\"},\"potentialAction\":[{\"@type\":\"SearchAction\",\"target\":{\"@type\":\"EntryPoint\",\"urlTemplate\":\"https:\/\/catherine-castry-belkadi.fr\/?s={search_term_string}\"},\"query-input\":{\"@type\":\"PropertyValueSpecification\",\"valueRequired\":true,\"valueName\":\"search_term_string\"}}],\"inLanguage\":\"fr-FR\"},{\"@type\":[\"Person\",\"Organization\"],\"@id\":\"https:\/\/catherine-castry-belkadi.fr\/#\/schema\/person\/5dd5293af75046eeb3ac1b00b7f10457\",\"name\":\"Catherine\",\"image\":{\"@type\":\"ImageObject\",\"inLanguage\":\"fr-FR\",\"@id\":\"https:\/\/catherine-castry-belkadi.fr\/wp-content\/uploads\/2020\/12\/web-agency-logo-3.png\",\"url\":\"https:\/\/catherine-castry-belkadi.fr\/wp-content\/uploads\/2020\/12\/web-agency-logo-3.png\",\"contentUrl\":\"https:\/\/catherine-castry-belkadi.fr\/wp-content\/uploads\/2020\/12\/web-agency-logo-3.png\",\"width\":200,\"height\":200,\"caption\":\"Catherine\"},\"logo\":{\"@id\":\"https:\/\/catherine-castry-belkadi.fr\/wp-content\/uploads\/2020\/12\/web-agency-logo-3.png\"},\"sameAs\":[\"https:\/\/catherine-castry-belkadi.fr\",\"https:\/\/www.linkedin.com\/in\/catherine-castry-belkadi\"]}]}<\/script>\n<!-- \/ Yoast SEO plugin. -->","yoast_head_json":{"title":"Les cr\u00e8mes Bridel - Groupe Lactalis -","robots":{"index":"index","follow":"follow","max-snippet":"max-snippet:-1","max-image-preview":"max-image-preview:large","max-video-preview":"max-video-preview:-1"},"canonical":"https:\/\/catherine-castry-belkadi.fr\/index.php\/les-cremes-bridel-groupe-lactalis\/","og_locale":"fr_FR","og_type":"article","og_title":"Les cr\u00e8mes Bridel - Groupe Lactalis -","og_description":"Direction artistique des campagnes d\u2019affichage et annonces presse pour Bridel AFFICHAGE &#8211; ANNONCE PRESSE Tout comme pour les Biscuits BN, la riche et p\u00e9renne collaboration avec l\u2019Agence de publicit\u00e9 West Indies m\u2019a permis de concevoir et de cr\u00e9er de nombreuses campagnes de publicit\u00e9 pour les cr\u00e8mes Bridel, marque du Groupe Lactalis \u00e0 destination des Antilles,&hellip;&nbsp;Lire la suite &raquo;Les cr\u00e8mes Bridel &#8211; Groupe Lactalis","og_url":"https:\/\/catherine-castry-belkadi.fr\/index.php\/les-cremes-bridel-groupe-lactalis\/","article_modified_time":"2023-10-23T10:03:54+00:00","og_image":[{"url":"https:\/\/catherine-castry-belkadi.fr\/wp-content\/uploads\/2023\/10\/affichage-lactalis-bridel-dom-tom-creme-jour-catherine-castry-belkadi.jpg","type":"","width":"","height":""}],"twitter_card":"summary_large_image","twitter_misc":{"Dur\u00e9e de lecture estim\u00e9e":"2 minutes"},"schema":{"@context":"https:\/\/schema.org","@graph":[{"@type":"WebPage","@id":"https:\/\/catherine-castry-belkadi.fr\/index.php\/les-cremes-bridel-groupe-lactalis\/","url":"https:\/\/catherine-castry-belkadi.fr\/index.php\/les-cremes-bridel-groupe-lactalis\/","name":"Les cr\u00e8mes Bridel - Groupe Lactalis -","isPartOf":{"@id":"https:\/\/catherine-castry-belkadi.fr\/#website"},"primaryImageOfPage":{"@id":"https:\/\/catherine-castry-belkadi.fr\/index.php\/les-cremes-bridel-groupe-lactalis\/#primaryimage"},"image":{"@id":"https:\/\/catherine-castry-belkadi.fr\/index.php\/les-cremes-bridel-groupe-lactalis\/#primaryimage"},"thumbnailUrl":"https:\/\/catherine-castry-belkadi.fr\/wp-content\/uploads\/2023\/10\/affichage-lactalis-bridel-dom-tom-creme-jour-catherine-castry-belkadi.jpg","datePublished":"2023-10-17T13:43:34+00:00","dateModified":"2023-10-23T10:03:54+00:00","breadcrumb":{"@id":"https:\/\/catherine-castry-belkadi.fr\/index.php\/les-cremes-bridel-groupe-lactalis\/#breadcrumb"},"inLanguage":"fr-FR","potentialAction":[{"@type":"ReadAction","target":["https:\/\/catherine-castry-belkadi.fr\/index.php\/les-cremes-bridel-groupe-lactalis\/"]}]},{"@type":"ImageObject","inLanguage":"fr-FR","@id":"https:\/\/catherine-castry-belkadi.fr\/index.php\/les-cremes-bridel-groupe-lactalis\/#primaryimage","url":"https:\/\/catherine-castry-belkadi.fr\/wp-content\/uploads\/2023\/10\/affichage-lactalis-bridel-dom-tom-creme-jour-catherine-castry-belkadi.jpg","contentUrl":"https:\/\/catherine-castry-belkadi.fr\/wp-content\/uploads\/2023\/10\/affichage-lactalis-bridel-dom-tom-creme-jour-catherine-castry-belkadi.jpg","width":800,"height":800,"caption":"affichage-lactalis-bridel-dom-tom-creme-jour-catherine-castry-belkadi"},{"@type":"BreadcrumbList","@id":"https:\/\/catherine-castry-belkadi.fr\/index.php\/les-cremes-bridel-groupe-lactalis\/#breadcrumb","itemListElement":[{"@type":"ListItem","position":1,"name":"Accueil","item":"https:\/\/catherine-castry-belkadi.fr\/"},{"@type":"ListItem","position":2,"name":"Les cr\u00e8mes Bridel &#8211; Groupe Lactalis"}]},{"@type":"WebSite","@id":"https:\/\/catherine-castry-belkadi.fr\/#website","url":"https:\/\/catherine-castry-belkadi.fr\/","name":"Catherine Castry Belkadi","description":"","publisher":{"@id":"https:\/\/catherine-castry-belkadi.fr\/#\/schema\/person\/5dd5293af75046eeb3ac1b00b7f10457"},"potentialAction":[{"@type":"SearchAction","target":{"@type":"EntryPoint","urlTemplate":"https:\/\/catherine-castry-belkadi.fr\/?s={search_term_string}"},"query-input":{"@type":"PropertyValueSpecification","valueRequired":true,"valueName":"search_term_string"}}],"inLanguage":"fr-FR"},{"@type":["Person","Organization"],"@id":"https:\/\/catherine-castry-belkadi.fr\/#\/schema\/person\/5dd5293af75046eeb3ac1b00b7f10457","name":"Catherine","image":{"@type":"ImageObject","inLanguage":"fr-FR","@id":"https:\/\/catherine-castry-belkadi.fr\/wp-content\/uploads\/2020\/12\/web-agency-logo-3.png","url":"https:\/\/catherine-castry-belkadi.fr\/wp-content\/uploads\/2020\/12\/web-agency-logo-3.png","contentUrl":"https:\/\/catherine-castry-belkadi.fr\/wp-content\/uploads\/2020\/12\/web-agency-logo-3.png","width":200,"height":200,"caption":"Catherine"},"logo":{"@id":"https:\/\/catherine-castry-belkadi.fr\/wp-content\/uploads\/2020\/12\/web-agency-logo-3.png"},"sameAs":["https:\/\/catherine-castry-belkadi.fr","https:\/\/www.linkedin.com\/in\/catherine-castry-belkadi"]}]}},"_links":{"self":[{"href":"https:\/\/catherine-castry-belkadi.fr\/index.php\/wp-json\/wp\/v2\/pages\/1140","targetHints":{"allow":["GET"]}}],"collection":[{"href":"https:\/\/catherine-castry-belkadi.fr\/index.php\/wp-json\/wp\/v2\/pages"}],"about":[{"href":"https:\/\/catherine-castry-belkadi.fr\/index.php\/wp-json\/wp\/v2\/types\/page"}],"author":[{"embeddable":true,"href":"https:\/\/catherine-castry-belkadi.fr\/index.php\/wp-json\/wp\/v2\/users\/1"}],"replies":[{"embeddable":true,"href":"https:\/\/catherine-castry-belkadi.fr\/index.php\/wp-json\/wp\/v2\/comments?post=1140"}],"version-history":[{"count":9,"href":"https:\/\/catherine-castry-belkadi.fr\/index.php\/wp-json\/wp\/v2\/pages\/1140\/revisions"}],"predecessor-version":[{"id":1399,"href":"https:\/\/catherine-castry-belkadi.fr\/index.php\/wp-json\/wp\/v2\/pages\/1140\/revisions\/1399"}],"wp:attachment":[{"href":"https:\/\/catherine-castry-belkadi.fr\/index.php\/wp-json\/wp\/v2\/media?parent=1140"}],"curies":[{"name":"wp","href":"https:\/\/api.w.org\/{rel}","templated":true}]}}