{"id":1436,"date":"2023-10-30T17:12:06","date_gmt":"2023-10-30T16:12:06","guid":{"rendered":"https:\/\/catherine-castry-belkadi.fr\/?page_id=1436"},"modified":"2023-11-13T15:24:00","modified_gmt":"2023-11-13T14:24:00","slug":"pixcl-by-pixcl-com","status":"publish","type":"page","link":"https:\/\/catherine-castry-belkadi.fr\/index.php\/pixcl-by-pixcl-com\/","title":{"rendered":"by-pixcl.com \/ Soci\u00e9t\u00e9 pixc&rsquo;l"},"content":{"rendered":"\n<div class=\"wp-block-group\"><div class=\"wp-block-group__inner-container is-layout-constrained wp-block-group-is-layout-constrained\">\n<p class=\"has-text-align-left has-couleur-du-texte-color has-text-color has-eccp-large-font-size\" style=\"letter-spacing:0.5px\">Direction artistique et graphisme pour by-pixcl.com<\/p>\n\n\n\n<p class=\"has-text-align-left has-couleur-primaire-color has-text-color has-eccp-small-font-size\" style=\"letter-spacing:0.2px;line-height:1.5\">CHARTE GRAPHIQUE &#8211; IDENTIT\u00c9 VISUELLE &#8211; NEWSLETTER<br>PACKAGING &#8211; PLAQUETTE &#8211; FLYER &#8211; COMMUNITY MANAGEMENT<\/p>\n\n\n\n<hr class=\"wp-block-separator has-text-color has-blanc-casse-fonce-color has-alpha-channel-opacity has-blanc-casse-fonce-background-color has-background\"\/>\n\n\n\n<p class=\"has-couleur-du-texte-color has-text-color has-eccp-small-font-size\" style=\"letter-spacing:1px\">by-pixcl.com est un site e-commerce sp\u00e9cialis\u00e9 dans la distribution des auto-agrippants de marque <strong>Velcro\u00ae<\/strong>, adh\u00e9sifs simple face et double face, colles, magn\u00e9tiques, sangles et accessoires.<br>Distributeur agr\u00e9\u00e9 des marques Velcro<strong>\u00ae<\/strong>, 3M, Tesa.<br>Une enrichissante et productive collaboration de 4 ann\u00e9es avec l\u2019\u00e9quipe by-pixcl m\u2019a permis de concevoir et r\u00e9aliser de nombreux supports de communication print et web.<\/p>\n<\/div><\/div>\n\n\n\n<figure class=\"wp-block-gallery has-nested-images columns-default is-cropped wp-block-gallery-1 is-layout-flex wp-block-gallery-is-layout-flex\">\n<figure class=\"wp-block-image size-large\"><img loading=\"lazy\" decoding=\"async\" width=\"800\" height=\"800\" data-id=\"1424\" src=\"https:\/\/catherine-castry-belkadi.fr\/wp-content\/uploads\/2023\/10\/colles-cyanoa-by-pixcl-plaquette-catherine-castry-belkadi.jpg\" alt=\"colles-cyanoa-by-pixcl-plaquette-catherine-castry-belkadi\" class=\"wp-image-1424\" srcset=\"https:\/\/catherine-castry-belkadi.fr\/wp-content\/uploads\/2023\/10\/colles-cyanoa-by-pixcl-plaquette-catherine-castry-belkadi.jpg 800w, https:\/\/catherine-castry-belkadi.fr\/wp-content\/uploads\/2023\/10\/colles-cyanoa-by-pixcl-plaquette-catherine-castry-belkadi-300x300.jpg 300w, https:\/\/catherine-castry-belkadi.fr\/wp-content\/uploads\/2023\/10\/colles-cyanoa-by-pixcl-plaquette-catherine-castry-belkadi-150x150.jpg 150w, https:\/\/catherine-castry-belkadi.fr\/wp-content\/uploads\/2023\/10\/colles-cyanoa-by-pixcl-plaquette-catherine-castry-belkadi-768x768.jpg 768w\" sizes=\"auto, (max-width: 800px) 100vw, 800px\" \/><\/figure>\n\n\n\n<figure class=\"wp-block-image size-large\"><img loading=\"lazy\" decoding=\"async\" width=\"800\" height=\"801\" data-id=\"1423\" src=\"https:\/\/catherine-castry-belkadi.fr\/wp-content\/uploads\/2023\/10\/colles-cyanoa-by-pixcl-acreation-packaging-catherine-castry-belkadi.jpg\" alt=\"colles-cyanoa-by-pixcl-creation-packaging-catherine-castry-belkadi\" class=\"wp-image-1423\" srcset=\"https:\/\/catherine-castry-belkadi.fr\/wp-content\/uploads\/2023\/10\/colles-cyanoa-by-pixcl-acreation-packaging-catherine-castry-belkadi.jpg 800w, https:\/\/catherine-castry-belkadi.fr\/wp-content\/uploads\/2023\/10\/colles-cyanoa-by-pixcl-acreation-packaging-catherine-castry-belkadi-300x300.jpg 300w, https:\/\/catherine-castry-belkadi.fr\/wp-content\/uploads\/2023\/10\/colles-cyanoa-by-pixcl-acreation-packaging-catherine-castry-belkadi-150x150.jpg 150w, https:\/\/catherine-castry-belkadi.fr\/wp-content\/uploads\/2023\/10\/colles-cyanoa-by-pixcl-acreation-packaging-catherine-castry-belkadi-768x769.jpg 768w\" sizes=\"auto, (max-width: 800px) 100vw, 800px\" \/><\/figure>\n\n\n\n<figure class=\"wp-block-image size-medium\"><img loading=\"lazy\" decoding=\"async\" width=\"300\" height=\"300\" data-id=\"1425\" src=\"https:\/\/catherine-castry-belkadi.fr\/wp-content\/uploads\/2023\/10\/packaging-gamme-colle-cyanoacrylate-by-pixcl-com-300x300.jpg\" alt=\"packaging-gamme-colle-cyanoacrylate-by-pixcl-com\" class=\"wp-image-1425\" srcset=\"https:\/\/catherine-castry-belkadi.fr\/wp-content\/uploads\/2023\/10\/packaging-gamme-colle-cyanoacrylate-by-pixcl-com-300x300.jpg 300w, https:\/\/catherine-castry-belkadi.fr\/wp-content\/uploads\/2023\/10\/packaging-gamme-colle-cyanoacrylate-by-pixcl-com-150x150.jpg 150w, https:\/\/catherine-castry-belkadi.fr\/wp-content\/uploads\/2023\/10\/packaging-gamme-colle-cyanoacrylate-by-pixcl-com.jpg 600w\" sizes=\"auto, (max-width: 300px) 100vw, 300px\" \/><\/figure>\n\n\n\n<figure class=\"wp-block-image size-full\"><img loading=\"lazy\" decoding=\"async\" width=\"800\" height=\"800\" data-id=\"1421\" src=\"https:\/\/catherine-castry-belkadi.fr\/wp-content\/uploads\/2023\/10\/catherine-castry-belkadi-graphisme-gamme-velcro-teasing2.jpg\" alt=\"catherine-castry-belkadi-graphisme-gamme-velcro-teasing\" class=\"wp-image-1421\" srcset=\"https:\/\/catherine-castry-belkadi.fr\/wp-content\/uploads\/2023\/10\/catherine-castry-belkadi-graphisme-gamme-velcro-teasing2.jpg 800w, https:\/\/catherine-castry-belkadi.fr\/wp-content\/uploads\/2023\/10\/catherine-castry-belkadi-graphisme-gamme-velcro-teasing2-300x300.jpg 300w, https:\/\/catherine-castry-belkadi.fr\/wp-content\/uploads\/2023\/10\/catherine-castry-belkadi-graphisme-gamme-velcro-teasing2-150x150.jpg 150w, https:\/\/catherine-castry-belkadi.fr\/wp-content\/uploads\/2023\/10\/catherine-castry-belkadi-graphisme-gamme-velcro-teasing2-768x768.jpg 768w\" sizes=\"auto, (max-width: 800px) 100vw, 800px\" \/><figcaption class=\"wp-element-caption\">mockups-design.com<\/figcaption><\/figure>\n\n\n\n<figure class=\"wp-block-image size-full\"><img loading=\"lazy\" decoding=\"async\" width=\"800\" height=\"800\" data-id=\"1420\" src=\"https:\/\/catherine-castry-belkadi.fr\/wp-content\/uploads\/2023\/10\/catherine-castry-belkadi-graphisme-gamme-velcro-teasing3.jpg\" alt=\"catherine-castry-belkadi-graphisme-gamme-velcro-teasing\" class=\"wp-image-1420\" srcset=\"https:\/\/catherine-castry-belkadi.fr\/wp-content\/uploads\/2023\/10\/catherine-castry-belkadi-graphisme-gamme-velcro-teasing3.jpg 800w, https:\/\/catherine-castry-belkadi.fr\/wp-content\/uploads\/2023\/10\/catherine-castry-belkadi-graphisme-gamme-velcro-teasing3-300x300.jpg 300w, https:\/\/catherine-castry-belkadi.fr\/wp-content\/uploads\/2023\/10\/catherine-castry-belkadi-graphisme-gamme-velcro-teasing3-150x150.jpg 150w, https:\/\/catherine-castry-belkadi.fr\/wp-content\/uploads\/2023\/10\/catherine-castry-belkadi-graphisme-gamme-velcro-teasing3-768x768.jpg 768w\" sizes=\"auto, (max-width: 800px) 100vw, 800px\" \/><\/figure>\n\n\n\n<figure class=\"wp-block-image size-full\"><img loading=\"lazy\" decoding=\"async\" width=\"800\" height=\"800\" data-id=\"1422\" src=\"https:\/\/catherine-castry-belkadi.fr\/wp-content\/uploads\/2023\/10\/catherine-castry-belkadi-graphisme-velcro-teasing.jpg\" alt=\"catherine-castry-belkadi-graphisme-gamme-velcro-teasing\" class=\"wp-image-1422\" srcset=\"https:\/\/catherine-castry-belkadi.fr\/wp-content\/uploads\/2023\/10\/catherine-castry-belkadi-graphisme-velcro-teasing.jpg 800w, https:\/\/catherine-castry-belkadi.fr\/wp-content\/uploads\/2023\/10\/catherine-castry-belkadi-graphisme-velcro-teasing-300x300.jpg 300w, https:\/\/catherine-castry-belkadi.fr\/wp-content\/uploads\/2023\/10\/catherine-castry-belkadi-graphisme-velcro-teasing-150x150.jpg 150w, https:\/\/catherine-castry-belkadi.fr\/wp-content\/uploads\/2023\/10\/catherine-castry-belkadi-graphisme-velcro-teasing-768x768.jpg 768w\" sizes=\"auto, (max-width: 800px) 100vw, 800px\" \/><\/figure>\n\n\n\n<figure class=\"wp-block-image size-full\"><img loading=\"lazy\" decoding=\"async\" width=\"952\" height=\"953\" data-id=\"1426\" src=\"https:\/\/catherine-castry-belkadi.fr\/wp-content\/uploads\/2023\/10\/colles-stratogrip-by-pixcl-couverture-catherine-castry-belkadi-copie.jpg\" alt=\"colles-stratogrip-by-pixcl-couverture-catherine-castry-belkadi\" class=\"wp-image-1426\" srcset=\"https:\/\/catherine-castry-belkadi.fr\/wp-content\/uploads\/2023\/10\/colles-stratogrip-by-pixcl-couverture-catherine-castry-belkadi-copie.jpg 952w, https:\/\/catherine-castry-belkadi.fr\/wp-content\/uploads\/2023\/10\/colles-stratogrip-by-pixcl-couverture-catherine-castry-belkadi-copie-300x300.jpg 300w, https:\/\/catherine-castry-belkadi.fr\/wp-content\/uploads\/2023\/10\/colles-stratogrip-by-pixcl-couverture-catherine-castry-belkadi-copie-150x150.jpg 150w, https:\/\/catherine-castry-belkadi.fr\/wp-content\/uploads\/2023\/10\/colles-stratogrip-by-pixcl-couverture-catherine-castry-belkadi-copie-768x769.jpg 768w\" sizes=\"auto, (max-width: 952px) 100vw, 952px\" \/><\/figure>\n\n\n\n<figure class=\"wp-block-image size-full\"><img loading=\"lazy\" decoding=\"async\" width=\"800\" height=\"800\" data-id=\"1427\" src=\"https:\/\/catherine-castry-belkadi.fr\/wp-content\/uploads\/2023\/10\/colles-stratogrip-by-pixcl-croquis-plaquette-catherine-castry-belkadi.jpg\" alt=\"colles-stratogrip-by-pixcl-couverture-catherine-castry-belkadi\" class=\"wp-image-1427\" srcset=\"https:\/\/catherine-castry-belkadi.fr\/wp-content\/uploads\/2023\/10\/colles-stratogrip-by-pixcl-croquis-plaquette-catherine-castry-belkadi.jpg 800w, https:\/\/catherine-castry-belkadi.fr\/wp-content\/uploads\/2023\/10\/colles-stratogrip-by-pixcl-croquis-plaquette-catherine-castry-belkadi-300x300.jpg 300w, https:\/\/catherine-castry-belkadi.fr\/wp-content\/uploads\/2023\/10\/colles-stratogrip-by-pixcl-croquis-plaquette-catherine-castry-belkadi-150x150.jpg 150w, https:\/\/catherine-castry-belkadi.fr\/wp-content\/uploads\/2023\/10\/colles-stratogrip-by-pixcl-croquis-plaquette-catherine-castry-belkadi-768x768.jpg 768w\" sizes=\"auto, (max-width: 800px) 100vw, 800px\" \/><\/figure>\n\n\n\n<figure class=\"wp-block-image size-full\"><img loading=\"lazy\" decoding=\"async\" width=\"2281\" height=\"2281\" data-id=\"1428\" src=\"https:\/\/catherine-castry-belkadi.fr\/wp-content\/uploads\/2023\/10\/colles-stratogrip-by-pixcl-plaquette-graphisme-catherine-castry-belkadi.jpg\" alt=\"colles-stratogrip-by-pixcl-couverture-catherine-castry-belkadi\" class=\"wp-image-1428\" srcset=\"https:\/\/catherine-castry-belkadi.fr\/wp-content\/uploads\/2023\/10\/colles-stratogrip-by-pixcl-plaquette-graphisme-catherine-castry-belkadi.jpg 2281w, https:\/\/catherine-castry-belkadi.fr\/wp-content\/uploads\/2023\/10\/colles-stratogrip-by-pixcl-plaquette-graphisme-catherine-castry-belkadi-300x300.jpg 300w, https:\/\/catherine-castry-belkadi.fr\/wp-content\/uploads\/2023\/10\/colles-stratogrip-by-pixcl-plaquette-graphisme-catherine-castry-belkadi-1024x1024.jpg 1024w, https:\/\/catherine-castry-belkadi.fr\/wp-content\/uploads\/2023\/10\/colles-stratogrip-by-pixcl-plaquette-graphisme-catherine-castry-belkadi-150x150.jpg 150w, https:\/\/catherine-castry-belkadi.fr\/wp-content\/uploads\/2023\/10\/colles-stratogrip-by-pixcl-plaquette-graphisme-catherine-castry-belkadi-768x768.jpg 768w, https:\/\/catherine-castry-belkadi.fr\/wp-content\/uploads\/2023\/10\/colles-stratogrip-by-pixcl-plaquette-graphisme-catherine-castry-belkadi-1536x1536.jpg 1536w, https:\/\/catherine-castry-belkadi.fr\/wp-content\/uploads\/2023\/10\/colles-stratogrip-by-pixcl-plaquette-graphisme-catherine-castry-belkadi-2048x2048.jpg 2048w\" sizes=\"auto, (max-width: 2281px) 100vw, 2281px\" \/><\/figure>\n\n\n\n<figure class=\"wp-block-image size-full\"><img loading=\"lazy\" decoding=\"async\" width=\"800\" height=\"800\" data-id=\"1419\" src=\"https:\/\/catherine-castry-belkadi.fr\/wp-content\/uploads\/2023\/10\/catherine-castry-belkadi-graphisme-gamme-jardin-velcro.jpg\" alt=\"catherine-castry-belkadi-graphisme-gamme-jardin-velcro\" class=\"wp-image-1419\" srcset=\"https:\/\/catherine-castry-belkadi.fr\/wp-content\/uploads\/2023\/10\/catherine-castry-belkadi-graphisme-gamme-jardin-velcro.jpg 800w, https:\/\/catherine-castry-belkadi.fr\/wp-content\/uploads\/2023\/10\/catherine-castry-belkadi-graphisme-gamme-jardin-velcro-300x300.jpg 300w, https:\/\/catherine-castry-belkadi.fr\/wp-content\/uploads\/2023\/10\/catherine-castry-belkadi-graphisme-gamme-jardin-velcro-150x150.jpg 150w, https:\/\/catherine-castry-belkadi.fr\/wp-content\/uploads\/2023\/10\/catherine-castry-belkadi-graphisme-gamme-jardin-velcro-768x768.jpg 768w\" sizes=\"auto, (max-width: 800px) 100vw, 800px\" \/><\/figure>\n\n\n\n<figure class=\"wp-block-image size-full\"><img loading=\"lazy\" decoding=\"async\" width=\"800\" height=\"800\" data-id=\"1429\" src=\"https:\/\/catherine-castry-belkadi.fr\/wp-content\/uploads\/2023\/10\/charte-graphique-graphisme-by-pixcl-catherine-castry-belkadi.jpg\" alt=\"charte-graphique-graphisme-by-pixcl-catherine-castry-belkadi\" class=\"wp-image-1429\" srcset=\"https:\/\/catherine-castry-belkadi.fr\/wp-content\/uploads\/2023\/10\/charte-graphique-graphisme-by-pixcl-catherine-castry-belkadi.jpg 800w, https:\/\/catherine-castry-belkadi.fr\/wp-content\/uploads\/2023\/10\/charte-graphique-graphisme-by-pixcl-catherine-castry-belkadi-300x300.jpg 300w, https:\/\/catherine-castry-belkadi.fr\/wp-content\/uploads\/2023\/10\/charte-graphique-graphisme-by-pixcl-catherine-castry-belkadi-150x150.jpg 150w, https:\/\/catherine-castry-belkadi.fr\/wp-content\/uploads\/2023\/10\/charte-graphique-graphisme-by-pixcl-catherine-castry-belkadi-768x768.jpg 768w\" sizes=\"auto, (max-width: 800px) 100vw, 800px\" \/><\/figure>\n<\/figure>\n","protected":false},"excerpt":{"rendered":"<p>Direction artistique et graphisme pour by-pixcl.com CHARTE GRAPHIQUE &#8211; IDENTIT\u00c9 VISUELLE &#8211; NEWSLETTERPACKAGING &#8211; PLAQUETTE &#8211; FLYER &#8211; COMMUNITY MANAGEMENT by-pixcl.com est un site e-commerce sp\u00e9cialis\u00e9 dans la distribution des auto-agrippants de marque Velcro\u00ae, adh\u00e9sifs simple face et double face, colles, magn\u00e9tiques, sangles et accessoires.Distributeur agr\u00e9\u00e9 des marques Velcro\u00ae, 3M, Tesa.Une enrichissante et productive collaboration&hellip;&nbsp;<a href=\"https:\/\/catherine-castry-belkadi.fr\/index.php\/pixcl-by-pixcl-com\/\" rel=\"bookmark\">Lire la suite &raquo;<span class=\"screen-reader-text\">by-pixcl.com \/ Soci\u00e9t\u00e9 pixc&rsquo;l<\/span><\/a><\/p>\n","protected":false},"author":1,"featured_media":0,"parent":0,"menu_order":0,"comment_status":"closed","ping_status":"closed","template":"","meta":{"neve_meta_sidebar":"","neve_meta_container":"","neve_meta_enable_content_width":"","neve_meta_content_width":0,"neve_meta_title_alignment":"","neve_meta_author_avatar":"","neve_post_elements_order":"","neve_meta_disable_header":"","neve_meta_disable_footer":"","neve_meta_disable_title":"","_themeisle_gutenberg_block_has_review":false,"footnotes":""},"class_list":["post-1436","page","type-page","status-publish","hentry"],"yoast_head":"<!-- This site is optimized with the Yoast SEO plugin v27.2 - https:\/\/yoast.com\/product\/yoast-seo-wordpress\/ -->\n<title>by-pixcl.com \/ Soci\u00e9t\u00e9 pixc&#039;l -<\/title>\n<meta name=\"robots\" content=\"index, follow, max-snippet:-1, max-image-preview:large, max-video-preview:-1\" \/>\n<link rel=\"canonical\" href=\"https:\/\/catherine-castry-belkadi.fr\/index.php\/pixcl-by-pixcl-com\/\" \/>\n<meta property=\"og:locale\" content=\"fr_FR\" \/>\n<meta property=\"og:type\" content=\"article\" \/>\n<meta property=\"og:title\" content=\"by-pixcl.com \/ Soci\u00e9t\u00e9 pixc&#039;l -\" \/>\n<meta property=\"og:description\" content=\"Direction artistique et graphisme pour by-pixcl.com CHARTE GRAPHIQUE &#8211; IDENTIT\u00c9 VISUELLE &#8211; NEWSLETTERPACKAGING &#8211; PLAQUETTE &#8211; FLYER &#8211; COMMUNITY MANAGEMENT by-pixcl.com est un site e-commerce sp\u00e9cialis\u00e9 dans la distribution des auto-agrippants de marque Velcro\u00ae, adh\u00e9sifs simple face et double face, colles, magn\u00e9tiques, sangles et accessoires.Distributeur agr\u00e9\u00e9 des marques Velcro\u00ae, 3M, Tesa.Une enrichissante et productive collaboration&hellip;&nbsp;Lire la suite &raquo;by-pixcl.com \/ Soci\u00e9t\u00e9 pixc&rsquo;l\" \/>\n<meta property=\"og:url\" content=\"https:\/\/catherine-castry-belkadi.fr\/index.php\/pixcl-by-pixcl-com\/\" \/>\n<meta property=\"article:modified_time\" content=\"2023-11-13T14:24:00+00:00\" \/>\n<meta property=\"og:image\" content=\"https:\/\/catherine-castry-belkadi.fr\/wp-content\/uploads\/2023\/10\/colles-cyanoa-by-pixcl-plaquette-catherine-castry-belkadi.jpg\" \/>\n<meta name=\"twitter:card\" content=\"summary_large_image\" \/>\n<meta name=\"twitter:label1\" content=\"Dur\u00e9e de lecture estim\u00e9e\" \/>\n\t<meta name=\"twitter:data1\" content=\"3 minutes\" \/>\n<script type=\"application\/ld+json\" class=\"yoast-schema-graph\">{\"@context\":\"https:\/\/schema.org\",\"@graph\":[{\"@type\":\"WebPage\",\"@id\":\"https:\/\/catherine-castry-belkadi.fr\/index.php\/pixcl-by-pixcl-com\/\",\"url\":\"https:\/\/catherine-castry-belkadi.fr\/index.php\/pixcl-by-pixcl-com\/\",\"name\":\"by-pixcl.com \/ Soci\u00e9t\u00e9 pixc'l -\",\"isPartOf\":{\"@id\":\"https:\/\/catherine-castry-belkadi.fr\/#website\"},\"primaryImageOfPage\":{\"@id\":\"https:\/\/catherine-castry-belkadi.fr\/index.php\/pixcl-by-pixcl-com\/#primaryimage\"},\"image\":{\"@id\":\"https:\/\/catherine-castry-belkadi.fr\/index.php\/pixcl-by-pixcl-com\/#primaryimage\"},\"thumbnailUrl\":\"https:\/\/catherine-castry-belkadi.fr\/wp-content\/uploads\/2023\/10\/colles-cyanoa-by-pixcl-plaquette-catherine-castry-belkadi.jpg\",\"datePublished\":\"2023-10-30T16:12:06+00:00\",\"dateModified\":\"2023-11-13T14:24:00+00:00\",\"breadcrumb\":{\"@id\":\"https:\/\/catherine-castry-belkadi.fr\/index.php\/pixcl-by-pixcl-com\/#breadcrumb\"},\"inLanguage\":\"fr-FR\",\"potentialAction\":[{\"@type\":\"ReadAction\",\"target\":[\"https:\/\/catherine-castry-belkadi.fr\/index.php\/pixcl-by-pixcl-com\/\"]}]},{\"@type\":\"ImageObject\",\"inLanguage\":\"fr-FR\",\"@id\":\"https:\/\/catherine-castry-belkadi.fr\/index.php\/pixcl-by-pixcl-com\/#primaryimage\",\"url\":\"https:\/\/catherine-castry-belkadi.fr\/wp-content\/uploads\/2023\/10\/colles-cyanoa-by-pixcl-plaquette-catherine-castry-belkadi.jpg\",\"contentUrl\":\"https:\/\/catherine-castry-belkadi.fr\/wp-content\/uploads\/2023\/10\/colles-cyanoa-by-pixcl-plaquette-catherine-castry-belkadi.jpg\",\"width\":800,\"height\":800,\"caption\":\"colles-cyanoa-by-pixcl-plaquette-catherine-castry-belkadi\"},{\"@type\":\"BreadcrumbList\",\"@id\":\"https:\/\/catherine-castry-belkadi.fr\/index.php\/pixcl-by-pixcl-com\/#breadcrumb\",\"itemListElement\":[{\"@type\":\"ListItem\",\"position\":1,\"name\":\"Accueil\",\"item\":\"https:\/\/catherine-castry-belkadi.fr\/\"},{\"@type\":\"ListItem\",\"position\":2,\"name\":\"by-pixcl.com \/ Soci\u00e9t\u00e9 pixc&rsquo;l\"}]},{\"@type\":\"WebSite\",\"@id\":\"https:\/\/catherine-castry-belkadi.fr\/#website\",\"url\":\"https:\/\/catherine-castry-belkadi.fr\/\",\"name\":\"Catherine Castry Belkadi\",\"description\":\"\",\"publisher\":{\"@id\":\"https:\/\/catherine-castry-belkadi.fr\/#\/schema\/person\/5dd5293af75046eeb3ac1b00b7f10457\"},\"potentialAction\":[{\"@type\":\"SearchAction\",\"target\":{\"@type\":\"EntryPoint\",\"urlTemplate\":\"https:\/\/catherine-castry-belkadi.fr\/?s={search_term_string}\"},\"query-input\":{\"@type\":\"PropertyValueSpecification\",\"valueRequired\":true,\"valueName\":\"search_term_string\"}}],\"inLanguage\":\"fr-FR\"},{\"@type\":[\"Person\",\"Organization\"],\"@id\":\"https:\/\/catherine-castry-belkadi.fr\/#\/schema\/person\/5dd5293af75046eeb3ac1b00b7f10457\",\"name\":\"Catherine\",\"image\":{\"@type\":\"ImageObject\",\"inLanguage\":\"fr-FR\",\"@id\":\"https:\/\/catherine-castry-belkadi.fr\/wp-content\/uploads\/2020\/12\/web-agency-logo-3.png\",\"url\":\"https:\/\/catherine-castry-belkadi.fr\/wp-content\/uploads\/2020\/12\/web-agency-logo-3.png\",\"contentUrl\":\"https:\/\/catherine-castry-belkadi.fr\/wp-content\/uploads\/2020\/12\/web-agency-logo-3.png\",\"width\":200,\"height\":200,\"caption\":\"Catherine\"},\"logo\":{\"@id\":\"https:\/\/catherine-castry-belkadi.fr\/wp-content\/uploads\/2020\/12\/web-agency-logo-3.png\"},\"sameAs\":[\"https:\/\/catherine-castry-belkadi.fr\",\"https:\/\/www.linkedin.com\/in\/catherine-castry-belkadi\"]}]}<\/script>\n<!-- \/ Yoast SEO plugin. -->","yoast_head_json":{"title":"by-pixcl.com \/ Soci\u00e9t\u00e9 pixc'l -","robots":{"index":"index","follow":"follow","max-snippet":"max-snippet:-1","max-image-preview":"max-image-preview:large","max-video-preview":"max-video-preview:-1"},"canonical":"https:\/\/catherine-castry-belkadi.fr\/index.php\/pixcl-by-pixcl-com\/","og_locale":"fr_FR","og_type":"article","og_title":"by-pixcl.com \/ Soci\u00e9t\u00e9 pixc'l -","og_description":"Direction artistique et graphisme pour by-pixcl.com CHARTE GRAPHIQUE &#8211; IDENTIT\u00c9 VISUELLE &#8211; NEWSLETTERPACKAGING &#8211; PLAQUETTE &#8211; FLYER &#8211; COMMUNITY MANAGEMENT by-pixcl.com est un site e-commerce sp\u00e9cialis\u00e9 dans la distribution des auto-agrippants de marque Velcro\u00ae, adh\u00e9sifs simple face et double face, colles, magn\u00e9tiques, sangles et accessoires.Distributeur agr\u00e9\u00e9 des marques Velcro\u00ae, 3M, Tesa.Une enrichissante et productive collaboration&hellip;&nbsp;Lire la suite &raquo;by-pixcl.com \/ Soci\u00e9t\u00e9 pixc&rsquo;l","og_url":"https:\/\/catherine-castry-belkadi.fr\/index.php\/pixcl-by-pixcl-com\/","article_modified_time":"2023-11-13T14:24:00+00:00","og_image":[{"url":"https:\/\/catherine-castry-belkadi.fr\/wp-content\/uploads\/2023\/10\/colles-cyanoa-by-pixcl-plaquette-catherine-castry-belkadi.jpg","type":"","width":"","height":""}],"twitter_card":"summary_large_image","twitter_misc":{"Dur\u00e9e de lecture estim\u00e9e":"3 minutes"},"schema":{"@context":"https:\/\/schema.org","@graph":[{"@type":"WebPage","@id":"https:\/\/catherine-castry-belkadi.fr\/index.php\/pixcl-by-pixcl-com\/","url":"https:\/\/catherine-castry-belkadi.fr\/index.php\/pixcl-by-pixcl-com\/","name":"by-pixcl.com \/ Soci\u00e9t\u00e9 pixc'l -","isPartOf":{"@id":"https:\/\/catherine-castry-belkadi.fr\/#website"},"primaryImageOfPage":{"@id":"https:\/\/catherine-castry-belkadi.fr\/index.php\/pixcl-by-pixcl-com\/#primaryimage"},"image":{"@id":"https:\/\/catherine-castry-belkadi.fr\/index.php\/pixcl-by-pixcl-com\/#primaryimage"},"thumbnailUrl":"https:\/\/catherine-castry-belkadi.fr\/wp-content\/uploads\/2023\/10\/colles-cyanoa-by-pixcl-plaquette-catherine-castry-belkadi.jpg","datePublished":"2023-10-30T16:12:06+00:00","dateModified":"2023-11-13T14:24:00+00:00","breadcrumb":{"@id":"https:\/\/catherine-castry-belkadi.fr\/index.php\/pixcl-by-pixcl-com\/#breadcrumb"},"inLanguage":"fr-FR","potentialAction":[{"@type":"ReadAction","target":["https:\/\/catherine-castry-belkadi.fr\/index.php\/pixcl-by-pixcl-com\/"]}]},{"@type":"ImageObject","inLanguage":"fr-FR","@id":"https:\/\/catherine-castry-belkadi.fr\/index.php\/pixcl-by-pixcl-com\/#primaryimage","url":"https:\/\/catherine-castry-belkadi.fr\/wp-content\/uploads\/2023\/10\/colles-cyanoa-by-pixcl-plaquette-catherine-castry-belkadi.jpg","contentUrl":"https:\/\/catherine-castry-belkadi.fr\/wp-content\/uploads\/2023\/10\/colles-cyanoa-by-pixcl-plaquette-catherine-castry-belkadi.jpg","width":800,"height":800,"caption":"colles-cyanoa-by-pixcl-plaquette-catherine-castry-belkadi"},{"@type":"BreadcrumbList","@id":"https:\/\/catherine-castry-belkadi.fr\/index.php\/pixcl-by-pixcl-com\/#breadcrumb","itemListElement":[{"@type":"ListItem","position":1,"name":"Accueil","item":"https:\/\/catherine-castry-belkadi.fr\/"},{"@type":"ListItem","position":2,"name":"by-pixcl.com \/ Soci\u00e9t\u00e9 pixc&rsquo;l"}]},{"@type":"WebSite","@id":"https:\/\/catherine-castry-belkadi.fr\/#website","url":"https:\/\/catherine-castry-belkadi.fr\/","name":"Catherine Castry Belkadi","description":"","publisher":{"@id":"https:\/\/catherine-castry-belkadi.fr\/#\/schema\/person\/5dd5293af75046eeb3ac1b00b7f10457"},"potentialAction":[{"@type":"SearchAction","target":{"@type":"EntryPoint","urlTemplate":"https:\/\/catherine-castry-belkadi.fr\/?s={search_term_string}"},"query-input":{"@type":"PropertyValueSpecification","valueRequired":true,"valueName":"search_term_string"}}],"inLanguage":"fr-FR"},{"@type":["Person","Organization"],"@id":"https:\/\/catherine-castry-belkadi.fr\/#\/schema\/person\/5dd5293af75046eeb3ac1b00b7f10457","name":"Catherine","image":{"@type":"ImageObject","inLanguage":"fr-FR","@id":"https:\/\/catherine-castry-belkadi.fr\/wp-content\/uploads\/2020\/12\/web-agency-logo-3.png","url":"https:\/\/catherine-castry-belkadi.fr\/wp-content\/uploads\/2020\/12\/web-agency-logo-3.png","contentUrl":"https:\/\/catherine-castry-belkadi.fr\/wp-content\/uploads\/2020\/12\/web-agency-logo-3.png","width":200,"height":200,"caption":"Catherine"},"logo":{"@id":"https:\/\/catherine-castry-belkadi.fr\/wp-content\/uploads\/2020\/12\/web-agency-logo-3.png"},"sameAs":["https:\/\/catherine-castry-belkadi.fr","https:\/\/www.linkedin.com\/in\/catherine-castry-belkadi"]}]}},"_links":{"self":[{"href":"https:\/\/catherine-castry-belkadi.fr\/index.php\/wp-json\/wp\/v2\/pages\/1436","targetHints":{"allow":["GET"]}}],"collection":[{"href":"https:\/\/catherine-castry-belkadi.fr\/index.php\/wp-json\/wp\/v2\/pages"}],"about":[{"href":"https:\/\/catherine-castry-belkadi.fr\/index.php\/wp-json\/wp\/v2\/types\/page"}],"author":[{"embeddable":true,"href":"https:\/\/catherine-castry-belkadi.fr\/index.php\/wp-json\/wp\/v2\/users\/1"}],"replies":[{"embeddable":true,"href":"https:\/\/catherine-castry-belkadi.fr\/index.php\/wp-json\/wp\/v2\/comments?post=1436"}],"version-history":[{"count":9,"href":"https:\/\/catherine-castry-belkadi.fr\/index.php\/wp-json\/wp\/v2\/pages\/1436\/revisions"}],"predecessor-version":[{"id":1485,"href":"https:\/\/catherine-castry-belkadi.fr\/index.php\/wp-json\/wp\/v2\/pages\/1436\/revisions\/1485"}],"wp:attachment":[{"href":"https:\/\/catherine-castry-belkadi.fr\/index.php\/wp-json\/wp\/v2\/media?parent=1436"}],"curies":[{"name":"wp","href":"https:\/\/api.w.org\/{rel}","templated":true}]}}