{"id":309,"date":"2020-01-13T11:17:52","date_gmt":"2020-01-13T11:17:52","guid":{"rendered":"https:\/\/demosites.io\/web-agency-gb\/?page_id=5"},"modified":"2023-11-13T17:13:26","modified_gmt":"2023-11-13T16:13:26","slug":"15c42-web-agency-gb-home","status":"publish","type":"page","link":"https:\/\/catherine-castry-belkadi.fr\/","title":{"rendered":"Accueil"},"content":{"rendered":"\n<div class=\"wp-block-cover alignfull is-light\" style=\"min-height:100vh;aspect-ratio:unset;\"><span aria-hidden=\"true\" class=\"wp-block-cover__background has-background-dim-0 has-background-dim\"><\/span><img loading=\"lazy\" decoding=\"async\" width=\"1366\" height=\"768\" class=\"wp-block-cover__image-background wp-image-763\" alt=\"\" src=\"https:\/\/catherine-castry-belkadi.fr\/wp-content\/uploads\/2023\/10\/catherine-castry-belkadi-graphisme-webdesign-home-copie.jpg\" data-object-fit=\"cover\" srcset=\"https:\/\/catherine-castry-belkadi.fr\/wp-content\/uploads\/2023\/10\/catherine-castry-belkadi-graphisme-webdesign-home-copie.jpg 1366w, https:\/\/catherine-castry-belkadi.fr\/wp-content\/uploads\/2023\/10\/catherine-castry-belkadi-graphisme-webdesign-home-copie-300x169.jpg 300w, https:\/\/catherine-castry-belkadi.fr\/wp-content\/uploads\/2023\/10\/catherine-castry-belkadi-graphisme-webdesign-home-copie-1024x576.jpg 1024w, https:\/\/catherine-castry-belkadi.fr\/wp-content\/uploads\/2023\/10\/catherine-castry-belkadi-graphisme-webdesign-home-copie-768x432.jpg 768w\" sizes=\"auto, (max-width: 1366px) 100vw, 1366px\" \/><div class=\"wp-block-cover__inner-container is-layout-flow wp-block-cover-is-layout-flow\">\n<div style=\"height:80px\" aria-hidden=\"true\" class=\"wp-block-spacer\"><\/div>\n\n\n\n<h1 class=\"wp-block-heading has-text-align-center has-text-color has-link-color wp-elements-7c7b97d65bb67dd1f9b50cda870104b1\" style=\"color:#1a2a35\">Catherine Castry Belkadi<br><strong>Graphisme<\/strong> &#8211; <strong>Webdesign<\/strong><\/h1>\n\n\n\n<p class=\"has-text-align-center has-couleur-du-texte-color has-text-color\" style=\"font-size:18px;letter-spacing:0px\">Imaginons et cr\u00e9ons ensemble un message et des images qui ont du sens, en coh\u00e9rence avec vos objectifs.<br>Je vous accompagne&nbsp;dans la cr\u00e9ation de vos&nbsp;supports de communication, print et web, de la conception \u00e0 la r\u00e9alisation.<\/p>\n\n\n\n<div class=\"wp-block-buttons is-horizontal is-content-justification-center is-layout-flex wp-container-core-buttons-is-layout-499968f5 wp-block-buttons-is-layout-flex\">\n<div class=\"wp-block-button is-style-primary\"><a class=\"wp-block-button__link wp-element-button\" href=\"https:\/\/catherine-castry-belkadi.fr\/index.php\/a-propos\">PARCOURS<\/a><\/div>\n<\/div>\n\n\n\n<div style=\"height:80px\" aria-hidden=\"true\" class=\"wp-block-spacer\"><\/div>\n\n\n\n<div style=\"height:80px\" aria-hidden=\"true\" class=\"wp-block-spacer\"><\/div>\n<\/div><\/div>\n\n\n\n<div class=\"wp-block-group\"><div class=\"wp-block-group__inner-container is-layout-constrained wp-block-group-is-layout-constrained\">\n<p><\/p>\n\n\n\n<p><\/p>\n\n\n\n<h1 class=\"wp-block-heading has-text-align-center\">               <\/h1>\n\n\n\n<div class=\"wp-block-columns is-layout-flex wp-container-core-columns-is-layout-9d6595d7 wp-block-columns-is-layout-flex\">\n<div class=\"wp-block-column is-vertically-aligned-center is-layout-flow wp-block-column-is-layout-flow\">\n<div style=\"height:20px\" aria-hidden=\"true\" class=\"wp-block-spacer\"><\/div>\n\n\n<div class=\"wp-block-image icon-style is-style-rounded\">\n<figure class=\"aligncenter size-full is-resized\"><img decoding=\"async\" src=\"https:\/\/catherine-castry-belkadi.fr\/wp-content\/uploads\/2023\/10\/veille-creative-orange-1.svg\" alt=\"veille-creative\" class=\"wp-image-823\" style=\"width:72px;height:72px\" title=\"\"\/><\/figure>\n<\/div>\n\n\n<div style=\"height:20px\" aria-hidden=\"true\" class=\"wp-block-spacer\"><\/div>\n\n\n\n<h3 class=\"wp-block-heading has-text-align-center has-couleur-du-texte-color has-text-color\">Toujours en veille cr\u00e9ative !<\/h3>\n<\/div>\n\n\n\n<div class=\"wp-block-column is-vertically-aligned-center is-layout-flow wp-block-column-is-layout-flow\">\n<div style=\"height:20px\" aria-hidden=\"true\" class=\"wp-block-spacer\"><\/div>\n\n\n<div class=\"wp-block-image icon-style is-style-rounded\">\n<figure class=\"aligncenter size-full is-resized\"><img decoding=\"async\" src=\"https:\/\/catherine-castry-belkadi.fr\/wp-content\/uploads\/2023\/10\/ecoute-attentive-orange.svg\" alt=\"ecoute-attentive\" class=\"wp-image-824\" style=\"object-fit:cover;width:72px;height:72px\"\/><\/figure>\n<\/div>\n\n\n<div style=\"height:20px\" aria-hidden=\"true\" class=\"wp-block-spacer\"><\/div>\n\n\n\n<h3 class=\"wp-block-heading has-text-align-center has-couleur-du-texte-color has-text-color\">\u00c0 l&rsquo;\u00e9coute de vos besoins<\/h3>\n<\/div>\n\n\n\n<div class=\"wp-block-column is-vertically-aligned-center is-layout-flow wp-block-column-is-layout-flow\">\n<div style=\"height:20px\" aria-hidden=\"true\" class=\"wp-block-spacer\"><\/div>\n\n\n<div class=\"wp-block-image icon-style is-style-rounded\">\n<figure class=\"aligncenter size-full is-resized\"><img decoding=\"async\" src=\"https:\/\/catherine-castry-belkadi.fr\/wp-content\/uploads\/2023\/10\/idees-creatives.svg\" alt=\"idees creatives\" class=\"wp-image-822\" style=\"object-fit:cover;width:72px;height:72px\"\/><\/figure>\n<\/div>\n\n\n<div style=\"height:20px\" aria-hidden=\"true\" class=\"wp-block-spacer\"><\/div>\n\n\n\n<h3 class=\"wp-block-heading has-text-align-center has-couleur-du-texte-color has-text-color\">Force de propositions<\/h3>\n<\/div>\n<\/div>\n<\/div><\/div>\n\n\n\n<div class=\"wp-block-cover alignfull is-light\" style=\"min-height:600px;aspect-ratio:unset;\"><span aria-hidden=\"true\" class=\"wp-block-cover__background has-background-dim-80 has-background-dim\" style=\"background-color:#eef0ed\"><\/span><div class=\"wp-block-cover__inner-container is-layout-flow wp-block-cover-is-layout-flow\">\n<div class=\"wp-block-group\"><div class=\"wp-block-group__inner-container is-layout-flow wp-block-group-is-layout-flow\">\n<div style=\"height:80px\" aria-hidden=\"true\" class=\"wp-block-spacer\"><\/div>\n\n\n\n<div class=\"wp-block-columns are-vertically-aligned-center is-layout-flex wp-container-core-columns-is-layout-9d6595d7 wp-block-columns-is-layout-flex\">\n<div class=\"wp-block-column is-vertically-aligned-center is-layout-flow wp-block-column-is-layout-flow\" style=\"flex-basis:50%\">\n<figure class=\"wp-block-image size-full is-resized\"><img loading=\"lazy\" decoding=\"async\" width=\"800\" height=\"800\" src=\"https:\/\/catherine-castry-belkadi.fr\/wp-content\/uploads\/2023\/10\/catherine-castry-belkadi-graphisme.jpg\" alt=\"catherine-castry-belkadi-graphisme\" class=\"wp-image-1153\" style=\"object-fit:contain;width:569px;height:569px\" srcset=\"https:\/\/catherine-castry-belkadi.fr\/wp-content\/uploads\/2023\/10\/catherine-castry-belkadi-graphisme.jpg 800w, https:\/\/catherine-castry-belkadi.fr\/wp-content\/uploads\/2023\/10\/catherine-castry-belkadi-graphisme-300x300.jpg 300w, https:\/\/catherine-castry-belkadi.fr\/wp-content\/uploads\/2023\/10\/catherine-castry-belkadi-graphisme-150x150.jpg 150w, https:\/\/catherine-castry-belkadi.fr\/wp-content\/uploads\/2023\/10\/catherine-castry-belkadi-graphisme-768x768.jpg 768w\" sizes=\"auto, (max-width: 800px) 100vw, 800px\" \/><\/figure>\n<\/div>\n\n\n\n<div class=\"wp-block-column is-vertically-aligned-center is-layout-flow wp-block-column-is-layout-flow\" style=\"flex-basis:50%\">\n<div style=\"height:20px\" aria-hidden=\"true\" class=\"wp-block-spacer\"><\/div>\n\n\n\n<h2 class=\"wp-block-heading has-text-align-left has-text-color has-link-color wp-elements-fb5342567ade7918f70cf811b7957a60\" style=\"color:#1a2a35\">Graphisme<\/h2>\n\n\n\n<p class=\"has-text-align-left has-couleur-du-texte-color has-text-color\" style=\"font-size:17px\">Cr\u00e9er des <strong>supports de communication<\/strong> \u00e0 votre image pour transmettre le bon message.<br>Imaginer <strong>un univers graphique fort<\/strong>, pertinent et sur-mesure en coh\u00e9rence avec vos objectifs.<br>Je vous accompagne de la <strong>conception<\/strong> \u00e0 la r\u00e9alisation finale dans la <strong>cr\u00e9ation<\/strong> de vos identit\u00e9s visuelles, logotypes, chartes graphiques, brochures, catalogues, campagnes d&rsquo;affichages, etc.<\/p>\n\n\n\n<div class=\"wp-block-buttons is-horizontal is-content-justification-left is-layout-flex wp-container-core-buttons-is-layout-7e5fce0a wp-block-buttons-is-layout-flex\">\n<div class=\"wp-block-button is-style-primary\"><a class=\"wp-block-button__link wp-element-button\" href=\"https:\/\/catherine-castry-belkadi.fr\/index.php\/graphisme\">D\u00c9COUVRIR<\/a><\/div>\n<\/div>\n<\/div>\n<\/div>\n\n\n\n<div style=\"height:40px\" aria-hidden=\"true\" class=\"wp-block-spacer\"><\/div>\n<\/div><\/div>\n<\/div><\/div>\n\n\n\n<div class=\"wp-block-cover alignfull is-light\" style=\"min-height:600px;aspect-ratio:unset;\"><span aria-hidden=\"true\" class=\"wp-block-cover__background has-background-dim-0 has-background-dim\"><\/span><div class=\"wp-block-cover__inner-container is-layout-flow wp-block-cover-is-layout-flow\">\n<div class=\"wp-block-group\"><div class=\"wp-block-group__inner-container is-layout-flow wp-block-group-is-layout-flow\">\n<div style=\"height:80px\" aria-hidden=\"true\" class=\"wp-block-spacer\"><\/div>\n\n\n\n<div class=\"wp-block-columns are-vertically-aligned-center is-layout-flex wp-container-core-columns-is-layout-9d6595d7 wp-block-columns-is-layout-flex\">\n<div class=\"wp-block-column is-vertically-aligned-center is-layout-flow wp-block-column-is-layout-flow\" style=\"flex-basis:50%\">\n<h2 class=\"wp-block-heading has-text-align-left has-neve-text-color-color has-text-color\">Webdesign<\/h2>\n\n\n\n<p class=\"has-text-align-left has-couleur-du-texte-color has-text-color\" style=\"font-size:17px\"><strong>Promouvoir<\/strong> votre entreprise ou votre marque en proposant mes <strong>comp\u00e9tences en webdesign<\/strong> pour la conception de votre <strong>site internet<\/strong> ou votre <strong>application mobile<\/strong>.<\/p>\n\n\n\n<div class=\"wp-block-buttons is-horizontal is-content-justification-left is-layout-flex wp-container-core-buttons-is-layout-7e5fce0a wp-block-buttons-is-layout-flex\">\n<div class=\"wp-block-button is-style-primary\"><a class=\"wp-block-button__link wp-element-button\" href=\"https:\/\/catherine-castry-belkadi.fr\/index.php\/webdesign\/\">D\u00c9COUVRIR<\/a><\/div>\n<\/div>\n\n\n\n<div style=\"height:40px\" aria-hidden=\"true\" class=\"wp-block-spacer\"><\/div>\n<\/div>\n\n\n\n<div class=\"wp-block-column is-vertically-aligned-center is-layout-flow wp-block-column-is-layout-flow\" style=\"flex-basis:50%\">\n<figure class=\"wp-block-image size-full is-resized\"><img loading=\"lazy\" decoding=\"async\" width=\"600\" height=\"600\" src=\"https:\/\/catherine-castry-belkadi.fr\/wp-content\/uploads\/2023\/10\/catherine-castry-belkadi-webdesign.jpg\" alt=\"catherine-castry-belkadi-webdesign\" class=\"wp-image-1155\" style=\"object-fit:contain;width:520px;height:520px\" srcset=\"https:\/\/catherine-castry-belkadi.fr\/wp-content\/uploads\/2023\/10\/catherine-castry-belkadi-webdesign.jpg 600w, https:\/\/catherine-castry-belkadi.fr\/wp-content\/uploads\/2023\/10\/catherine-castry-belkadi-webdesign-300x300.jpg 300w, https:\/\/catherine-castry-belkadi.fr\/wp-content\/uploads\/2023\/10\/catherine-castry-belkadi-webdesign-150x150.jpg 150w\" sizes=\"auto, (max-width: 600px) 100vw, 600px\" \/><\/figure>\n<\/div>\n<\/div>\n\n\n\n<div style=\"height:40px\" aria-hidden=\"true\" class=\"wp-block-spacer\"><\/div>\n<\/div><\/div>\n<\/div><\/div>\n\n\n\n<div class=\"wp-block-cover alignfull is-light\" style=\"min-height:600px;aspect-ratio:unset;\"><span aria-hidden=\"true\" class=\"wp-block-cover__background has-background-dim-80 has-background-dim\" style=\"background-color:#eef0ed\"><\/span><div class=\"wp-block-cover__inner-container is-layout-flow wp-block-cover-is-layout-flow\">\n<div class=\"wp-block-group\"><div class=\"wp-block-group__inner-container is-layout-flow wp-block-group-is-layout-flow\">\n<div style=\"height:80px\" aria-hidden=\"true\" class=\"wp-block-spacer\"><\/div>\n\n\n\n<div class=\"wp-block-columns are-vertically-aligned-center is-layout-flex wp-container-core-columns-is-layout-9d6595d7 wp-block-columns-is-layout-flex\">\n<div class=\"wp-block-column is-vertically-aligned-center is-layout-flow wp-block-column-is-layout-flow\" style=\"flex-basis:50%\">\n<figure class=\"wp-block-image size-full\"><img loading=\"lazy\" decoding=\"async\" width=\"534\" height=\"534\" src=\"https:\/\/catherine-castry-belkadi.fr\/wp-content\/uploads\/2023\/10\/catherine-castry-belkadi-illustration-guyane-et-magie-verte-creole.jpg\" alt=\"\" class=\"wp-image-768\" srcset=\"https:\/\/catherine-castry-belkadi.fr\/wp-content\/uploads\/2023\/10\/catherine-castry-belkadi-illustration-guyane-et-magie-verte-creole.jpg 534w, https:\/\/catherine-castry-belkadi.fr\/wp-content\/uploads\/2023\/10\/catherine-castry-belkadi-illustration-guyane-et-magie-verte-creole-300x300.jpg 300w, https:\/\/catherine-castry-belkadi.fr\/wp-content\/uploads\/2023\/10\/catherine-castry-belkadi-illustration-guyane-et-magie-verte-creole-150x150.jpg 150w\" sizes=\"auto, (max-width: 534px) 100vw, 534px\" \/><\/figure>\n<\/div>\n\n\n\n<div class=\"wp-block-column is-vertically-aligned-center is-layout-flow wp-block-column-is-layout-flow\" style=\"flex-basis:50%\">\n<div style=\"height:40px\" aria-hidden=\"true\" class=\"wp-block-spacer\"><\/div>\n\n\n\n<h2 class=\"wp-block-heading has-text-align-left has-nv-text-dark-bg-color has-text-color\">Illustration<\/h2>\n\n\n\n<p class=\"has-couleur-du-texte-color has-text-color\">Mes&nbsp;illustrations m\u00ealent une technique traditionnelle \u00e0 la craie s\u00e8che&nbsp;et&nbsp;\u00e0 l\u2019aquarelle,&nbsp;\u00e0&nbsp;un travail digital.<br>Issue&nbsp;des&nbsp;<strong>arts graphiques<\/strong>, passionn\u00e9e d\u2019illustrations, d\u2019<strong>arts visuels<\/strong>&nbsp;et&nbsp;<strong>plastiques<\/strong>, de carnets de&nbsp;voyage&nbsp;etc., j\u2019appr\u00e9cie particuli\u00e8rement <strong>mettre en lumi\u00e8re&nbsp;vos projets<\/strong>&nbsp;\u00e0 travers des illustrations originales, color\u00e9es et lumineuses !<br><\/p>\n\n\n\n<div class=\"wp-block-buttons is-horizontal is-content-justification-left is-layout-flex wp-container-core-buttons-is-layout-7e5fce0a wp-block-buttons-is-layout-flex\">\n<div class=\"wp-block-button is-style-primary\"><a class=\"wp-block-button__link wp-element-button\" href=\"https:\/\/catherine-castry-belkadi.fr\/index.php\/illustration\">D\u00c9COUVRIR<\/a><\/div>\n<\/div>\n<\/div>\n<\/div>\n\n\n\n<div style=\"height:50px\" aria-hidden=\"true\" class=\"wp-block-spacer\"><\/div>\n<\/div><\/div>\n<\/div><\/div>\n\n\n\n<div class=\"wp-block-cover alignfull\" style=\"min-height:370px;aspect-ratio:unset;\"><span aria-hidden=\"true\" class=\"wp-block-cover__background has-background-dim-100 has-background-dim\" style=\"background-color:#1c272f\"><\/span><div class=\"wp-block-cover__inner-container is-layout-constrained wp-block-cover-is-layout-constrained\">\n<h2 class=\"wp-block-heading has-text-align-center has-blanc-color has-text-color has-large-font-size\">Imaginons ensemble votre prochain projet !<\/h2>\n\n\n\n<div class=\"wp-block-buttons is-content-justification-center is-layout-flex wp-container-core-buttons-is-layout-16018d1d wp-block-buttons-is-layout-flex\">\n<div class=\"wp-block-button is-style-primary\"><a class=\"wp-block-button__link has-text-align-center wp-element-button\" href=\"https:\/\/catherine-castry-belkadi.fr\/index.php\/me-contacter\">ME CONTACTER<\/a><\/div>\n<\/div>\n<\/div><\/div>\n\n\n\n<div class=\"wp-block-cover alignfull is-light wp-duotone-unset-1\"><span aria-hidden=\"true\" class=\"wp-block-cover__background has-background-dim-0 has-background-dim\"><\/span><img loading=\"lazy\" decoding=\"async\" width=\"2560\" height=\"750\" class=\"wp-block-cover__image-background wp-image-1384\" alt=\"\" src=\"https:\/\/catherine-castry-belkadi.fr\/wp-content\/uploads\/2023\/10\/les-partenaires-catherine-castry-belkadi-3-scaled.jpg\" data-object-fit=\"cover\" srcset=\"https:\/\/catherine-castry-belkadi.fr\/wp-content\/uploads\/2023\/10\/les-partenaires-catherine-castry-belkadi-3-scaled.jpg 2560w, https:\/\/catherine-castry-belkadi.fr\/wp-content\/uploads\/2023\/10\/les-partenaires-catherine-castry-belkadi-3-300x88.jpg 300w, https:\/\/catherine-castry-belkadi.fr\/wp-content\/uploads\/2023\/10\/les-partenaires-catherine-castry-belkadi-3-1024x300.jpg 1024w, https:\/\/catherine-castry-belkadi.fr\/wp-content\/uploads\/2023\/10\/les-partenaires-catherine-castry-belkadi-3-768x225.jpg 768w, https:\/\/catherine-castry-belkadi.fr\/wp-content\/uploads\/2023\/10\/les-partenaires-catherine-castry-belkadi-3-1536x450.jpg 1536w, https:\/\/catherine-castry-belkadi.fr\/wp-content\/uploads\/2023\/10\/les-partenaires-catherine-castry-belkadi-3-2048x600.jpg 2048w\" sizes=\"auto, (max-width: 2560px) 100vw, 2560px\" \/><div class=\"wp-block-cover__inner-container is-layout-flow wp-block-cover-is-layout-flow\">\n<blockquote class=\"wp-block-quote is-layout-flow wp-block-quote-is-layout-flow\">\n<p><\/p>\n<\/blockquote>\n<\/div><\/div>\n","protected":false},"excerpt":{"rendered":"<p>Toujours en veille cr\u00e9ative ! \u00c0 l&rsquo;\u00e9coute de vos besoins Force de propositions<\/p>\n","protected":false},"author":1,"featured_media":0,"parent":0,"menu_order":0,"comment_status":"closed","ping_status":"closed","template":"","meta":{"neve_meta_sidebar":"default","neve_meta_container":"default","neve_meta_enable_content_width":"on","neve_meta_content_width":100,"neve_meta_title_alignment":"","neve_meta_author_avatar":"","neve_post_elements_order":"","neve_meta_disable_header":"","neve_meta_disable_footer":"","neve_meta_disable_title":"on","_themeisle_gutenberg_block_has_review":false,"footnotes":""},"class_list":["post-309","page","type-page","status-publish","hentry"],"yoast_head":"<!-- This site is optimized with the Yoast SEO plugin v27.2 - https:\/\/yoast.com\/product\/yoast-seo-wordpress\/ -->\n<title>Accueil -<\/title>\n<meta name=\"robots\" content=\"index, follow, max-snippet:-1, max-image-preview:large, max-video-preview:-1\" \/>\n<link rel=\"canonical\" href=\"https:\/\/catherine-castry-belkadi.fr\/\" \/>\n<meta property=\"og:locale\" content=\"fr_FR\" \/>\n<meta property=\"og:type\" content=\"article\" \/>\n<meta property=\"og:title\" content=\"Accueil -\" \/>\n<meta property=\"og:description\" content=\"Toujours en veille cr\u00e9ative ! \u00c0 l&rsquo;\u00e9coute de vos besoins Force de propositions\" \/>\n<meta property=\"og:url\" content=\"https:\/\/catherine-castry-belkadi.fr\/\" \/>\n<meta property=\"article:modified_time\" content=\"2023-11-13T16:13:26+00:00\" \/>\n<meta property=\"og:image\" content=\"https:\/\/catherine-castry-belkadi.fr\/wp-content\/uploads\/2023\/10\/catherine-castry-belkadi-graphisme-webdesign-home-copie.jpg\" \/>\n<meta name=\"twitter:card\" content=\"summary_large_image\" \/>\n<meta name=\"twitter:label1\" content=\"Dur\u00e9e de lecture estim\u00e9e\" \/>\n\t<meta name=\"twitter:data1\" content=\"3 minutes\" \/>\n<script type=\"application\/ld+json\" class=\"yoast-schema-graph\">{\"@context\":\"https:\/\/schema.org\",\"@graph\":[{\"@type\":\"WebPage\",\"@id\":\"https:\/\/catherine-castry-belkadi.fr\/\",\"url\":\"https:\/\/catherine-castry-belkadi.fr\/\",\"name\":\"Accueil -\",\"isPartOf\":{\"@id\":\"https:\/\/catherine-castry-belkadi.fr\/#website\"},\"primaryImageOfPage\":{\"@id\":\"https:\/\/catherine-castry-belkadi.fr\/#primaryimage\"},\"image\":{\"@id\":\"https:\/\/catherine-castry-belkadi.fr\/#primaryimage\"},\"thumbnailUrl\":\"https:\/\/catherine-castry-belkadi.fr\/wp-content\/uploads\/2023\/10\/catherine-castry-belkadi-graphisme-webdesign-home-copie.jpg\",\"datePublished\":\"2020-01-13T11:17:52+00:00\",\"dateModified\":\"2023-11-13T16:13:26+00:00\",\"breadcrumb\":{\"@id\":\"https:\/\/catherine-castry-belkadi.fr\/#breadcrumb\"},\"inLanguage\":\"fr-FR\",\"potentialAction\":[{\"@type\":\"ReadAction\",\"target\":[\"https:\/\/catherine-castry-belkadi.fr\/\"]}]},{\"@type\":\"ImageObject\",\"inLanguage\":\"fr-FR\",\"@id\":\"https:\/\/catherine-castry-belkadi.fr\/#primaryimage\",\"url\":\"https:\/\/catherine-castry-belkadi.fr\/wp-content\/uploads\/2023\/10\/catherine-castry-belkadi-graphisme-webdesign-home-copie.jpg\",\"contentUrl\":\"https:\/\/catherine-castry-belkadi.fr\/wp-content\/uploads\/2023\/10\/catherine-castry-belkadi-graphisme-webdesign-home-copie.jpg\",\"width\":1366,\"height\":768,\"caption\":\"catherine-castry-belkadi-graphisme-webdesign-home\"},{\"@type\":\"BreadcrumbList\",\"@id\":\"https:\/\/catherine-castry-belkadi.fr\/#breadcrumb\",\"itemListElement\":[{\"@type\":\"ListItem\",\"position\":1,\"name\":\"Accueil\",\"item\":\"https:\/\/catherine-castry-belkadi.fr\/\"},{\"@type\":\"ListItem\",\"position\":2,\"name\":\"Accueil\"}]},{\"@type\":\"WebSite\",\"@id\":\"https:\/\/catherine-castry-belkadi.fr\/#website\",\"url\":\"https:\/\/catherine-castry-belkadi.fr\/\",\"name\":\"Catherine Castry Belkadi\",\"description\":\"\",\"publisher\":{\"@id\":\"https:\/\/catherine-castry-belkadi.fr\/#\/schema\/person\/5dd5293af75046eeb3ac1b00b7f10457\"},\"potentialAction\":[{\"@type\":\"SearchAction\",\"target\":{\"@type\":\"EntryPoint\",\"urlTemplate\":\"https:\/\/catherine-castry-belkadi.fr\/?s={search_term_string}\"},\"query-input\":{\"@type\":\"PropertyValueSpecification\",\"valueRequired\":true,\"valueName\":\"search_term_string\"}}],\"inLanguage\":\"fr-FR\"},{\"@type\":[\"Person\",\"Organization\"],\"@id\":\"https:\/\/catherine-castry-belkadi.fr\/#\/schema\/person\/5dd5293af75046eeb3ac1b00b7f10457\",\"name\":\"Catherine\",\"image\":{\"@type\":\"ImageObject\",\"inLanguage\":\"fr-FR\",\"@id\":\"https:\/\/catherine-castry-belkadi.fr\/wp-content\/uploads\/2020\/12\/web-agency-logo-3.png\",\"url\":\"https:\/\/catherine-castry-belkadi.fr\/wp-content\/uploads\/2020\/12\/web-agency-logo-3.png\",\"contentUrl\":\"https:\/\/catherine-castry-belkadi.fr\/wp-content\/uploads\/2020\/12\/web-agency-logo-3.png\",\"width\":200,\"height\":200,\"caption\":\"Catherine\"},\"logo\":{\"@id\":\"https:\/\/catherine-castry-belkadi.fr\/wp-content\/uploads\/2020\/12\/web-agency-logo-3.png\"},\"sameAs\":[\"https:\/\/catherine-castry-belkadi.fr\",\"https:\/\/www.linkedin.com\/in\/catherine-castry-belkadi\"]}]}<\/script>\n<!-- \/ Yoast SEO plugin. -->","yoast_head_json":{"title":"Accueil -","robots":{"index":"index","follow":"follow","max-snippet":"max-snippet:-1","max-image-preview":"max-image-preview:large","max-video-preview":"max-video-preview:-1"},"canonical":"https:\/\/catherine-castry-belkadi.fr\/","og_locale":"fr_FR","og_type":"article","og_title":"Accueil -","og_description":"Toujours en veille cr\u00e9ative ! \u00c0 l&rsquo;\u00e9coute de vos besoins Force de propositions","og_url":"https:\/\/catherine-castry-belkadi.fr\/","article_modified_time":"2023-11-13T16:13:26+00:00","og_image":[{"url":"https:\/\/catherine-castry-belkadi.fr\/wp-content\/uploads\/2023\/10\/catherine-castry-belkadi-graphisme-webdesign-home-copie.jpg","type":"","width":"","height":""}],"twitter_card":"summary_large_image","twitter_misc":{"Dur\u00e9e de lecture estim\u00e9e":"3 minutes"},"schema":{"@context":"https:\/\/schema.org","@graph":[{"@type":"WebPage","@id":"https:\/\/catherine-castry-belkadi.fr\/","url":"https:\/\/catherine-castry-belkadi.fr\/","name":"Accueil -","isPartOf":{"@id":"https:\/\/catherine-castry-belkadi.fr\/#website"},"primaryImageOfPage":{"@id":"https:\/\/catherine-castry-belkadi.fr\/#primaryimage"},"image":{"@id":"https:\/\/catherine-castry-belkadi.fr\/#primaryimage"},"thumbnailUrl":"https:\/\/catherine-castry-belkadi.fr\/wp-content\/uploads\/2023\/10\/catherine-castry-belkadi-graphisme-webdesign-home-copie.jpg","datePublished":"2020-01-13T11:17:52+00:00","dateModified":"2023-11-13T16:13:26+00:00","breadcrumb":{"@id":"https:\/\/catherine-castry-belkadi.fr\/#breadcrumb"},"inLanguage":"fr-FR","potentialAction":[{"@type":"ReadAction","target":["https:\/\/catherine-castry-belkadi.fr\/"]}]},{"@type":"ImageObject","inLanguage":"fr-FR","@id":"https:\/\/catherine-castry-belkadi.fr\/#primaryimage","url":"https:\/\/catherine-castry-belkadi.fr\/wp-content\/uploads\/2023\/10\/catherine-castry-belkadi-graphisme-webdesign-home-copie.jpg","contentUrl":"https:\/\/catherine-castry-belkadi.fr\/wp-content\/uploads\/2023\/10\/catherine-castry-belkadi-graphisme-webdesign-home-copie.jpg","width":1366,"height":768,"caption":"catherine-castry-belkadi-graphisme-webdesign-home"},{"@type":"BreadcrumbList","@id":"https:\/\/catherine-castry-belkadi.fr\/#breadcrumb","itemListElement":[{"@type":"ListItem","position":1,"name":"Accueil","item":"https:\/\/catherine-castry-belkadi.fr\/"},{"@type":"ListItem","position":2,"name":"Accueil"}]},{"@type":"WebSite","@id":"https:\/\/catherine-castry-belkadi.fr\/#website","url":"https:\/\/catherine-castry-belkadi.fr\/","name":"Catherine Castry Belkadi","description":"","publisher":{"@id":"https:\/\/catherine-castry-belkadi.fr\/#\/schema\/person\/5dd5293af75046eeb3ac1b00b7f10457"},"potentialAction":[{"@type":"SearchAction","target":{"@type":"EntryPoint","urlTemplate":"https:\/\/catherine-castry-belkadi.fr\/?s={search_term_string}"},"query-input":{"@type":"PropertyValueSpecification","valueRequired":true,"valueName":"search_term_string"}}],"inLanguage":"fr-FR"},{"@type":["Person","Organization"],"@id":"https:\/\/catherine-castry-belkadi.fr\/#\/schema\/person\/5dd5293af75046eeb3ac1b00b7f10457","name":"Catherine","image":{"@type":"ImageObject","inLanguage":"fr-FR","@id":"https:\/\/catherine-castry-belkadi.fr\/wp-content\/uploads\/2020\/12\/web-agency-logo-3.png","url":"https:\/\/catherine-castry-belkadi.fr\/wp-content\/uploads\/2020\/12\/web-agency-logo-3.png","contentUrl":"https:\/\/catherine-castry-belkadi.fr\/wp-content\/uploads\/2020\/12\/web-agency-logo-3.png","width":200,"height":200,"caption":"Catherine"},"logo":{"@id":"https:\/\/catherine-castry-belkadi.fr\/wp-content\/uploads\/2020\/12\/web-agency-logo-3.png"},"sameAs":["https:\/\/catherine-castry-belkadi.fr","https:\/\/www.linkedin.com\/in\/catherine-castry-belkadi"]}]}},"_links":{"self":[{"href":"https:\/\/catherine-castry-belkadi.fr\/index.php\/wp-json\/wp\/v2\/pages\/309","targetHints":{"allow":["GET"]}}],"collection":[{"href":"https:\/\/catherine-castry-belkadi.fr\/index.php\/wp-json\/wp\/v2\/pages"}],"about":[{"href":"https:\/\/catherine-castry-belkadi.fr\/index.php\/wp-json\/wp\/v2\/types\/page"}],"author":[{"embeddable":true,"href":"https:\/\/catherine-castry-belkadi.fr\/index.php\/wp-json\/wp\/v2\/users\/1"}],"replies":[{"embeddable":true,"href":"https:\/\/catherine-castry-belkadi.fr\/index.php\/wp-json\/wp\/v2\/comments?post=309"}],"version-history":[{"count":121,"href":"https:\/\/catherine-castry-belkadi.fr\/index.php\/wp-json\/wp\/v2\/pages\/309\/revisions"}],"predecessor-version":[{"id":1525,"href":"https:\/\/catherine-castry-belkadi.fr\/index.php\/wp-json\/wp\/v2\/pages\/309\/revisions\/1525"}],"wp:attachment":[{"href":"https:\/\/catherine-castry-belkadi.fr\/index.php\/wp-json\/wp\/v2\/media?parent=309"}],"curies":[{"name":"wp","href":"https:\/\/api.w.org\/{rel}","templated":true}]}}