{"id":478,"date":"2023-09-29T16:24:34","date_gmt":"2023-09-29T14:24:34","guid":{"rendered":"https:\/\/jcic.freeboxos.fr\/catherine\/?page_id=478"},"modified":"2023-11-13T16:47:24","modified_gmt":"2023-11-13T15:47:24","slug":"webdesign","status":"publish","type":"page","link":"https:\/\/catherine-castry-belkadi.fr\/index.php\/webdesign\/","title":{"rendered":"Webdesign"},"content":{"rendered":"<div class=\"wp-block-image is-style-default\">\n<figure class=\"aligncenter size-large is-resized\"><a href=\"https:\/\/www.by-pixcl.com\/\" target=\"_blank\" rel=\"noreferrer noopener\"><img loading=\"lazy\" decoding=\"async\" width=\"1024\" height=\"706\" src=\"https:\/\/catherine-castry-belkadi.fr\/wp-content\/uploads\/2023\/11\/Webdesign-by-pixcl-catherine-castry-belkadi-1024x706.jpg\" alt=\"Webdesign-by-pixcl-catherine-castry-belkadi\" class=\"wp-image-1501\" style=\"width:1061px\" srcset=\"https:\/\/catherine-castry-belkadi.fr\/wp-content\/uploads\/2023\/11\/Webdesign-by-pixcl-catherine-castry-belkadi-1024x706.jpg 1024w, https:\/\/catherine-castry-belkadi.fr\/wp-content\/uploads\/2023\/11\/Webdesign-by-pixcl-catherine-castry-belkadi-300x207.jpg 300w, https:\/\/catherine-castry-belkadi.fr\/wp-content\/uploads\/2023\/11\/Webdesign-by-pixcl-catherine-castry-belkadi-768x529.jpg 768w, https:\/\/catherine-castry-belkadi.fr\/wp-content\/uploads\/2023\/11\/Webdesign-by-pixcl-catherine-castry-belkadi.jpg 1061w\" sizes=\"auto, (max-width: 1024px) 100vw, 1024px\" \/><\/a><\/figure>\n<\/div>\n\n\n<div class=\"wp-block-group\"><div class=\"wp-block-group__inner-container is-layout-constrained wp-block-group-is-layout-constrained\">\n<p class=\"has-text-align-left has-couleur-du-texte-color has-text-color has-eccp-large-font-size\" style=\"letter-spacing:0.5px\">Webdesign du site by-pixcl.com pour la soci\u00e9t\u00e9 Pixc&rsquo;l<\/p>\n\n\n\n<p class=\"has-text-align-left has-couleur-primaire-color has-text-color has-eccp-small-font-size\" style=\"letter-spacing:0.2px;line-height:1.5\">WEBDESIGN &#8211; GRAPHISME<br>REDACTION DE CONTENUS &#8211; NEWSLETTERS &#8211; COMMUNITY MANAGEMENT<\/p>\n\n\n\n<hr class=\"wp-block-separator has-text-color has-blanc-casse-fonce-color has-alpha-channel-opacity has-blanc-casse-fonce-background-color has-background\"\/>\n\n\n\n<p class=\"has-text-align-left has-couleur-du-texte-color has-text-color has-eccp-small-font-size\" style=\"letter-spacing:1px\">by-pixcl.com est un site e-commerce sp\u00e9cialis\u00e9 dans la distribution des auto-agrippants de marque Velcro\u00ae, adh\u00e9sifs simple face et double face, colles, magn\u00e9tiques, sangles et accessoires.<br>Une enrichissante et productive collaboration de 4 ann\u00e9es avec l&rsquo;\u00e9quipe by-pixcl m&rsquo;a permis de travailler sur la refonte du site.<\/p>\n\n\n\n<p class=\"has-text-align-left has-couleur-du-texte-color has-text-color has-eccp-small-font-size\" style=\"letter-spacing:1px\">Autres missions confi\u00e9es et d\u00e9velopp\u00e9es chez Pixc&rsquo;l :<\/p>\n\n\n\n<p class=\"has-text-align-left has-couleur-du-texte-color has-text-color has-eccp-small-font-size\" style=\"letter-spacing:1px\">&#8211; R\u00e9alisation des visuels, banni\u00e8res, sliders, gammes produits&#8230;<br>&#8211; R\u00e9alisation et montage de vid\u00e9os<br>&#8211; R\u00e9daction de contenus et vulgarisation des donn\u00e9es techniques<br>&#8211; Cr\u00e9ation de tous supports de communication Print et Web<br>&#8211; Cr\u00e9ation des newsletters<br>&#8211; Cr\u00e9ation d\u2019articles et visuels sur le blog <a href=\"https:\/\/colle-et-scratch.fr\/\" target=\"_blank\" rel=\"noreferrer noopener\">Colle&amp;Scratch<\/a><br>&#8211; Community Management<br> <\/p>\n<\/div><\/div>\n\n\n<div class=\"wp-block-image\">\n<figure class=\"aligncenter size-large is-resized\"><a href=\"https:\/\/jcingenierie.fr\/\" target=\"_blank\" rel=\"noreferrer noopener\"><img loading=\"lazy\" decoding=\"async\" width=\"1024\" height=\"706\" src=\"https:\/\/catherine-castry-belkadi.fr\/wp-content\/uploads\/2023\/11\/Webdesign-jc-ingenierie-catherine-castry-belkadi-1024x706.jpg\" alt=\"Webdesign-jc-ingenierie-catherine-castry-belkadi\" class=\"wp-image-1508\" style=\"width:1061px\" srcset=\"https:\/\/catherine-castry-belkadi.fr\/wp-content\/uploads\/2023\/11\/Webdesign-jc-ingenierie-catherine-castry-belkadi-1024x706.jpg 1024w, https:\/\/catherine-castry-belkadi.fr\/wp-content\/uploads\/2023\/11\/Webdesign-jc-ingenierie-catherine-castry-belkadi-300x207.jpg 300w, https:\/\/catherine-castry-belkadi.fr\/wp-content\/uploads\/2023\/11\/Webdesign-jc-ingenierie-catherine-castry-belkadi-768x529.jpg 768w, https:\/\/catherine-castry-belkadi.fr\/wp-content\/uploads\/2023\/11\/Webdesign-jc-ingenierie-catherine-castry-belkadi.jpg 1061w\" sizes=\"auto, (max-width: 1024px) 100vw, 1024px\" \/><\/a><\/figure>\n<\/div>\n\n\n<div class=\"wp-block-group\"><div class=\"wp-block-group__inner-container is-layout-constrained wp-block-group-is-layout-constrained\">\n<p class=\"has-text-align-left has-couleur-du-texte-color has-text-color has-eccp-large-font-size\" style=\"letter-spacing:0.5px\">Webdesign du site jcingenierie.fr pour la soci\u00e9t\u00e9 JC Ing\u00e9nierie Conseil<\/p>\n\n\n\n<p class=\"has-text-align-left has-couleur-primaire-color has-text-color has-eccp-small-font-size\" style=\"letter-spacing:0.2px\">WEBDESIGN &#8211; IDENTIT\u00c9 VISUELLE<br>CHARTE GRAPHIQUE<\/p>\n\n\n\n<hr class=\"wp-block-separator has-text-color has-blanc-casse-fonce-color has-alpha-channel-opacity has-blanc-casse-fonce-background-color has-background\"\/>\n\n\n\n<p class=\"has-couleur-du-texte-color has-text-color has-eccp-small-font-size\" style=\"letter-spacing:1px\">La soci\u00e9t\u00e9 JC Ing\u00e9nierie Conseil est  sp\u00e9cialis\u00e9e dans le d\u00e9veloppement sur mesure de site et d\u2019applications web, services informatiques aux entreprises et intranet.<br>Les objectifs : cr\u00e9er un site professionnel clair et fluide.<br>Proposer une identit\u00e9 graphique unique et \u00e9volutive \u00e0 travers la cr\u00e9ation du logotype et de la charte graphique de l&rsquo;entreprise. <\/p>\n<\/div><\/div>\n\n\n<div class=\"wp-block-image\">\n<figure class=\"aligncenter size-large is-resized\"><img loading=\"lazy\" decoding=\"async\" width=\"1024\" height=\"581\" src=\"https:\/\/catherine-castry-belkadi.fr\/wp-content\/uploads\/2023\/10\/test-em-1024x581.jpg\" alt=\"\" class=\"wp-image-660\" style=\"object-fit:cover;width:1051px;height:586px\" srcset=\"https:\/\/catherine-castry-belkadi.fr\/wp-content\/uploads\/2023\/10\/test-em-1024x581.jpg 1024w, https:\/\/catherine-castry-belkadi.fr\/wp-content\/uploads\/2023\/10\/test-em-300x170.jpg 300w, https:\/\/catherine-castry-belkadi.fr\/wp-content\/uploads\/2023\/10\/test-em-768x436.jpg 768w, https:\/\/catherine-castry-belkadi.fr\/wp-content\/uploads\/2023\/10\/test-em-1536x872.jpg 1536w, https:\/\/catherine-castry-belkadi.fr\/wp-content\/uploads\/2023\/10\/test-em-2048x1163.jpg 2048w\" sizes=\"auto, (max-width: 1024px) 100vw, 1024px\" \/><\/figure>\n<\/div>\n\n\n<div class=\"wp-block-group\"><div class=\"wp-block-group__inner-container is-layout-constrained wp-block-group-is-layout-constrained\">\n<p class=\"has-text-align-left has-couleur-du-texte-color has-text-color has-eccp-large-font-size\" style=\"letter-spacing:0.5px\">Webdesign du site de la soci\u00e9t\u00e9 EM Hair<\/p>\n\n\n\n<p class=\"has-text-align-left has-couleur-primaire-color has-text-color has-eccp-small-font-size\" style=\"letter-spacing:0.2px\">WEBDESIGN &#8211; IDENTIT\u00c9 VISUELLE<br>CHARTE GRAPHIQUE<\/p>\n\n\n\n<hr class=\"wp-block-separator has-text-color has-blanc-casse-fonce-color has-alpha-channel-opacity has-blanc-casse-fonce-background-color has-background\"\/>\n\n\n\n<p class=\"has-couleur-du-texte-color has-text-color has-eccp-small-font-size\" style=\"letter-spacing:1px\">EM Hair est un site e-commerce sp\u00e9cialis\u00e9 dans la vente de produits capillaires et cosm\u00e9tiques afro-carib\u00e9ens.<br><em>(site en cours de r\u00e9alisation)<\/em><br>Proposer une identit\u00e9 graphique originale et color\u00e9e \u00e0 travers la cr\u00e9ation du logotype et de la charte graphique de l&rsquo;entreprise.<\/p>\n<\/div><\/div>\n\n\n<div class=\"wp-block-image\">\n<figure class=\"aligncenter size-large is-resized\"><img loading=\"lazy\" decoding=\"async\" width=\"1024\" height=\"571\" src=\"https:\/\/catherine-castry-belkadi.fr\/wp-content\/uploads\/2023\/10\/catherine-castry-belkadi-webdesign-applications-intranet-1024x571.jpg\" alt=\"\" class=\"wp-image-687\" style=\"object-fit:cover;width:1061px;height:592px\" srcset=\"https:\/\/catherine-castry-belkadi.fr\/wp-content\/uploads\/2023\/10\/catherine-castry-belkadi-webdesign-applications-intranet-1024x571.jpg 1024w, https:\/\/catherine-castry-belkadi.fr\/wp-content\/uploads\/2023\/10\/catherine-castry-belkadi-webdesign-applications-intranet-300x167.jpg 300w, https:\/\/catherine-castry-belkadi.fr\/wp-content\/uploads\/2023\/10\/catherine-castry-belkadi-webdesign-applications-intranet-768x429.jpg 768w, https:\/\/catherine-castry-belkadi.fr\/wp-content\/uploads\/2023\/10\/catherine-castry-belkadi-webdesign-applications-intranet.jpg 1061w\" sizes=\"auto, (max-width: 1024px) 100vw, 1024px\" \/><\/figure>\n<\/div>\n\n\n<div class=\"wp-block-group\"><div class=\"wp-block-group__inner-container is-layout-constrained wp-block-group-is-layout-constrained\">\n<p class=\"has-text-align-left has-couleur-du-texte-color has-text-color has-eccp-large-font-size\" style=\"letter-spacing:0.5px\">Webdesign des sites intranet pour les soci\u00e9t\u00e9s Corsica Lin\u00e9a et Tarif\u00e9o<\/p>\n\n\n\n<p class=\"has-text-align-left has-couleur-primaire-color has-text-color has-eccp-small-font-size\" style=\"letter-spacing:0.2px;line-height:0.9\">WEBDESIGN &#8211; GRAPHISME<\/p>\n\n\n\n<hr class=\"wp-block-separator has-text-color has-blanc-casse-fonce-color has-alpha-channel-opacity has-blanc-casse-fonce-background-color has-background\"\/>\n\n\n\n<p class=\"has-couleur-du-texte-color has-text-color has-eccp-small-font-size\" style=\"letter-spacing:1px\"><\/p>\n<\/div><\/div>\n","protected":false},"excerpt":{"rendered":"<p>Webdesign du site by-pixcl.com pour la soci\u00e9t\u00e9 Pixc&rsquo;l WEBDESIGN &#8211; GRAPHISMEREDACTION DE CONTENUS &#8211; NEWSLETTERS &#8211; COMMUNITY MANAGEMENT by-pixcl.com est un site e-commerce sp\u00e9cialis\u00e9 dans la distribution des auto-agrippants de marque Velcro\u00ae, adh\u00e9sifs simple face et double face, colles, magn\u00e9tiques, sangles et accessoires.Une enrichissante et productive collaboration de 4 ann\u00e9es avec l&rsquo;\u00e9quipe by-pixcl m&rsquo;a permis&hellip;&nbsp;<a href=\"https:\/\/catherine-castry-belkadi.fr\/index.php\/webdesign\/\" rel=\"bookmark\">Lire la suite &raquo;<span class=\"screen-reader-text\">Webdesign<\/span><\/a><\/p>\n","protected":false},"author":1,"featured_media":0,"parent":0,"menu_order":0,"comment_status":"closed","ping_status":"closed","template":"","meta":{"neve_meta_sidebar":"","neve_meta_container":"","neve_meta_enable_content_width":"","neve_meta_content_width":0,"neve_meta_title_alignment":"","neve_meta_author_avatar":"","neve_post_elements_order":"","neve_meta_disable_header":"","neve_meta_disable_footer":"","neve_meta_disable_title":"","_themeisle_gutenberg_block_has_review":false,"footnotes":""},"class_list":["post-478","page","type-page","status-publish","hentry"],"yoast_head":"<!-- This site is optimized with the Yoast SEO plugin v27.2 - https:\/\/yoast.com\/product\/yoast-seo-wordpress\/ -->\n<title>Webdesign -<\/title>\n<meta name=\"robots\" content=\"index, follow, max-snippet:-1, max-image-preview:large, max-video-preview:-1\" \/>\n<link rel=\"canonical\" href=\"https:\/\/catherine-castry-belkadi.fr\/index.php\/webdesign\/\" \/>\n<meta property=\"og:locale\" content=\"fr_FR\" \/>\n<meta property=\"og:type\" content=\"article\" \/>\n<meta property=\"og:title\" content=\"Webdesign -\" \/>\n<meta property=\"og:description\" content=\"Webdesign du site by-pixcl.com pour la soci\u00e9t\u00e9 Pixc&rsquo;l WEBDESIGN &#8211; GRAPHISMEREDACTION DE CONTENUS &#8211; NEWSLETTERS &#8211; COMMUNITY MANAGEMENT by-pixcl.com est un site e-commerce sp\u00e9cialis\u00e9 dans la distribution des auto-agrippants de marque Velcro\u00ae, adh\u00e9sifs simple face et double face, colles, magn\u00e9tiques, sangles et accessoires.Une enrichissante et productive collaboration de 4 ann\u00e9es avec l&rsquo;\u00e9quipe by-pixcl m&rsquo;a permis&hellip;&nbsp;Lire la suite &raquo;Webdesign\" \/>\n<meta property=\"og:url\" content=\"https:\/\/catherine-castry-belkadi.fr\/index.php\/webdesign\/\" \/>\n<meta property=\"article:modified_time\" content=\"2023-11-13T15:47:24+00:00\" \/>\n<meta property=\"og:image\" content=\"https:\/\/catherine-castry-belkadi.fr\/wp-content\/uploads\/2023\/11\/Webdesign-by-pixcl-catherine-castry-belkadi-1024x706.jpg\" \/>\n<meta name=\"twitter:card\" content=\"summary_large_image\" \/>\n<meta name=\"twitter:label1\" content=\"Dur\u00e9e de lecture estim\u00e9e\" \/>\n\t<meta name=\"twitter:data1\" content=\"3 minutes\" \/>\n<script type=\"application\/ld+json\" class=\"yoast-schema-graph\">{\"@context\":\"https:\/\/schema.org\",\"@graph\":[{\"@type\":\"WebPage\",\"@id\":\"https:\/\/catherine-castry-belkadi.fr\/index.php\/webdesign\/\",\"url\":\"https:\/\/catherine-castry-belkadi.fr\/index.php\/webdesign\/\",\"name\":\"Webdesign -\",\"isPartOf\":{\"@id\":\"https:\/\/catherine-castry-belkadi.fr\/#website\"},\"primaryImageOfPage\":{\"@id\":\"https:\/\/catherine-castry-belkadi.fr\/index.php\/webdesign\/#primaryimage\"},\"image\":{\"@id\":\"https:\/\/catherine-castry-belkadi.fr\/index.php\/webdesign\/#primaryimage\"},\"thumbnailUrl\":\"https:\/\/catherine-castry-belkadi.fr\/wp-content\/uploads\/2023\/11\/Webdesign-by-pixcl-catherine-castry-belkadi-1024x706.jpg\",\"datePublished\":\"2023-09-29T14:24:34+00:00\",\"dateModified\":\"2023-11-13T15:47:24+00:00\",\"breadcrumb\":{\"@id\":\"https:\/\/catherine-castry-belkadi.fr\/index.php\/webdesign\/#breadcrumb\"},\"inLanguage\":\"fr-FR\",\"potentialAction\":[{\"@type\":\"ReadAction\",\"target\":[\"https:\/\/catherine-castry-belkadi.fr\/index.php\/webdesign\/\"]}]},{\"@type\":\"ImageObject\",\"inLanguage\":\"fr-FR\",\"@id\":\"https:\/\/catherine-castry-belkadi.fr\/index.php\/webdesign\/#primaryimage\",\"url\":\"https:\/\/catherine-castry-belkadi.fr\/wp-content\/uploads\/2023\/11\/Webdesign-by-pixcl-catherine-castry-belkadi.jpg\",\"contentUrl\":\"https:\/\/catherine-castry-belkadi.fr\/wp-content\/uploads\/2023\/11\/Webdesign-by-pixcl-catherine-castry-belkadi.jpg\",\"width\":1061,\"height\":731,\"caption\":\"Webdesign-by-pixcl-catherine-castry-belkadi\"},{\"@type\":\"BreadcrumbList\",\"@id\":\"https:\/\/catherine-castry-belkadi.fr\/index.php\/webdesign\/#breadcrumb\",\"itemListElement\":[{\"@type\":\"ListItem\",\"position\":1,\"name\":\"Accueil\",\"item\":\"https:\/\/catherine-castry-belkadi.fr\/\"},{\"@type\":\"ListItem\",\"position\":2,\"name\":\"Webdesign\"}]},{\"@type\":\"WebSite\",\"@id\":\"https:\/\/catherine-castry-belkadi.fr\/#website\",\"url\":\"https:\/\/catherine-castry-belkadi.fr\/\",\"name\":\"Catherine Castry Belkadi\",\"description\":\"\",\"publisher\":{\"@id\":\"https:\/\/catherine-castry-belkadi.fr\/#\/schema\/person\/5dd5293af75046eeb3ac1b00b7f10457\"},\"potentialAction\":[{\"@type\":\"SearchAction\",\"target\":{\"@type\":\"EntryPoint\",\"urlTemplate\":\"https:\/\/catherine-castry-belkadi.fr\/?s={search_term_string}\"},\"query-input\":{\"@type\":\"PropertyValueSpecification\",\"valueRequired\":true,\"valueName\":\"search_term_string\"}}],\"inLanguage\":\"fr-FR\"},{\"@type\":[\"Person\",\"Organization\"],\"@id\":\"https:\/\/catherine-castry-belkadi.fr\/#\/schema\/person\/5dd5293af75046eeb3ac1b00b7f10457\",\"name\":\"Catherine\",\"image\":{\"@type\":\"ImageObject\",\"inLanguage\":\"fr-FR\",\"@id\":\"https:\/\/catherine-castry-belkadi.fr\/wp-content\/uploads\/2020\/12\/web-agency-logo-3.png\",\"url\":\"https:\/\/catherine-castry-belkadi.fr\/wp-content\/uploads\/2020\/12\/web-agency-logo-3.png\",\"contentUrl\":\"https:\/\/catherine-castry-belkadi.fr\/wp-content\/uploads\/2020\/12\/web-agency-logo-3.png\",\"width\":200,\"height\":200,\"caption\":\"Catherine\"},\"logo\":{\"@id\":\"https:\/\/catherine-castry-belkadi.fr\/wp-content\/uploads\/2020\/12\/web-agency-logo-3.png\"},\"sameAs\":[\"https:\/\/catherine-castry-belkadi.fr\",\"https:\/\/www.linkedin.com\/in\/catherine-castry-belkadi\"]}]}<\/script>\n<!-- \/ Yoast SEO plugin. -->","yoast_head_json":{"title":"Webdesign -","robots":{"index":"index","follow":"follow","max-snippet":"max-snippet:-1","max-image-preview":"max-image-preview:large","max-video-preview":"max-video-preview:-1"},"canonical":"https:\/\/catherine-castry-belkadi.fr\/index.php\/webdesign\/","og_locale":"fr_FR","og_type":"article","og_title":"Webdesign -","og_description":"Webdesign du site by-pixcl.com pour la soci\u00e9t\u00e9 Pixc&rsquo;l WEBDESIGN &#8211; GRAPHISMEREDACTION DE CONTENUS &#8211; NEWSLETTERS &#8211; COMMUNITY MANAGEMENT by-pixcl.com est un site e-commerce sp\u00e9cialis\u00e9 dans la distribution des auto-agrippants de marque Velcro\u00ae, adh\u00e9sifs simple face et double face, colles, magn\u00e9tiques, sangles et accessoires.Une enrichissante et productive collaboration de 4 ann\u00e9es avec l&rsquo;\u00e9quipe by-pixcl m&rsquo;a permis&hellip;&nbsp;Lire la suite &raquo;Webdesign","og_url":"https:\/\/catherine-castry-belkadi.fr\/index.php\/webdesign\/","article_modified_time":"2023-11-13T15:47:24+00:00","og_image":[{"url":"https:\/\/catherine-castry-belkadi.fr\/wp-content\/uploads\/2023\/11\/Webdesign-by-pixcl-catherine-castry-belkadi-1024x706.jpg","type":"","width":"","height":""}],"twitter_card":"summary_large_image","twitter_misc":{"Dur\u00e9e de lecture estim\u00e9e":"3 minutes"},"schema":{"@context":"https:\/\/schema.org","@graph":[{"@type":"WebPage","@id":"https:\/\/catherine-castry-belkadi.fr\/index.php\/webdesign\/","url":"https:\/\/catherine-castry-belkadi.fr\/index.php\/webdesign\/","name":"Webdesign -","isPartOf":{"@id":"https:\/\/catherine-castry-belkadi.fr\/#website"},"primaryImageOfPage":{"@id":"https:\/\/catherine-castry-belkadi.fr\/index.php\/webdesign\/#primaryimage"},"image":{"@id":"https:\/\/catherine-castry-belkadi.fr\/index.php\/webdesign\/#primaryimage"},"thumbnailUrl":"https:\/\/catherine-castry-belkadi.fr\/wp-content\/uploads\/2023\/11\/Webdesign-by-pixcl-catherine-castry-belkadi-1024x706.jpg","datePublished":"2023-09-29T14:24:34+00:00","dateModified":"2023-11-13T15:47:24+00:00","breadcrumb":{"@id":"https:\/\/catherine-castry-belkadi.fr\/index.php\/webdesign\/#breadcrumb"},"inLanguage":"fr-FR","potentialAction":[{"@type":"ReadAction","target":["https:\/\/catherine-castry-belkadi.fr\/index.php\/webdesign\/"]}]},{"@type":"ImageObject","inLanguage":"fr-FR","@id":"https:\/\/catherine-castry-belkadi.fr\/index.php\/webdesign\/#primaryimage","url":"https:\/\/catherine-castry-belkadi.fr\/wp-content\/uploads\/2023\/11\/Webdesign-by-pixcl-catherine-castry-belkadi.jpg","contentUrl":"https:\/\/catherine-castry-belkadi.fr\/wp-content\/uploads\/2023\/11\/Webdesign-by-pixcl-catherine-castry-belkadi.jpg","width":1061,"height":731,"caption":"Webdesign-by-pixcl-catherine-castry-belkadi"},{"@type":"BreadcrumbList","@id":"https:\/\/catherine-castry-belkadi.fr\/index.php\/webdesign\/#breadcrumb","itemListElement":[{"@type":"ListItem","position":1,"name":"Accueil","item":"https:\/\/catherine-castry-belkadi.fr\/"},{"@type":"ListItem","position":2,"name":"Webdesign"}]},{"@type":"WebSite","@id":"https:\/\/catherine-castry-belkadi.fr\/#website","url":"https:\/\/catherine-castry-belkadi.fr\/","name":"Catherine Castry Belkadi","description":"","publisher":{"@id":"https:\/\/catherine-castry-belkadi.fr\/#\/schema\/person\/5dd5293af75046eeb3ac1b00b7f10457"},"potentialAction":[{"@type":"SearchAction","target":{"@type":"EntryPoint","urlTemplate":"https:\/\/catherine-castry-belkadi.fr\/?s={search_term_string}"},"query-input":{"@type":"PropertyValueSpecification","valueRequired":true,"valueName":"search_term_string"}}],"inLanguage":"fr-FR"},{"@type":["Person","Organization"],"@id":"https:\/\/catherine-castry-belkadi.fr\/#\/schema\/person\/5dd5293af75046eeb3ac1b00b7f10457","name":"Catherine","image":{"@type":"ImageObject","inLanguage":"fr-FR","@id":"https:\/\/catherine-castry-belkadi.fr\/wp-content\/uploads\/2020\/12\/web-agency-logo-3.png","url":"https:\/\/catherine-castry-belkadi.fr\/wp-content\/uploads\/2020\/12\/web-agency-logo-3.png","contentUrl":"https:\/\/catherine-castry-belkadi.fr\/wp-content\/uploads\/2020\/12\/web-agency-logo-3.png","width":200,"height":200,"caption":"Catherine"},"logo":{"@id":"https:\/\/catherine-castry-belkadi.fr\/wp-content\/uploads\/2020\/12\/web-agency-logo-3.png"},"sameAs":["https:\/\/catherine-castry-belkadi.fr","https:\/\/www.linkedin.com\/in\/catherine-castry-belkadi"]}]}},"_links":{"self":[{"href":"https:\/\/catherine-castry-belkadi.fr\/index.php\/wp-json\/wp\/v2\/pages\/478","targetHints":{"allow":["GET"]}}],"collection":[{"href":"https:\/\/catherine-castry-belkadi.fr\/index.php\/wp-json\/wp\/v2\/pages"}],"about":[{"href":"https:\/\/catherine-castry-belkadi.fr\/index.php\/wp-json\/wp\/v2\/types\/page"}],"author":[{"embeddable":true,"href":"https:\/\/catherine-castry-belkadi.fr\/index.php\/wp-json\/wp\/v2\/users\/1"}],"replies":[{"embeddable":true,"href":"https:\/\/catherine-castry-belkadi.fr\/index.php\/wp-json\/wp\/v2\/comments?post=478"}],"version-history":[{"count":53,"href":"https:\/\/catherine-castry-belkadi.fr\/index.php\/wp-json\/wp\/v2\/pages\/478\/revisions"}],"predecessor-version":[{"id":1510,"href":"https:\/\/catherine-castry-belkadi.fr\/index.php\/wp-json\/wp\/v2\/pages\/478\/revisions\/1510"}],"wp:attachment":[{"href":"https:\/\/catherine-castry-belkadi.fr\/index.php\/wp-json\/wp\/v2\/media?parent=478"}],"curies":[{"name":"wp","href":"https:\/\/api.w.org\/{rel}","templated":true}]}}