{"id":515,"date":"2023-09-29T18:37:10","date_gmt":"2023-09-29T16:37:10","guid":{"rendered":"https:\/\/jcic.freeboxos.fr\/catherine\/?page_id=515"},"modified":"2023-10-18T15:11:26","modified_gmt":"2023-10-18T13:11:26","slug":"ipulse-domino","status":"publish","type":"page","link":"https:\/\/catherine-castry-belkadi.fr\/index.php\/ipulse-domino\/","title":{"rendered":"Campagne de lancement d&rsquo;Ipulse"},"content":{"rendered":"\n<figure class=\"wp-block-gallery has-nested-images columns-3 is-cropped wp-block-gallery-1 is-layout-flex wp-block-gallery-is-layout-flex\">\n<figure class=\"wp-block-image size-full\"><img loading=\"lazy\" decoding=\"async\" width=\"600\" height=\"600\" data-id=\"517\" src=\"https:\/\/catherine-castry-belkadi.fr\/wp-content\/uploads\/2023\/09\/catherine-castry-belkadi-direction-artistique-robe-etiquette-ipulse.jpg\" alt=\"catherine-castry-belkadi-direction-artistique\" class=\"wp-image-517\" srcset=\"https:\/\/catherine-castry-belkadi.fr\/wp-content\/uploads\/2023\/09\/catherine-castry-belkadi-direction-artistique-robe-etiquette-ipulse.jpg 600w, https:\/\/catherine-castry-belkadi.fr\/wp-content\/uploads\/2023\/09\/catherine-castry-belkadi-direction-artistique-robe-etiquette-ipulse-300x300.jpg 300w, https:\/\/catherine-castry-belkadi.fr\/wp-content\/uploads\/2023\/09\/catherine-castry-belkadi-direction-artistique-robe-etiquette-ipulse-150x150.jpg 150w\" sizes=\"auto, (max-width: 600px) 100vw, 600px\" \/><\/figure>\n\n\n\n<figure class=\"wp-block-image size-full\"><img loading=\"lazy\" decoding=\"async\" width=\"600\" height=\"600\" data-id=\"508\" src=\"https:\/\/catherine-castry-belkadi.fr\/wp-content\/uploads\/2023\/09\/catherine-castry-belkadi-direction-artistique-Ipulse.jpg\" alt=\"catherine-castry-belkadi-direction-artistique-Ipulse\" class=\"wp-image-508\" srcset=\"https:\/\/catherine-castry-belkadi.fr\/wp-content\/uploads\/2023\/09\/catherine-castry-belkadi-direction-artistique-Ipulse.jpg 600w, https:\/\/catherine-castry-belkadi.fr\/wp-content\/uploads\/2023\/09\/catherine-castry-belkadi-direction-artistique-Ipulse-300x300.jpg 300w, https:\/\/catherine-castry-belkadi.fr\/wp-content\/uploads\/2023\/09\/catherine-castry-belkadi-direction-artistique-Ipulse-150x150.jpg 150w\" sizes=\"auto, (max-width: 600px) 100vw, 600px\" \/><\/figure>\n\n\n\n<figure class=\"wp-block-image size-full\"><img loading=\"lazy\" decoding=\"async\" width=\"600\" height=\"600\" data-id=\"509\" src=\"https:\/\/catherine-castry-belkadi.fr\/wp-content\/uploads\/2023\/09\/catherine-castry-belkadi-direction-artistique-Ipulse-affiche-2.jpg\" alt=\"catherine-castry-belkadi-direction-artistique-Ipulse-affichage\" class=\"wp-image-509\" srcset=\"https:\/\/catherine-castry-belkadi.fr\/wp-content\/uploads\/2023\/09\/catherine-castry-belkadi-direction-artistique-Ipulse-affiche-2.jpg 600w, https:\/\/catherine-castry-belkadi.fr\/wp-content\/uploads\/2023\/09\/catherine-castry-belkadi-direction-artistique-Ipulse-affiche-2-300x300.jpg 300w, https:\/\/catherine-castry-belkadi.fr\/wp-content\/uploads\/2023\/09\/catherine-castry-belkadi-direction-artistique-Ipulse-affiche-2-150x150.jpg 150w\" sizes=\"auto, (max-width: 600px) 100vw, 600px\" \/><\/figure>\n<\/figure>\n\n\n\n<div class=\"wp-block-group\"><div class=\"wp-block-group__inner-container is-layout-constrained wp-block-group-is-layout-constrained\">\n<p class=\"has-text-align-left has-couleur-du-texte-color has-text-color has-eccp-large-font-size\" style=\"letter-spacing:0.5px\">Direction artistique de la campagne de lancement de l\u2019imprimante Ipulse<\/p>\n\n\n\n<p class=\"has-text-align-left has-couleur-primaire-color has-text-color has-eccp-small-font-size\" style=\"letter-spacing:0.2px\">AFFICHAGE &#8211; FLYER<\/p>\n\n\n\n<hr class=\"wp-block-separator has-text-color has-blanc-casse-fonce-color has-alpha-channel-opacity has-blanc-casse-fonce-background-color has-background\"\/>\n\n\n\n<p class=\"has-couleur-du-texte-color has-text-color has-eccp-small-font-size\" style=\"letter-spacing:1px\">Cr\u00e9ation d&rsquo;un concept et d&rsquo;un visuel fort pour le lancement de la nouvelle technologie de pointe \u00ab\u00a0Ipulse\u00a0\u00bb pour la soci\u00e9t\u00e9 Domino, expert mondial dans le secteur des imprimantes industrielles, sp\u00e9cialis\u00e9 dans l\u2019impression num\u00e9rique et les solutions de tra\u00e7abilit\u00e9.<\/p>\n<\/div><\/div>\n","protected":false},"excerpt":{"rendered":"<p>Direction artistique de la campagne de lancement de l\u2019imprimante Ipulse AFFICHAGE &#8211; FLYER Cr\u00e9ation d&rsquo;un concept et d&rsquo;un visuel fort pour le lancement de la nouvelle technologie de pointe \u00ab\u00a0Ipulse\u00a0\u00bb pour la soci\u00e9t\u00e9 Domino, expert mondial dans le secteur des imprimantes industrielles, sp\u00e9cialis\u00e9 dans l\u2019impression num\u00e9rique et les solutions de tra\u00e7abilit\u00e9.<\/p>\n","protected":false},"author":1,"featured_media":0,"parent":0,"menu_order":0,"comment_status":"closed","ping_status":"closed","template":"","meta":{"neve_meta_sidebar":"","neve_meta_container":"default","neve_meta_enable_content_width":"","neve_meta_content_width":0,"neve_meta_title_alignment":"","neve_meta_author_avatar":"","neve_post_elements_order":"","neve_meta_disable_header":"off","neve_meta_disable_footer":"","neve_meta_disable_title":"","_themeisle_gutenberg_block_has_review":false,"footnotes":""},"class_list":["post-515","page","type-page","status-publish","hentry"],"yoast_head":"<!-- This site is optimized with the Yoast SEO plugin v27.2 - https:\/\/yoast.com\/product\/yoast-seo-wordpress\/ -->\n<title>Campagne de lancement d&#039;Ipulse -<\/title>\n<meta name=\"robots\" content=\"index, follow, max-snippet:-1, max-image-preview:large, max-video-preview:-1\" \/>\n<link rel=\"canonical\" href=\"https:\/\/catherine-castry-belkadi.fr\/index.php\/ipulse-domino\/\" \/>\n<meta property=\"og:locale\" content=\"fr_FR\" \/>\n<meta property=\"og:type\" content=\"article\" \/>\n<meta property=\"og:title\" content=\"Campagne de lancement d&#039;Ipulse -\" \/>\n<meta property=\"og:description\" content=\"Direction artistique de la campagne de lancement de l\u2019imprimante Ipulse AFFICHAGE &#8211; FLYER Cr\u00e9ation d&rsquo;un concept et d&rsquo;un visuel fort pour le lancement de la nouvelle technologie de pointe \u00ab\u00a0Ipulse\u00a0\u00bb pour la soci\u00e9t\u00e9 Domino, expert mondial dans le secteur des imprimantes industrielles, sp\u00e9cialis\u00e9 dans l\u2019impression num\u00e9rique et les solutions de tra\u00e7abilit\u00e9.\" \/>\n<meta property=\"og:url\" content=\"https:\/\/catherine-castry-belkadi.fr\/index.php\/ipulse-domino\/\" \/>\n<meta property=\"article:modified_time\" content=\"2023-10-18T13:11:26+00:00\" \/>\n<meta property=\"og:image\" content=\"https:\/\/catherine-castry-belkadi.fr\/wp-content\/uploads\/2023\/09\/catherine-castry-belkadi-direction-artistique-robe-etiquette-ipulse.jpg\" \/>\n<meta name=\"twitter:card\" content=\"summary_large_image\" \/>\n<meta name=\"twitter:label1\" content=\"Dur\u00e9e de lecture estim\u00e9e\" \/>\n\t<meta name=\"twitter:data1\" content=\"1 minute\" \/>\n<script type=\"application\/ld+json\" class=\"yoast-schema-graph\">{\"@context\":\"https:\/\/schema.org\",\"@graph\":[{\"@type\":\"WebPage\",\"@id\":\"https:\/\/catherine-castry-belkadi.fr\/index.php\/ipulse-domino\/\",\"url\":\"https:\/\/catherine-castry-belkadi.fr\/index.php\/ipulse-domino\/\",\"name\":\"Campagne de lancement d'Ipulse -\",\"isPartOf\":{\"@id\":\"https:\/\/catherine-castry-belkadi.fr\/#website\"},\"primaryImageOfPage\":{\"@id\":\"https:\/\/catherine-castry-belkadi.fr\/index.php\/ipulse-domino\/#primaryimage\"},\"image\":{\"@id\":\"https:\/\/catherine-castry-belkadi.fr\/index.php\/ipulse-domino\/#primaryimage\"},\"thumbnailUrl\":\"https:\/\/catherine-castry-belkadi.fr\/wp-content\/uploads\/2023\/09\/catherine-castry-belkadi-direction-artistique-robe-etiquette-ipulse.jpg\",\"datePublished\":\"2023-09-29T16:37:10+00:00\",\"dateModified\":\"2023-10-18T13:11:26+00:00\",\"breadcrumb\":{\"@id\":\"https:\/\/catherine-castry-belkadi.fr\/index.php\/ipulse-domino\/#breadcrumb\"},\"inLanguage\":\"fr-FR\",\"potentialAction\":[{\"@type\":\"ReadAction\",\"target\":[\"https:\/\/catherine-castry-belkadi.fr\/index.php\/ipulse-domino\/\"]}]},{\"@type\":\"ImageObject\",\"inLanguage\":\"fr-FR\",\"@id\":\"https:\/\/catherine-castry-belkadi.fr\/index.php\/ipulse-domino\/#primaryimage\",\"url\":\"https:\/\/catherine-castry-belkadi.fr\/wp-content\/uploads\/2023\/09\/catherine-castry-belkadi-direction-artistique-robe-etiquette-ipulse.jpg\",\"contentUrl\":\"https:\/\/catherine-castry-belkadi.fr\/wp-content\/uploads\/2023\/09\/catherine-castry-belkadi-direction-artistique-robe-etiquette-ipulse.jpg\",\"width\":600,\"height\":600,\"caption\":\"catherine-castry-belkadi-direction-artistique\"},{\"@type\":\"BreadcrumbList\",\"@id\":\"https:\/\/catherine-castry-belkadi.fr\/index.php\/ipulse-domino\/#breadcrumb\",\"itemListElement\":[{\"@type\":\"ListItem\",\"position\":1,\"name\":\"Accueil\",\"item\":\"https:\/\/catherine-castry-belkadi.fr\/\"},{\"@type\":\"ListItem\",\"position\":2,\"name\":\"Campagne de lancement d&rsquo;Ipulse\"}]},{\"@type\":\"WebSite\",\"@id\":\"https:\/\/catherine-castry-belkadi.fr\/#website\",\"url\":\"https:\/\/catherine-castry-belkadi.fr\/\",\"name\":\"Catherine Castry Belkadi\",\"description\":\"\",\"publisher\":{\"@id\":\"https:\/\/catherine-castry-belkadi.fr\/#\/schema\/person\/5dd5293af75046eeb3ac1b00b7f10457\"},\"potentialAction\":[{\"@type\":\"SearchAction\",\"target\":{\"@type\":\"EntryPoint\",\"urlTemplate\":\"https:\/\/catherine-castry-belkadi.fr\/?s={search_term_string}\"},\"query-input\":{\"@type\":\"PropertyValueSpecification\",\"valueRequired\":true,\"valueName\":\"search_term_string\"}}],\"inLanguage\":\"fr-FR\"},{\"@type\":[\"Person\",\"Organization\"],\"@id\":\"https:\/\/catherine-castry-belkadi.fr\/#\/schema\/person\/5dd5293af75046eeb3ac1b00b7f10457\",\"name\":\"Catherine\",\"image\":{\"@type\":\"ImageObject\",\"inLanguage\":\"fr-FR\",\"@id\":\"https:\/\/catherine-castry-belkadi.fr\/wp-content\/uploads\/2020\/12\/web-agency-logo-3.png\",\"url\":\"https:\/\/catherine-castry-belkadi.fr\/wp-content\/uploads\/2020\/12\/web-agency-logo-3.png\",\"contentUrl\":\"https:\/\/catherine-castry-belkadi.fr\/wp-content\/uploads\/2020\/12\/web-agency-logo-3.png\",\"width\":200,\"height\":200,\"caption\":\"Catherine\"},\"logo\":{\"@id\":\"https:\/\/catherine-castry-belkadi.fr\/wp-content\/uploads\/2020\/12\/web-agency-logo-3.png\"},\"sameAs\":[\"https:\/\/catherine-castry-belkadi.fr\",\"https:\/\/www.linkedin.com\/in\/catherine-castry-belkadi\"]}]}<\/script>\n<!-- \/ Yoast SEO plugin. -->","yoast_head_json":{"title":"Campagne de lancement d'Ipulse -","robots":{"index":"index","follow":"follow","max-snippet":"max-snippet:-1","max-image-preview":"max-image-preview:large","max-video-preview":"max-video-preview:-1"},"canonical":"https:\/\/catherine-castry-belkadi.fr\/index.php\/ipulse-domino\/","og_locale":"fr_FR","og_type":"article","og_title":"Campagne de lancement d'Ipulse -","og_description":"Direction artistique de la campagne de lancement de l\u2019imprimante Ipulse AFFICHAGE &#8211; FLYER Cr\u00e9ation d&rsquo;un concept et d&rsquo;un visuel fort pour le lancement de la nouvelle technologie de pointe \u00ab\u00a0Ipulse\u00a0\u00bb pour la soci\u00e9t\u00e9 Domino, expert mondial dans le secteur des imprimantes industrielles, sp\u00e9cialis\u00e9 dans l\u2019impression num\u00e9rique et les solutions de tra\u00e7abilit\u00e9.","og_url":"https:\/\/catherine-castry-belkadi.fr\/index.php\/ipulse-domino\/","article_modified_time":"2023-10-18T13:11:26+00:00","og_image":[{"url":"https:\/\/catherine-castry-belkadi.fr\/wp-content\/uploads\/2023\/09\/catherine-castry-belkadi-direction-artistique-robe-etiquette-ipulse.jpg","type":"","width":"","height":""}],"twitter_card":"summary_large_image","twitter_misc":{"Dur\u00e9e de lecture estim\u00e9e":"1 minute"},"schema":{"@context":"https:\/\/schema.org","@graph":[{"@type":"WebPage","@id":"https:\/\/catherine-castry-belkadi.fr\/index.php\/ipulse-domino\/","url":"https:\/\/catherine-castry-belkadi.fr\/index.php\/ipulse-domino\/","name":"Campagne de lancement d'Ipulse -","isPartOf":{"@id":"https:\/\/catherine-castry-belkadi.fr\/#website"},"primaryImageOfPage":{"@id":"https:\/\/catherine-castry-belkadi.fr\/index.php\/ipulse-domino\/#primaryimage"},"image":{"@id":"https:\/\/catherine-castry-belkadi.fr\/index.php\/ipulse-domino\/#primaryimage"},"thumbnailUrl":"https:\/\/catherine-castry-belkadi.fr\/wp-content\/uploads\/2023\/09\/catherine-castry-belkadi-direction-artistique-robe-etiquette-ipulse.jpg","datePublished":"2023-09-29T16:37:10+00:00","dateModified":"2023-10-18T13:11:26+00:00","breadcrumb":{"@id":"https:\/\/catherine-castry-belkadi.fr\/index.php\/ipulse-domino\/#breadcrumb"},"inLanguage":"fr-FR","potentialAction":[{"@type":"ReadAction","target":["https:\/\/catherine-castry-belkadi.fr\/index.php\/ipulse-domino\/"]}]},{"@type":"ImageObject","inLanguage":"fr-FR","@id":"https:\/\/catherine-castry-belkadi.fr\/index.php\/ipulse-domino\/#primaryimage","url":"https:\/\/catherine-castry-belkadi.fr\/wp-content\/uploads\/2023\/09\/catherine-castry-belkadi-direction-artistique-robe-etiquette-ipulse.jpg","contentUrl":"https:\/\/catherine-castry-belkadi.fr\/wp-content\/uploads\/2023\/09\/catherine-castry-belkadi-direction-artistique-robe-etiquette-ipulse.jpg","width":600,"height":600,"caption":"catherine-castry-belkadi-direction-artistique"},{"@type":"BreadcrumbList","@id":"https:\/\/catherine-castry-belkadi.fr\/index.php\/ipulse-domino\/#breadcrumb","itemListElement":[{"@type":"ListItem","position":1,"name":"Accueil","item":"https:\/\/catherine-castry-belkadi.fr\/"},{"@type":"ListItem","position":2,"name":"Campagne de lancement d&rsquo;Ipulse"}]},{"@type":"WebSite","@id":"https:\/\/catherine-castry-belkadi.fr\/#website","url":"https:\/\/catherine-castry-belkadi.fr\/","name":"Catherine Castry Belkadi","description":"","publisher":{"@id":"https:\/\/catherine-castry-belkadi.fr\/#\/schema\/person\/5dd5293af75046eeb3ac1b00b7f10457"},"potentialAction":[{"@type":"SearchAction","target":{"@type":"EntryPoint","urlTemplate":"https:\/\/catherine-castry-belkadi.fr\/?s={search_term_string}"},"query-input":{"@type":"PropertyValueSpecification","valueRequired":true,"valueName":"search_term_string"}}],"inLanguage":"fr-FR"},{"@type":["Person","Organization"],"@id":"https:\/\/catherine-castry-belkadi.fr\/#\/schema\/person\/5dd5293af75046eeb3ac1b00b7f10457","name":"Catherine","image":{"@type":"ImageObject","inLanguage":"fr-FR","@id":"https:\/\/catherine-castry-belkadi.fr\/wp-content\/uploads\/2020\/12\/web-agency-logo-3.png","url":"https:\/\/catherine-castry-belkadi.fr\/wp-content\/uploads\/2020\/12\/web-agency-logo-3.png","contentUrl":"https:\/\/catherine-castry-belkadi.fr\/wp-content\/uploads\/2020\/12\/web-agency-logo-3.png","width":200,"height":200,"caption":"Catherine"},"logo":{"@id":"https:\/\/catherine-castry-belkadi.fr\/wp-content\/uploads\/2020\/12\/web-agency-logo-3.png"},"sameAs":["https:\/\/catherine-castry-belkadi.fr","https:\/\/www.linkedin.com\/in\/catherine-castry-belkadi"]}]}},"_links":{"self":[{"href":"https:\/\/catherine-castry-belkadi.fr\/index.php\/wp-json\/wp\/v2\/pages\/515","targetHints":{"allow":["GET"]}}],"collection":[{"href":"https:\/\/catherine-castry-belkadi.fr\/index.php\/wp-json\/wp\/v2\/pages"}],"about":[{"href":"https:\/\/catherine-castry-belkadi.fr\/index.php\/wp-json\/wp\/v2\/types\/page"}],"author":[{"embeddable":true,"href":"https:\/\/catherine-castry-belkadi.fr\/index.php\/wp-json\/wp\/v2\/users\/1"}],"replies":[{"embeddable":true,"href":"https:\/\/catherine-castry-belkadi.fr\/index.php\/wp-json\/wp\/v2\/comments?post=515"}],"version-history":[{"count":43,"href":"https:\/\/catherine-castry-belkadi.fr\/index.php\/wp-json\/wp\/v2\/pages\/515\/revisions"}],"predecessor-version":[{"id":1220,"href":"https:\/\/catherine-castry-belkadi.fr\/index.php\/wp-json\/wp\/v2\/pages\/515\/revisions\/1220"}],"wp:attachment":[{"href":"https:\/\/catherine-castry-belkadi.fr\/index.php\/wp-json\/wp\/v2\/media?parent=515"}],"curies":[{"name":"wp","href":"https:\/\/api.w.org\/{rel}","templated":true}]}}