{"id":545,"date":"2023-09-29T19:42:22","date_gmt":"2023-09-29T17:42:22","guid":{"rendered":"https:\/\/jcic.freeboxos.fr\/catherine\/?page_id=545"},"modified":"2023-11-13T15:28:03","modified_gmt":"2023-11-13T14:28:03","slug":"les-hotels-mercure","status":"publish","type":"page","link":"https:\/\/catherine-castry-belkadi.fr\/index.php\/les-hotels-mercure\/","title":{"rendered":"Les h\u00f4tels Mercure"},"content":{"rendered":"\n<figure class=\"wp-block-gallery has-nested-images columns-default is-cropped wp-block-gallery-1 is-layout-flex wp-block-gallery-is-layout-flex\">\n<figure class=\"wp-block-image size-medium\"><img loading=\"lazy\" decoding=\"async\" width=\"300\" height=\"300\" data-id=\"946\" src=\"https:\/\/catherine-castry-belkadi.fr\/wp-content\/uploads\/2023\/10\/menu-restaurant-mercure-300x300.jpg\" alt=\"Menu - restaurant Mercure\" class=\"wp-image-946\" srcset=\"https:\/\/catherine-castry-belkadi.fr\/wp-content\/uploads\/2023\/10\/menu-restaurant-mercure-300x300.jpg 300w, https:\/\/catherine-castry-belkadi.fr\/wp-content\/uploads\/2023\/10\/menu-restaurant-mercure-150x150.jpg 150w, https:\/\/catherine-castry-belkadi.fr\/wp-content\/uploads\/2023\/10\/menu-restaurant-mercure-768x768.jpg 768w, https:\/\/catherine-castry-belkadi.fr\/wp-content\/uploads\/2023\/10\/menu-restaurant-mercure.jpg 800w\" sizes=\"auto, (max-width: 300px) 100vw, 300px\" \/><\/figure>\n\n\n\n<figure class=\"wp-block-image size-large\"><img loading=\"lazy\" decoding=\"async\" width=\"600\" height=\"600\" data-id=\"522\" src=\"https:\/\/catherine-castry-belkadi.fr\/wp-content\/uploads\/2023\/09\/catherine-castry-belkadi-signaletique-hotel-mercure-2.jpg\" alt=\"catherine-castry-belkadi-signaletique-hotel-mercure\" class=\"wp-image-522\" srcset=\"https:\/\/catherine-castry-belkadi.fr\/wp-content\/uploads\/2023\/09\/catherine-castry-belkadi-signaletique-hotel-mercure-2.jpg 600w, https:\/\/catherine-castry-belkadi.fr\/wp-content\/uploads\/2023\/09\/catherine-castry-belkadi-signaletique-hotel-mercure-2-300x300.jpg 300w, https:\/\/catherine-castry-belkadi.fr\/wp-content\/uploads\/2023\/09\/catherine-castry-belkadi-signaletique-hotel-mercure-2-150x150.jpg 150w\" sizes=\"auto, (max-width: 600px) 100vw, 600px\" \/><\/figure>\n\n\n\n<figure class=\"wp-block-image size-large\"><img loading=\"lazy\" decoding=\"async\" width=\"600\" height=\"600\" data-id=\"548\" src=\"https:\/\/catherine-castry-belkadi.fr\/wp-content\/uploads\/2023\/09\/catherine-castry-belkadi-graphisme-hotel-mercure-1.jpg\" alt=\"\" class=\"wp-image-548\" srcset=\"https:\/\/catherine-castry-belkadi.fr\/wp-content\/uploads\/2023\/09\/catherine-castry-belkadi-graphisme-hotel-mercure-1.jpg 600w, https:\/\/catherine-castry-belkadi.fr\/wp-content\/uploads\/2023\/09\/catherine-castry-belkadi-graphisme-hotel-mercure-1-300x300.jpg 300w, https:\/\/catherine-castry-belkadi.fr\/wp-content\/uploads\/2023\/09\/catherine-castry-belkadi-graphisme-hotel-mercure-1-150x150.jpg 150w\" sizes=\"auto, (max-width: 600px) 100vw, 600px\" \/><\/figure>\n\n\n\n<figure class=\"wp-block-image size-large\"><img loading=\"lazy\" decoding=\"async\" width=\"800\" height=\"800\" data-id=\"948\" src=\"https:\/\/catherine-castry-belkadi.fr\/wp-content\/uploads\/2023\/10\/catherine-castry-belkadi-signaletique-hotel-mercure-restaurant.jpg\" alt=\"catherine-castry-belkadi-signaletique-hotel-mercure-restaurant\" class=\"wp-image-948\" srcset=\"https:\/\/catherine-castry-belkadi.fr\/wp-content\/uploads\/2023\/10\/catherine-castry-belkadi-signaletique-hotel-mercure-restaurant.jpg 800w, https:\/\/catherine-castry-belkadi.fr\/wp-content\/uploads\/2023\/10\/catherine-castry-belkadi-signaletique-hotel-mercure-restaurant-300x300.jpg 300w, https:\/\/catherine-castry-belkadi.fr\/wp-content\/uploads\/2023\/10\/catherine-castry-belkadi-signaletique-hotel-mercure-restaurant-150x150.jpg 150w, https:\/\/catherine-castry-belkadi.fr\/wp-content\/uploads\/2023\/10\/catherine-castry-belkadi-signaletique-hotel-mercure-restaurant-768x768.jpg 768w\" sizes=\"auto, (max-width: 800px) 100vw, 800px\" \/><\/figure>\n\n\n\n<figure class=\"wp-block-image size-large\"><img loading=\"lazy\" decoding=\"async\" width=\"800\" height=\"800\" data-id=\"950\" src=\"https:\/\/catherine-castry-belkadi.fr\/wp-content\/uploads\/2023\/10\/catherine-castry-belkadi-signaletique-hotel-mercure-restaurant-affiche.jpg\" alt=\"catherine-castry-belkadi-signaletique-hotel-mercure-restaurant-affiche\" class=\"wp-image-950\" srcset=\"https:\/\/catherine-castry-belkadi.fr\/wp-content\/uploads\/2023\/10\/catherine-castry-belkadi-signaletique-hotel-mercure-restaurant-affiche.jpg 800w, https:\/\/catherine-castry-belkadi.fr\/wp-content\/uploads\/2023\/10\/catherine-castry-belkadi-signaletique-hotel-mercure-restaurant-affiche-300x300.jpg 300w, https:\/\/catherine-castry-belkadi.fr\/wp-content\/uploads\/2023\/10\/catherine-castry-belkadi-signaletique-hotel-mercure-restaurant-affiche-150x150.jpg 150w, https:\/\/catherine-castry-belkadi.fr\/wp-content\/uploads\/2023\/10\/catherine-castry-belkadi-signaletique-hotel-mercure-restaurant-affiche-768x768.jpg 768w\" sizes=\"auto, (max-width: 800px) 100vw, 800px\" \/><\/figure>\n<\/figure>\n\n\n\n<div class=\"wp-block-group\"><div class=\"wp-block-group__inner-container is-layout-constrained wp-block-group-is-layout-constrained\">\n<p class=\"has-text-align-left has-couleur-du-texte-color has-text-color has-eccp-large-font-size\" style=\"letter-spacing:0.5px\">Direction artistique et graphisme pour un des h\u00f4tels Mercure du groupe Accor<\/p>\n\n\n\n<p class=\"has-text-align-left has-couleur-primaire-color has-text-color has-eccp-small-font-size\" style=\"letter-spacing:0.2px;line-height:1.5\">CARTES DES MENUS<br>AFFICHAGE > KAK\u00c9MONOS &amp; ROLL-UPS<br>FLYER<br>SIGNAL\u00c9TIQUE &amp; HABILLAGE H\u00d4TELS  <\/p>\n\n\n\n<hr class=\"wp-block-separator has-text-color has-blanc-casse-fonce-color has-alpha-channel-opacity has-blanc-casse-fonce-background-color has-background\"\/>\n\n\n\n<p class=\"has-couleur-du-texte-color has-text-color has-eccp-small-font-size\" style=\"letter-spacing:1px\">Accor premier groupe h\u00f4telier fran\u00e7ais, poss\u00e9dant diff\u00e9rentes franchises tels que Mercure, Novotel, Ibis, Pullman.<br>Afin de communiquer sur les diff\u00e9rents \u00e9v\u00e8nements des h\u00f4tels, cr\u00e9ation de nombreux supports de communication print :<br>&#8211; des affiches de signal\u00e9tique diffus\u00e9es aux abords de l\u2019h\u00f4tel (types roll-up et kak\u00e9monos).<br>&#8211; des recherches de visuels pour l\u2019int\u00e9rieur de l\u2019\u00e9tablissement.<br>&#8211; des cartes de menus et des flyers promotionnels pour les restaurants.<\/p>\n\n\n\n<p class=\"has-couleur-du-texte-color has-text-color has-eccp-small-font-size\" style=\"letter-spacing:1px\"><br><\/p>\n<\/div><\/div>\n","protected":false},"excerpt":{"rendered":"<p>Direction artistique et graphisme pour un des h\u00f4tels Mercure du groupe Accor CARTES DES MENUSAFFICHAGE > KAK\u00c9MONOS &amp; ROLL-UPSFLYERSIGNAL\u00c9TIQUE &amp; HABILLAGE H\u00d4TELS Accor premier groupe h\u00f4telier fran\u00e7ais, poss\u00e9dant diff\u00e9rentes franchises tels que Mercure, Novotel, Ibis, Pullman.Afin de communiquer sur les diff\u00e9rents \u00e9v\u00e8nements des h\u00f4tels, cr\u00e9ation de nombreux supports de communication print :&#8211; des affiches de&hellip;&nbsp;<a href=\"https:\/\/catherine-castry-belkadi.fr\/index.php\/les-hotels-mercure\/\" rel=\"bookmark\">Lire la suite &raquo;<span class=\"screen-reader-text\">Les h\u00f4tels Mercure<\/span><\/a><\/p>\n","protected":false},"author":1,"featured_media":0,"parent":0,"menu_order":0,"comment_status":"closed","ping_status":"closed","template":"","meta":{"neve_meta_sidebar":"","neve_meta_container":"","neve_meta_enable_content_width":"","neve_meta_content_width":0,"neve_meta_title_alignment":"","neve_meta_author_avatar":"","neve_post_elements_order":"","neve_meta_disable_header":"","neve_meta_disable_footer":"","neve_meta_disable_title":"","_themeisle_gutenberg_block_has_review":false,"footnotes":""},"class_list":["post-545","page","type-page","status-publish","hentry"],"yoast_head":"<!-- This site is optimized with the Yoast SEO plugin v27.2 - https:\/\/yoast.com\/product\/yoast-seo-wordpress\/ -->\n<title>Les h\u00f4tels Mercure -<\/title>\n<meta name=\"robots\" content=\"index, follow, max-snippet:-1, max-image-preview:large, max-video-preview:-1\" \/>\n<link rel=\"canonical\" href=\"https:\/\/catherine-castry-belkadi.fr\/index.php\/les-hotels-mercure\/\" \/>\n<meta property=\"og:locale\" content=\"fr_FR\" \/>\n<meta property=\"og:type\" content=\"article\" \/>\n<meta property=\"og:title\" content=\"Les h\u00f4tels Mercure -\" \/>\n<meta property=\"og:description\" content=\"Direction artistique et graphisme pour un des h\u00f4tels Mercure du groupe Accor CARTES DES MENUSAFFICHAGE &gt; KAK\u00c9MONOS &amp; ROLL-UPSFLYERSIGNAL\u00c9TIQUE &amp; HABILLAGE H\u00d4TELS Accor premier groupe h\u00f4telier fran\u00e7ais, poss\u00e9dant diff\u00e9rentes franchises tels que Mercure, Novotel, Ibis, Pullman.Afin de communiquer sur les diff\u00e9rents \u00e9v\u00e8nements des h\u00f4tels, cr\u00e9ation de nombreux supports de communication print :&#8211; des affiches de&hellip;&nbsp;Lire la suite &raquo;Les h\u00f4tels Mercure\" \/>\n<meta property=\"og:url\" content=\"https:\/\/catherine-castry-belkadi.fr\/index.php\/les-hotels-mercure\/\" \/>\n<meta property=\"article:modified_time\" content=\"2023-11-13T14:28:03+00:00\" \/>\n<meta property=\"og:image\" content=\"https:\/\/catherine-castry-belkadi.fr\/wp-content\/uploads\/2023\/10\/menu-restaurant-mercure-300x300.jpg\" \/>\n<meta name=\"twitter:card\" content=\"summary_large_image\" \/>\n<meta name=\"twitter:label1\" content=\"Dur\u00e9e de lecture estim\u00e9e\" \/>\n\t<meta name=\"twitter:data1\" content=\"2 minutes\" \/>\n<script type=\"application\/ld+json\" class=\"yoast-schema-graph\">{\"@context\":\"https:\/\/schema.org\",\"@graph\":[{\"@type\":\"WebPage\",\"@id\":\"https:\/\/catherine-castry-belkadi.fr\/index.php\/les-hotels-mercure\/\",\"url\":\"https:\/\/catherine-castry-belkadi.fr\/index.php\/les-hotels-mercure\/\",\"name\":\"Les h\u00f4tels Mercure -\",\"isPartOf\":{\"@id\":\"https:\/\/catherine-castry-belkadi.fr\/#website\"},\"primaryImageOfPage\":{\"@id\":\"https:\/\/catherine-castry-belkadi.fr\/index.php\/les-hotels-mercure\/#primaryimage\"},\"image\":{\"@id\":\"https:\/\/catherine-castry-belkadi.fr\/index.php\/les-hotels-mercure\/#primaryimage\"},\"thumbnailUrl\":\"https:\/\/catherine-castry-belkadi.fr\/wp-content\/uploads\/2023\/10\/menu-restaurant-mercure-300x300.jpg\",\"datePublished\":\"2023-09-29T17:42:22+00:00\",\"dateModified\":\"2023-11-13T14:28:03+00:00\",\"breadcrumb\":{\"@id\":\"https:\/\/catherine-castry-belkadi.fr\/index.php\/les-hotels-mercure\/#breadcrumb\"},\"inLanguage\":\"fr-FR\",\"potentialAction\":[{\"@type\":\"ReadAction\",\"target\":[\"https:\/\/catherine-castry-belkadi.fr\/index.php\/les-hotels-mercure\/\"]}]},{\"@type\":\"ImageObject\",\"inLanguage\":\"fr-FR\",\"@id\":\"https:\/\/catherine-castry-belkadi.fr\/index.php\/les-hotels-mercure\/#primaryimage\",\"url\":\"https:\/\/catherine-castry-belkadi.fr\/wp-content\/uploads\/2023\/10\/menu-restaurant-mercure.jpg\",\"contentUrl\":\"https:\/\/catherine-castry-belkadi.fr\/wp-content\/uploads\/2023\/10\/menu-restaurant-mercure.jpg\",\"width\":800,\"height\":800,\"caption\":\"Menu - restaurant Mercure\"},{\"@type\":\"BreadcrumbList\",\"@id\":\"https:\/\/catherine-castry-belkadi.fr\/index.php\/les-hotels-mercure\/#breadcrumb\",\"itemListElement\":[{\"@type\":\"ListItem\",\"position\":1,\"name\":\"Accueil\",\"item\":\"https:\/\/catherine-castry-belkadi.fr\/\"},{\"@type\":\"ListItem\",\"position\":2,\"name\":\"Les h\u00f4tels Mercure\"}]},{\"@type\":\"WebSite\",\"@id\":\"https:\/\/catherine-castry-belkadi.fr\/#website\",\"url\":\"https:\/\/catherine-castry-belkadi.fr\/\",\"name\":\"Catherine Castry Belkadi\",\"description\":\"\",\"publisher\":{\"@id\":\"https:\/\/catherine-castry-belkadi.fr\/#\/schema\/person\/5dd5293af75046eeb3ac1b00b7f10457\"},\"potentialAction\":[{\"@type\":\"SearchAction\",\"target\":{\"@type\":\"EntryPoint\",\"urlTemplate\":\"https:\/\/catherine-castry-belkadi.fr\/?s={search_term_string}\"},\"query-input\":{\"@type\":\"PropertyValueSpecification\",\"valueRequired\":true,\"valueName\":\"search_term_string\"}}],\"inLanguage\":\"fr-FR\"},{\"@type\":[\"Person\",\"Organization\"],\"@id\":\"https:\/\/catherine-castry-belkadi.fr\/#\/schema\/person\/5dd5293af75046eeb3ac1b00b7f10457\",\"name\":\"Catherine\",\"image\":{\"@type\":\"ImageObject\",\"inLanguage\":\"fr-FR\",\"@id\":\"https:\/\/catherine-castry-belkadi.fr\/wp-content\/uploads\/2020\/12\/web-agency-logo-3.png\",\"url\":\"https:\/\/catherine-castry-belkadi.fr\/wp-content\/uploads\/2020\/12\/web-agency-logo-3.png\",\"contentUrl\":\"https:\/\/catherine-castry-belkadi.fr\/wp-content\/uploads\/2020\/12\/web-agency-logo-3.png\",\"width\":200,\"height\":200,\"caption\":\"Catherine\"},\"logo\":{\"@id\":\"https:\/\/catherine-castry-belkadi.fr\/wp-content\/uploads\/2020\/12\/web-agency-logo-3.png\"},\"sameAs\":[\"https:\/\/catherine-castry-belkadi.fr\",\"https:\/\/www.linkedin.com\/in\/catherine-castry-belkadi\"]}]}<\/script>\n<!-- \/ Yoast SEO plugin. -->","yoast_head_json":{"title":"Les h\u00f4tels Mercure -","robots":{"index":"index","follow":"follow","max-snippet":"max-snippet:-1","max-image-preview":"max-image-preview:large","max-video-preview":"max-video-preview:-1"},"canonical":"https:\/\/catherine-castry-belkadi.fr\/index.php\/les-hotels-mercure\/","og_locale":"fr_FR","og_type":"article","og_title":"Les h\u00f4tels Mercure -","og_description":"Direction artistique et graphisme pour un des h\u00f4tels Mercure du groupe Accor CARTES DES MENUSAFFICHAGE > KAK\u00c9MONOS &amp; ROLL-UPSFLYERSIGNAL\u00c9TIQUE &amp; HABILLAGE H\u00d4TELS Accor premier groupe h\u00f4telier fran\u00e7ais, poss\u00e9dant diff\u00e9rentes franchises tels que Mercure, Novotel, Ibis, Pullman.Afin de communiquer sur les diff\u00e9rents \u00e9v\u00e8nements des h\u00f4tels, cr\u00e9ation de nombreux supports de communication print :&#8211; des affiches de&hellip;&nbsp;Lire la suite &raquo;Les h\u00f4tels Mercure","og_url":"https:\/\/catherine-castry-belkadi.fr\/index.php\/les-hotels-mercure\/","article_modified_time":"2023-11-13T14:28:03+00:00","og_image":[{"url":"https:\/\/catherine-castry-belkadi.fr\/wp-content\/uploads\/2023\/10\/menu-restaurant-mercure-300x300.jpg","type":"","width":"","height":""}],"twitter_card":"summary_large_image","twitter_misc":{"Dur\u00e9e de lecture estim\u00e9e":"2 minutes"},"schema":{"@context":"https:\/\/schema.org","@graph":[{"@type":"WebPage","@id":"https:\/\/catherine-castry-belkadi.fr\/index.php\/les-hotels-mercure\/","url":"https:\/\/catherine-castry-belkadi.fr\/index.php\/les-hotels-mercure\/","name":"Les h\u00f4tels Mercure -","isPartOf":{"@id":"https:\/\/catherine-castry-belkadi.fr\/#website"},"primaryImageOfPage":{"@id":"https:\/\/catherine-castry-belkadi.fr\/index.php\/les-hotels-mercure\/#primaryimage"},"image":{"@id":"https:\/\/catherine-castry-belkadi.fr\/index.php\/les-hotels-mercure\/#primaryimage"},"thumbnailUrl":"https:\/\/catherine-castry-belkadi.fr\/wp-content\/uploads\/2023\/10\/menu-restaurant-mercure-300x300.jpg","datePublished":"2023-09-29T17:42:22+00:00","dateModified":"2023-11-13T14:28:03+00:00","breadcrumb":{"@id":"https:\/\/catherine-castry-belkadi.fr\/index.php\/les-hotels-mercure\/#breadcrumb"},"inLanguage":"fr-FR","potentialAction":[{"@type":"ReadAction","target":["https:\/\/catherine-castry-belkadi.fr\/index.php\/les-hotels-mercure\/"]}]},{"@type":"ImageObject","inLanguage":"fr-FR","@id":"https:\/\/catherine-castry-belkadi.fr\/index.php\/les-hotels-mercure\/#primaryimage","url":"https:\/\/catherine-castry-belkadi.fr\/wp-content\/uploads\/2023\/10\/menu-restaurant-mercure.jpg","contentUrl":"https:\/\/catherine-castry-belkadi.fr\/wp-content\/uploads\/2023\/10\/menu-restaurant-mercure.jpg","width":800,"height":800,"caption":"Menu - restaurant Mercure"},{"@type":"BreadcrumbList","@id":"https:\/\/catherine-castry-belkadi.fr\/index.php\/les-hotels-mercure\/#breadcrumb","itemListElement":[{"@type":"ListItem","position":1,"name":"Accueil","item":"https:\/\/catherine-castry-belkadi.fr\/"},{"@type":"ListItem","position":2,"name":"Les h\u00f4tels Mercure"}]},{"@type":"WebSite","@id":"https:\/\/catherine-castry-belkadi.fr\/#website","url":"https:\/\/catherine-castry-belkadi.fr\/","name":"Catherine Castry Belkadi","description":"","publisher":{"@id":"https:\/\/catherine-castry-belkadi.fr\/#\/schema\/person\/5dd5293af75046eeb3ac1b00b7f10457"},"potentialAction":[{"@type":"SearchAction","target":{"@type":"EntryPoint","urlTemplate":"https:\/\/catherine-castry-belkadi.fr\/?s={search_term_string}"},"query-input":{"@type":"PropertyValueSpecification","valueRequired":true,"valueName":"search_term_string"}}],"inLanguage":"fr-FR"},{"@type":["Person","Organization"],"@id":"https:\/\/catherine-castry-belkadi.fr\/#\/schema\/person\/5dd5293af75046eeb3ac1b00b7f10457","name":"Catherine","image":{"@type":"ImageObject","inLanguage":"fr-FR","@id":"https:\/\/catherine-castry-belkadi.fr\/wp-content\/uploads\/2020\/12\/web-agency-logo-3.png","url":"https:\/\/catherine-castry-belkadi.fr\/wp-content\/uploads\/2020\/12\/web-agency-logo-3.png","contentUrl":"https:\/\/catherine-castry-belkadi.fr\/wp-content\/uploads\/2020\/12\/web-agency-logo-3.png","width":200,"height":200,"caption":"Catherine"},"logo":{"@id":"https:\/\/catherine-castry-belkadi.fr\/wp-content\/uploads\/2020\/12\/web-agency-logo-3.png"},"sameAs":["https:\/\/catherine-castry-belkadi.fr","https:\/\/www.linkedin.com\/in\/catherine-castry-belkadi"]}]}},"_links":{"self":[{"href":"https:\/\/catherine-castry-belkadi.fr\/index.php\/wp-json\/wp\/v2\/pages\/545","targetHints":{"allow":["GET"]}}],"collection":[{"href":"https:\/\/catherine-castry-belkadi.fr\/index.php\/wp-json\/wp\/v2\/pages"}],"about":[{"href":"https:\/\/catherine-castry-belkadi.fr\/index.php\/wp-json\/wp\/v2\/types\/page"}],"author":[{"embeddable":true,"href":"https:\/\/catherine-castry-belkadi.fr\/index.php\/wp-json\/wp\/v2\/users\/1"}],"replies":[{"embeddable":true,"href":"https:\/\/catherine-castry-belkadi.fr\/index.php\/wp-json\/wp\/v2\/comments?post=545"}],"version-history":[{"count":20,"href":"https:\/\/catherine-castry-belkadi.fr\/index.php\/wp-json\/wp\/v2\/pages\/545\/revisions"}],"predecessor-version":[{"id":1488,"href":"https:\/\/catherine-castry-belkadi.fr\/index.php\/wp-json\/wp\/v2\/pages\/545\/revisions\/1488"}],"wp:attachment":[{"href":"https:\/\/catherine-castry-belkadi.fr\/index.php\/wp-json\/wp\/v2\/media?parent=545"}],"curies":[{"name":"wp","href":"https:\/\/api.w.org\/{rel}","templated":true}]}}