{"id":570,"date":"2023-09-30T16:42:55","date_gmt":"2023-09-30T14:42:55","guid":{"rendered":"https:\/\/jcic.freeboxos.fr\/catherine\/?page_id=570"},"modified":"2023-10-18T16:12:13","modified_gmt":"2023-10-18T14:12:13","slug":"luxury-private-cab","status":"publish","type":"page","link":"https:\/\/catherine-castry-belkadi.fr\/index.php\/luxury-private-cab\/","title":{"rendered":"Luxury Private Cab"},"content":{"rendered":"\n<figure class=\"wp-block-gallery has-nested-images columns-3 is-cropped wp-block-gallery-1 is-layout-flex wp-block-gallery-is-layout-flex\">\n<figure class=\"wp-block-image size-full\"><img loading=\"lazy\" decoding=\"async\" width=\"600\" height=\"600\" data-id=\"561\" src=\"https:\/\/catherine-castry-belkadi.fr\/wp-content\/uploads\/2023\/09\/catherine-castry-belkadi-graphisme-plaquette-taxi-LuxuryPrivateCab.jpg\" alt=\"\" class=\"wp-image-561\" srcset=\"https:\/\/catherine-castry-belkadi.fr\/wp-content\/uploads\/2023\/09\/catherine-castry-belkadi-graphisme-plaquette-taxi-LuxuryPrivateCab.jpg 600w, https:\/\/catherine-castry-belkadi.fr\/wp-content\/uploads\/2023\/09\/catherine-castry-belkadi-graphisme-plaquette-taxi-LuxuryPrivateCab-300x300.jpg 300w, https:\/\/catherine-castry-belkadi.fr\/wp-content\/uploads\/2023\/09\/catherine-castry-belkadi-graphisme-plaquette-taxi-LuxuryPrivateCab-150x150.jpg 150w\" sizes=\"auto, (max-width: 600px) 100vw, 600px\" \/><\/figure>\n\n\n\n<figure class=\"wp-block-image size-full\"><img loading=\"lazy\" decoding=\"async\" width=\"600\" height=\"600\" data-id=\"559\" src=\"https:\/\/catherine-castry-belkadi.fr\/wp-content\/uploads\/2023\/09\/catherine-castry-belkadi-graphisme-plaquette-taxi-LuxuryPrivate-2.jpg\" alt=\"\" class=\"wp-image-559\" srcset=\"https:\/\/catherine-castry-belkadi.fr\/wp-content\/uploads\/2023\/09\/catherine-castry-belkadi-graphisme-plaquette-taxi-LuxuryPrivate-2.jpg 600w, https:\/\/catherine-castry-belkadi.fr\/wp-content\/uploads\/2023\/09\/catherine-castry-belkadi-graphisme-plaquette-taxi-LuxuryPrivate-2-300x300.jpg 300w, https:\/\/catherine-castry-belkadi.fr\/wp-content\/uploads\/2023\/09\/catherine-castry-belkadi-graphisme-plaquette-taxi-LuxuryPrivate-2-150x150.jpg 150w\" sizes=\"auto, (max-width: 600px) 100vw, 600px\" \/><\/figure>\n\n\n\n<figure class=\"wp-block-image size-full\"><img loading=\"lazy\" decoding=\"async\" width=\"600\" height=\"600\" data-id=\"560\" src=\"https:\/\/catherine-castry-belkadi.fr\/wp-content\/uploads\/2023\/09\/catherine-castry-belkadi-graphisme-plaquette-taxi-LuxuryPrivate.jpg\" alt=\"\" class=\"wp-image-560\" srcset=\"https:\/\/catherine-castry-belkadi.fr\/wp-content\/uploads\/2023\/09\/catherine-castry-belkadi-graphisme-plaquette-taxi-LuxuryPrivate.jpg 600w, https:\/\/catherine-castry-belkadi.fr\/wp-content\/uploads\/2023\/09\/catherine-castry-belkadi-graphisme-plaquette-taxi-LuxuryPrivate-300x300.jpg 300w, https:\/\/catherine-castry-belkadi.fr\/wp-content\/uploads\/2023\/09\/catherine-castry-belkadi-graphisme-plaquette-taxi-LuxuryPrivate-150x150.jpg 150w\" sizes=\"auto, (max-width: 600px) 100vw, 600px\" \/><\/figure>\n<\/figure>\n\n\n\n<div class=\"wp-block-group\"><div class=\"wp-block-group__inner-container is-layout-constrained wp-block-group-is-layout-constrained\">\n<p class=\"has-text-align-left has-couleur-du-texte-color has-text-color has-eccp-large-font-size\" style=\"letter-spacing:0.5px\">Identit\u00e9 visuelle et recherches graphiques pour Luxury Private Cab<\/p>\n\n\n\n<p class=\"has-text-align-left has-couleur-primaire-color has-text-color has-eccp-small-font-size\" style=\"letter-spacing:0.2px;line-height:0.9\">LOGOTYPE &#8211; PLAQUETTE<\/p>\n\n\n\n<hr class=\"wp-block-separator has-text-color has-blanc-casse-fonce-color has-alpha-channel-opacity has-blanc-casse-fonce-background-color has-background\"\/>\n\n\n\n<p class=\"has-couleur-du-texte-color has-text-color has-eccp-small-font-size\" style=\"letter-spacing:1px\">Sp\u00e9cialiste de la location de voiture de luxe avec chauffeur, la soci\u00e9t\u00e9 Luxury private Cab \u00e9tait \u00e0 la recherche d&rsquo;une identit\u00e9 visuelle \u00e9l\u00e9gante et forte. Cr\u00e9ation d\u2019une plaquette d\u2019information destin\u00e9e \u00e0 promouvoir la solution haut de gamme de ce transport sur-mesure.<\/p>\n<\/div><\/div>\n","protected":false},"excerpt":{"rendered":"<p>Identit\u00e9 visuelle et recherches graphiques pour Luxury Private Cab LOGOTYPE &#8211; PLAQUETTE Sp\u00e9cialiste de la location de voiture de luxe avec chauffeur, la soci\u00e9t\u00e9 Luxury private Cab \u00e9tait \u00e0 la recherche d&rsquo;une identit\u00e9 visuelle \u00e9l\u00e9gante et forte. Cr\u00e9ation d\u2019une plaquette d\u2019information destin\u00e9e \u00e0 promouvoir la solution haut de gamme de ce transport sur-mesure.<\/p>\n","protected":false},"author":1,"featured_media":0,"parent":0,"menu_order":0,"comment_status":"closed","ping_status":"closed","template":"","meta":{"neve_meta_sidebar":"","neve_meta_container":"","neve_meta_enable_content_width":"","neve_meta_content_width":0,"neve_meta_title_alignment":"","neve_meta_author_avatar":"","neve_post_elements_order":"","neve_meta_disable_header":"","neve_meta_disable_footer":"","neve_meta_disable_title":"","_themeisle_gutenberg_block_has_review":false,"footnotes":""},"class_list":["post-570","page","type-page","status-publish","hentry"],"yoast_head":"<!-- This site is optimized with the Yoast SEO plugin v27.2 - https:\/\/yoast.com\/product\/yoast-seo-wordpress\/ -->\n<title>Luxury Private Cab -<\/title>\n<meta name=\"robots\" content=\"index, follow, max-snippet:-1, max-image-preview:large, max-video-preview:-1\" \/>\n<link rel=\"canonical\" href=\"https:\/\/catherine-castry-belkadi.fr\/index.php\/luxury-private-cab\/\" \/>\n<meta property=\"og:locale\" content=\"fr_FR\" \/>\n<meta property=\"og:type\" content=\"article\" \/>\n<meta property=\"og:title\" content=\"Luxury Private Cab -\" \/>\n<meta property=\"og:description\" content=\"Identit\u00e9 visuelle et recherches graphiques pour Luxury Private Cab LOGOTYPE &#8211; PLAQUETTE Sp\u00e9cialiste de la location de voiture de luxe avec chauffeur, la soci\u00e9t\u00e9 Luxury private Cab \u00e9tait \u00e0 la recherche d&rsquo;une identit\u00e9 visuelle \u00e9l\u00e9gante et forte. Cr\u00e9ation d\u2019une plaquette d\u2019information destin\u00e9e \u00e0 promouvoir la solution haut de gamme de ce transport sur-mesure.\" \/>\n<meta property=\"og:url\" content=\"https:\/\/catherine-castry-belkadi.fr\/index.php\/luxury-private-cab\/\" \/>\n<meta property=\"article:modified_time\" content=\"2023-10-18T14:12:13+00:00\" \/>\n<meta property=\"og:image\" content=\"https:\/\/catherine-castry-belkadi.fr\/wp-content\/uploads\/2023\/09\/catherine-castry-belkadi-graphisme-plaquette-taxi-LuxuryPrivateCab.jpg\" \/>\n<meta name=\"twitter:card\" content=\"summary_large_image\" \/>\n<meta name=\"twitter:label1\" content=\"Dur\u00e9e de lecture estim\u00e9e\" \/>\n\t<meta name=\"twitter:data1\" content=\"1 minute\" \/>\n<script type=\"application\/ld+json\" class=\"yoast-schema-graph\">{\"@context\":\"https:\/\/schema.org\",\"@graph\":[{\"@type\":\"WebPage\",\"@id\":\"https:\/\/catherine-castry-belkadi.fr\/index.php\/luxury-private-cab\/\",\"url\":\"https:\/\/catherine-castry-belkadi.fr\/index.php\/luxury-private-cab\/\",\"name\":\"Luxury Private Cab -\",\"isPartOf\":{\"@id\":\"https:\/\/catherine-castry-belkadi.fr\/#website\"},\"primaryImageOfPage\":{\"@id\":\"https:\/\/catherine-castry-belkadi.fr\/index.php\/luxury-private-cab\/#primaryimage\"},\"image\":{\"@id\":\"https:\/\/catherine-castry-belkadi.fr\/index.php\/luxury-private-cab\/#primaryimage\"},\"thumbnailUrl\":\"https:\/\/catherine-castry-belkadi.fr\/wp-content\/uploads\/2023\/09\/catherine-castry-belkadi-graphisme-plaquette-taxi-LuxuryPrivateCab.jpg\",\"datePublished\":\"2023-09-30T14:42:55+00:00\",\"dateModified\":\"2023-10-18T14:12:13+00:00\",\"breadcrumb\":{\"@id\":\"https:\/\/catherine-castry-belkadi.fr\/index.php\/luxury-private-cab\/#breadcrumb\"},\"inLanguage\":\"fr-FR\",\"potentialAction\":[{\"@type\":\"ReadAction\",\"target\":[\"https:\/\/catherine-castry-belkadi.fr\/index.php\/luxury-private-cab\/\"]}]},{\"@type\":\"ImageObject\",\"inLanguage\":\"fr-FR\",\"@id\":\"https:\/\/catherine-castry-belkadi.fr\/index.php\/luxury-private-cab\/#primaryimage\",\"url\":\"https:\/\/catherine-castry-belkadi.fr\/wp-content\/uploads\/2023\/09\/catherine-castry-belkadi-graphisme-plaquette-taxi-LuxuryPrivateCab.jpg\",\"contentUrl\":\"https:\/\/catherine-castry-belkadi.fr\/wp-content\/uploads\/2023\/09\/catherine-castry-belkadi-graphisme-plaquette-taxi-LuxuryPrivateCab.jpg\",\"width\":600,\"height\":600},{\"@type\":\"BreadcrumbList\",\"@id\":\"https:\/\/catherine-castry-belkadi.fr\/index.php\/luxury-private-cab\/#breadcrumb\",\"itemListElement\":[{\"@type\":\"ListItem\",\"position\":1,\"name\":\"Accueil\",\"item\":\"https:\/\/catherine-castry-belkadi.fr\/\"},{\"@type\":\"ListItem\",\"position\":2,\"name\":\"Luxury Private Cab\"}]},{\"@type\":\"WebSite\",\"@id\":\"https:\/\/catherine-castry-belkadi.fr\/#website\",\"url\":\"https:\/\/catherine-castry-belkadi.fr\/\",\"name\":\"Catherine Castry Belkadi\",\"description\":\"\",\"publisher\":{\"@id\":\"https:\/\/catherine-castry-belkadi.fr\/#\/schema\/person\/5dd5293af75046eeb3ac1b00b7f10457\"},\"potentialAction\":[{\"@type\":\"SearchAction\",\"target\":{\"@type\":\"EntryPoint\",\"urlTemplate\":\"https:\/\/catherine-castry-belkadi.fr\/?s={search_term_string}\"},\"query-input\":{\"@type\":\"PropertyValueSpecification\",\"valueRequired\":true,\"valueName\":\"search_term_string\"}}],\"inLanguage\":\"fr-FR\"},{\"@type\":[\"Person\",\"Organization\"],\"@id\":\"https:\/\/catherine-castry-belkadi.fr\/#\/schema\/person\/5dd5293af75046eeb3ac1b00b7f10457\",\"name\":\"Catherine\",\"image\":{\"@type\":\"ImageObject\",\"inLanguage\":\"fr-FR\",\"@id\":\"https:\/\/catherine-castry-belkadi.fr\/wp-content\/uploads\/2020\/12\/web-agency-logo-3.png\",\"url\":\"https:\/\/catherine-castry-belkadi.fr\/wp-content\/uploads\/2020\/12\/web-agency-logo-3.png\",\"contentUrl\":\"https:\/\/catherine-castry-belkadi.fr\/wp-content\/uploads\/2020\/12\/web-agency-logo-3.png\",\"width\":200,\"height\":200,\"caption\":\"Catherine\"},\"logo\":{\"@id\":\"https:\/\/catherine-castry-belkadi.fr\/wp-content\/uploads\/2020\/12\/web-agency-logo-3.png\"},\"sameAs\":[\"https:\/\/catherine-castry-belkadi.fr\",\"https:\/\/www.linkedin.com\/in\/catherine-castry-belkadi\"]}]}<\/script>\n<!-- \/ Yoast SEO plugin. -->","yoast_head_json":{"title":"Luxury Private Cab -","robots":{"index":"index","follow":"follow","max-snippet":"max-snippet:-1","max-image-preview":"max-image-preview:large","max-video-preview":"max-video-preview:-1"},"canonical":"https:\/\/catherine-castry-belkadi.fr\/index.php\/luxury-private-cab\/","og_locale":"fr_FR","og_type":"article","og_title":"Luxury Private Cab -","og_description":"Identit\u00e9 visuelle et recherches graphiques pour Luxury Private Cab LOGOTYPE &#8211; PLAQUETTE Sp\u00e9cialiste de la location de voiture de luxe avec chauffeur, la soci\u00e9t\u00e9 Luxury private Cab \u00e9tait \u00e0 la recherche d&rsquo;une identit\u00e9 visuelle \u00e9l\u00e9gante et forte. Cr\u00e9ation d\u2019une plaquette d\u2019information destin\u00e9e \u00e0 promouvoir la solution haut de gamme de ce transport sur-mesure.","og_url":"https:\/\/catherine-castry-belkadi.fr\/index.php\/luxury-private-cab\/","article_modified_time":"2023-10-18T14:12:13+00:00","og_image":[{"url":"https:\/\/catherine-castry-belkadi.fr\/wp-content\/uploads\/2023\/09\/catherine-castry-belkadi-graphisme-plaquette-taxi-LuxuryPrivateCab.jpg","type":"","width":"","height":""}],"twitter_card":"summary_large_image","twitter_misc":{"Dur\u00e9e de lecture estim\u00e9e":"1 minute"},"schema":{"@context":"https:\/\/schema.org","@graph":[{"@type":"WebPage","@id":"https:\/\/catherine-castry-belkadi.fr\/index.php\/luxury-private-cab\/","url":"https:\/\/catherine-castry-belkadi.fr\/index.php\/luxury-private-cab\/","name":"Luxury Private Cab -","isPartOf":{"@id":"https:\/\/catherine-castry-belkadi.fr\/#website"},"primaryImageOfPage":{"@id":"https:\/\/catherine-castry-belkadi.fr\/index.php\/luxury-private-cab\/#primaryimage"},"image":{"@id":"https:\/\/catherine-castry-belkadi.fr\/index.php\/luxury-private-cab\/#primaryimage"},"thumbnailUrl":"https:\/\/catherine-castry-belkadi.fr\/wp-content\/uploads\/2023\/09\/catherine-castry-belkadi-graphisme-plaquette-taxi-LuxuryPrivateCab.jpg","datePublished":"2023-09-30T14:42:55+00:00","dateModified":"2023-10-18T14:12:13+00:00","breadcrumb":{"@id":"https:\/\/catherine-castry-belkadi.fr\/index.php\/luxury-private-cab\/#breadcrumb"},"inLanguage":"fr-FR","potentialAction":[{"@type":"ReadAction","target":["https:\/\/catherine-castry-belkadi.fr\/index.php\/luxury-private-cab\/"]}]},{"@type":"ImageObject","inLanguage":"fr-FR","@id":"https:\/\/catherine-castry-belkadi.fr\/index.php\/luxury-private-cab\/#primaryimage","url":"https:\/\/catherine-castry-belkadi.fr\/wp-content\/uploads\/2023\/09\/catherine-castry-belkadi-graphisme-plaquette-taxi-LuxuryPrivateCab.jpg","contentUrl":"https:\/\/catherine-castry-belkadi.fr\/wp-content\/uploads\/2023\/09\/catherine-castry-belkadi-graphisme-plaquette-taxi-LuxuryPrivateCab.jpg","width":600,"height":600},{"@type":"BreadcrumbList","@id":"https:\/\/catherine-castry-belkadi.fr\/index.php\/luxury-private-cab\/#breadcrumb","itemListElement":[{"@type":"ListItem","position":1,"name":"Accueil","item":"https:\/\/catherine-castry-belkadi.fr\/"},{"@type":"ListItem","position":2,"name":"Luxury Private Cab"}]},{"@type":"WebSite","@id":"https:\/\/catherine-castry-belkadi.fr\/#website","url":"https:\/\/catherine-castry-belkadi.fr\/","name":"Catherine Castry Belkadi","description":"","publisher":{"@id":"https:\/\/catherine-castry-belkadi.fr\/#\/schema\/person\/5dd5293af75046eeb3ac1b00b7f10457"},"potentialAction":[{"@type":"SearchAction","target":{"@type":"EntryPoint","urlTemplate":"https:\/\/catherine-castry-belkadi.fr\/?s={search_term_string}"},"query-input":{"@type":"PropertyValueSpecification","valueRequired":true,"valueName":"search_term_string"}}],"inLanguage":"fr-FR"},{"@type":["Person","Organization"],"@id":"https:\/\/catherine-castry-belkadi.fr\/#\/schema\/person\/5dd5293af75046eeb3ac1b00b7f10457","name":"Catherine","image":{"@type":"ImageObject","inLanguage":"fr-FR","@id":"https:\/\/catherine-castry-belkadi.fr\/wp-content\/uploads\/2020\/12\/web-agency-logo-3.png","url":"https:\/\/catherine-castry-belkadi.fr\/wp-content\/uploads\/2020\/12\/web-agency-logo-3.png","contentUrl":"https:\/\/catherine-castry-belkadi.fr\/wp-content\/uploads\/2020\/12\/web-agency-logo-3.png","width":200,"height":200,"caption":"Catherine"},"logo":{"@id":"https:\/\/catherine-castry-belkadi.fr\/wp-content\/uploads\/2020\/12\/web-agency-logo-3.png"},"sameAs":["https:\/\/catherine-castry-belkadi.fr","https:\/\/www.linkedin.com\/in\/catherine-castry-belkadi"]}]}},"_links":{"self":[{"href":"https:\/\/catherine-castry-belkadi.fr\/index.php\/wp-json\/wp\/v2\/pages\/570","targetHints":{"allow":["GET"]}}],"collection":[{"href":"https:\/\/catherine-castry-belkadi.fr\/index.php\/wp-json\/wp\/v2\/pages"}],"about":[{"href":"https:\/\/catherine-castry-belkadi.fr\/index.php\/wp-json\/wp\/v2\/types\/page"}],"author":[{"embeddable":true,"href":"https:\/\/catherine-castry-belkadi.fr\/index.php\/wp-json\/wp\/v2\/users\/1"}],"replies":[{"embeddable":true,"href":"https:\/\/catherine-castry-belkadi.fr\/index.php\/wp-json\/wp\/v2\/comments?post=570"}],"version-history":[{"count":5,"href":"https:\/\/catherine-castry-belkadi.fr\/index.php\/wp-json\/wp\/v2\/pages\/570\/revisions"}],"predecessor-version":[{"id":1233,"href":"https:\/\/catherine-castry-belkadi.fr\/index.php\/wp-json\/wp\/v2\/pages\/570\/revisions\/1233"}],"wp:attachment":[{"href":"https:\/\/catherine-castry-belkadi.fr\/index.php\/wp-json\/wp\/v2\/media?parent=570"}],"curies":[{"name":"wp","href":"https:\/\/api.w.org\/{rel}","templated":true}]}}