{"id":614,"date":"2023-09-30T18:31:35","date_gmt":"2023-09-30T16:31:35","guid":{"rendered":"https:\/\/jcic.freeboxos.fr\/catherine\/?page_id=614"},"modified":"2023-11-13T17:50:40","modified_gmt":"2023-11-13T16:50:40","slug":"accept-groupe-alizon","status":"publish","type":"page","link":"https:\/\/catherine-castry-belkadi.fr\/index.php\/accept-groupe-alizon\/","title":{"rendered":"Accept Groupe Alizon"},"content":{"rendered":"\n<figure class=\"wp-block-gallery has-nested-images columns-default is-cropped wp-block-gallery-1 is-layout-flex wp-block-gallery-is-layout-flex\">\n<figure class=\"wp-block-image size-large\"><img loading=\"lazy\" decoding=\"async\" width=\"800\" height=\"800\" data-id=\"1530\" src=\"https:\/\/catherine-castry-belkadi.fr\/wp-content\/uploads\/2023\/11\/direction-artistique-catalogue-groupe-alizon-catherine-castry-belkadi-1.jpg\" alt=\"direction-artistique-catalogue-groupe-alizon-catherine-castry-belkadi\" class=\"wp-image-1530\" srcset=\"https:\/\/catherine-castry-belkadi.fr\/wp-content\/uploads\/2023\/11\/direction-artistique-catalogue-groupe-alizon-catherine-castry-belkadi-1.jpg 800w, https:\/\/catherine-castry-belkadi.fr\/wp-content\/uploads\/2023\/11\/direction-artistique-catalogue-groupe-alizon-catherine-castry-belkadi-1-300x300.jpg 300w, https:\/\/catherine-castry-belkadi.fr\/wp-content\/uploads\/2023\/11\/direction-artistique-catalogue-groupe-alizon-catherine-castry-belkadi-1-150x150.jpg 150w, https:\/\/catherine-castry-belkadi.fr\/wp-content\/uploads\/2023\/11\/direction-artistique-catalogue-groupe-alizon-catherine-castry-belkadi-1-768x768.jpg 768w\" sizes=\"auto, (max-width: 800px) 100vw, 800px\" \/><\/figure>\n\n\n\n<figure class=\"wp-block-image size-large\"><img loading=\"lazy\" decoding=\"async\" width=\"800\" height=\"800\" data-id=\"1531\" src=\"https:\/\/catherine-castry-belkadi.fr\/wp-content\/uploads\/2023\/11\/direction-artistique-catalogue-groupe-accept-catherine-castry-belkadi.jpg\" alt=\"direction-artistique-catalogue-groupe-accept-catherine-castry-belkadi\" class=\"wp-image-1531\" srcset=\"https:\/\/catherine-castry-belkadi.fr\/wp-content\/uploads\/2023\/11\/direction-artistique-catalogue-groupe-accept-catherine-castry-belkadi.jpg 800w, https:\/\/catherine-castry-belkadi.fr\/wp-content\/uploads\/2023\/11\/direction-artistique-catalogue-groupe-accept-catherine-castry-belkadi-300x300.jpg 300w, https:\/\/catherine-castry-belkadi.fr\/wp-content\/uploads\/2023\/11\/direction-artistique-catalogue-groupe-accept-catherine-castry-belkadi-150x150.jpg 150w, https:\/\/catherine-castry-belkadi.fr\/wp-content\/uploads\/2023\/11\/direction-artistique-catalogue-groupe-accept-catherine-castry-belkadi-768x768.jpg 768w\" sizes=\"auto, (max-width: 800px) 100vw, 800px\" \/><\/figure>\n\n\n\n<figure class=\"wp-block-image size-large\"><img loading=\"lazy\" decoding=\"async\" width=\"800\" height=\"800\" data-id=\"1533\" src=\"https:\/\/catherine-castry-belkadi.fr\/wp-content\/uploads\/2023\/11\/direction-artistique-catalogue-accept-catherine-castry-belkadi.jpg\" alt=\"direction-artistique-catalogue-accept-catherine-castry-belkadi\" class=\"wp-image-1533\" srcset=\"https:\/\/catherine-castry-belkadi.fr\/wp-content\/uploads\/2023\/11\/direction-artistique-catalogue-accept-catherine-castry-belkadi.jpg 800w, https:\/\/catherine-castry-belkadi.fr\/wp-content\/uploads\/2023\/11\/direction-artistique-catalogue-accept-catherine-castry-belkadi-300x300.jpg 300w, https:\/\/catherine-castry-belkadi.fr\/wp-content\/uploads\/2023\/11\/direction-artistique-catalogue-accept-catherine-castry-belkadi-150x150.jpg 150w, https:\/\/catherine-castry-belkadi.fr\/wp-content\/uploads\/2023\/11\/direction-artistique-catalogue-accept-catherine-castry-belkadi-768x768.jpg 768w\" sizes=\"auto, (max-width: 800px) 100vw, 800px\" \/><\/figure>\n\n\n\n<figure class=\"wp-block-image size-large\"><img loading=\"lazy\" decoding=\"async\" width=\"800\" height=\"533\" data-id=\"610\" src=\"https:\/\/catherine-castry-belkadi.fr\/wp-content\/uploads\/2023\/09\/catherine-castry-belkadi-direction-artistique-accept-groupe-alizon-4.jpg\" alt=\"\" class=\"wp-image-610\" srcset=\"https:\/\/catherine-castry-belkadi.fr\/wp-content\/uploads\/2023\/09\/catherine-castry-belkadi-direction-artistique-accept-groupe-alizon-4.jpg 800w, https:\/\/catherine-castry-belkadi.fr\/wp-content\/uploads\/2023\/09\/catherine-castry-belkadi-direction-artistique-accept-groupe-alizon-4-300x200.jpg 300w, https:\/\/catherine-castry-belkadi.fr\/wp-content\/uploads\/2023\/09\/catherine-castry-belkadi-direction-artistique-accept-groupe-alizon-4-768x512.jpg 768w\" sizes=\"auto, (max-width: 800px) 100vw, 800px\" \/><\/figure>\n\n\n\n<figure class=\"wp-block-image size-large\"><img loading=\"lazy\" decoding=\"async\" width=\"800\" height=\"534\" data-id=\"609\" src=\"https:\/\/catherine-castry-belkadi.fr\/wp-content\/uploads\/2023\/09\/catherine-castry-belkadi-direction-artistique-accept-groupe-alizon-3.jpg\" alt=\"\" class=\"wp-image-609\" srcset=\"https:\/\/catherine-castry-belkadi.fr\/wp-content\/uploads\/2023\/09\/catherine-castry-belkadi-direction-artistique-accept-groupe-alizon-3.jpg 800w, https:\/\/catherine-castry-belkadi.fr\/wp-content\/uploads\/2023\/09\/catherine-castry-belkadi-direction-artistique-accept-groupe-alizon-3-300x200.jpg 300w, https:\/\/catherine-castry-belkadi.fr\/wp-content\/uploads\/2023\/09\/catherine-castry-belkadi-direction-artistique-accept-groupe-alizon-3-768x513.jpg 768w\" sizes=\"auto, (max-width: 800px) 100vw, 800px\" \/><\/figure>\n\n\n\n<figure class=\"wp-block-image size-large\"><img loading=\"lazy\" decoding=\"async\" width=\"800\" height=\"534\" data-id=\"607\" src=\"https:\/\/catherine-castry-belkadi.fr\/wp-content\/uploads\/2023\/09\/catherine-castry-belkadi-direction-artistique-accept-groupe-alizon-1.jpg\" alt=\"\" class=\"wp-image-607\" srcset=\"https:\/\/catherine-castry-belkadi.fr\/wp-content\/uploads\/2023\/09\/catherine-castry-belkadi-direction-artistique-accept-groupe-alizon-1.jpg 800w, https:\/\/catherine-castry-belkadi.fr\/wp-content\/uploads\/2023\/09\/catherine-castry-belkadi-direction-artistique-accept-groupe-alizon-1-300x200.jpg 300w, https:\/\/catherine-castry-belkadi.fr\/wp-content\/uploads\/2023\/09\/catherine-castry-belkadi-direction-artistique-accept-groupe-alizon-1-768x513.jpg 768w\" sizes=\"auto, (max-width: 800px) 100vw, 800px\" \/><\/figure>\n<\/figure>\n\n\n\n<div class=\"wp-block-group\"><div class=\"wp-block-group__inner-container is-layout-constrained wp-block-group-is-layout-constrained\">\n<p class=\"has-text-align-left has-couleur-du-texte-color has-text-color has-eccp-large-font-size\" style=\"letter-spacing:0.5px\">Direction artistique des catalogues Accept pour le groupe Alizon Industrie<\/p>\n\n\n\n<p class=\"has-text-align-left has-couleur-primaire-color has-text-color has-eccp-small-font-size\" style=\"letter-spacing:0.2px;line-height:0.9\">CATALOGUES<\/p>\n\n\n\n<hr class=\"wp-block-separator has-text-color has-blanc-casse-fonce-color has-alpha-channel-opacity has-blanc-casse-fonce-background-color has-background\"\/>\n\n\n\n<p class=\"has-couleur-du-texte-color has-text-color has-eccp-small-font-size\" style=\"letter-spacing:1px\">Le groupe Alizon Industrie est d\u00e9di\u00e9 aux achats industriels dans les domaines de l&rsquo;assemblage, l&#8217;emballage, le stockage, la protection et l&rsquo;exp\u00e9dition.<br>C&rsquo;est en tant que directrice artistique et graphiste que j&rsquo;ai con\u00e7u et travaill\u00e9 sur 3 ann\u00e9es en \u00e9quipe \u00e0 l&rsquo;\u00e9laboration de plusieurs catalogues produits en proposant une charte graphique coh\u00e9rente, pr\u00e9cise, une lecture fluide et intuitive r\u00e9pondant aux exigences industrielles du Groupe Alizon.<\/p>\n<\/div><\/div>\n","protected":false},"excerpt":{"rendered":"<p>Direction artistique des catalogues Accept pour le groupe Alizon Industrie CATALOGUES Le groupe Alizon Industrie est d\u00e9di\u00e9 aux achats industriels dans les domaines de l&rsquo;assemblage, l&#8217;emballage, le stockage, la protection et l&rsquo;exp\u00e9dition.C&rsquo;est en tant que directrice artistique et graphiste que j&rsquo;ai con\u00e7u et travaill\u00e9 sur 3 ann\u00e9es en \u00e9quipe \u00e0 l&rsquo;\u00e9laboration de plusieurs catalogues produits&hellip;&nbsp;<a href=\"https:\/\/catherine-castry-belkadi.fr\/index.php\/accept-groupe-alizon\/\" rel=\"bookmark\">Lire la suite &raquo;<span class=\"screen-reader-text\">Accept Groupe Alizon<\/span><\/a><\/p>\n","protected":false},"author":1,"featured_media":0,"parent":0,"menu_order":0,"comment_status":"closed","ping_status":"closed","template":"","meta":{"neve_meta_sidebar":"","neve_meta_container":"","neve_meta_enable_content_width":"","neve_meta_content_width":0,"neve_meta_title_alignment":"","neve_meta_author_avatar":"","neve_post_elements_order":"","neve_meta_disable_header":"","neve_meta_disable_footer":"","neve_meta_disable_title":"","_themeisle_gutenberg_block_has_review":false,"footnotes":""},"class_list":["post-614","page","type-page","status-publish","hentry"],"yoast_head":"<!-- This site is optimized with the Yoast SEO plugin v27.2 - https:\/\/yoast.com\/product\/yoast-seo-wordpress\/ -->\n<title>Accept Groupe Alizon -<\/title>\n<meta name=\"robots\" content=\"index, follow, max-snippet:-1, max-image-preview:large, max-video-preview:-1\" \/>\n<link rel=\"canonical\" href=\"https:\/\/catherine-castry-belkadi.fr\/index.php\/accept-groupe-alizon\/\" \/>\n<meta property=\"og:locale\" content=\"fr_FR\" \/>\n<meta property=\"og:type\" content=\"article\" \/>\n<meta property=\"og:title\" content=\"Accept Groupe Alizon -\" \/>\n<meta property=\"og:description\" content=\"Direction artistique des catalogues Accept pour le groupe Alizon Industrie CATALOGUES Le groupe Alizon Industrie est d\u00e9di\u00e9 aux achats industriels dans les domaines de l&rsquo;assemblage, l&#8217;emballage, le stockage, la protection et l&rsquo;exp\u00e9dition.C&rsquo;est en tant que directrice artistique et graphiste que j&rsquo;ai con\u00e7u et travaill\u00e9 sur 3 ann\u00e9es en \u00e9quipe \u00e0 l&rsquo;\u00e9laboration de plusieurs catalogues produits&hellip;&nbsp;Lire la suite &raquo;Accept Groupe Alizon\" \/>\n<meta property=\"og:url\" content=\"https:\/\/catherine-castry-belkadi.fr\/index.php\/accept-groupe-alizon\/\" \/>\n<meta property=\"article:modified_time\" content=\"2023-11-13T16:50:40+00:00\" \/>\n<meta property=\"og:image\" content=\"https:\/\/catherine-castry-belkadi.fr\/wp-content\/uploads\/2023\/11\/direction-artistique-catalogue-groupe-alizon-catherine-castry-belkadi-1.jpg\" \/>\n<meta name=\"twitter:card\" content=\"summary_large_image\" \/>\n<meta name=\"twitter:label1\" content=\"Dur\u00e9e de lecture estim\u00e9e\" \/>\n\t<meta name=\"twitter:data1\" content=\"2 minutes\" \/>\n<script type=\"application\/ld+json\" class=\"yoast-schema-graph\">{\"@context\":\"https:\/\/schema.org\",\"@graph\":[{\"@type\":\"WebPage\",\"@id\":\"https:\/\/catherine-castry-belkadi.fr\/index.php\/accept-groupe-alizon\/\",\"url\":\"https:\/\/catherine-castry-belkadi.fr\/index.php\/accept-groupe-alizon\/\",\"name\":\"Accept Groupe Alizon -\",\"isPartOf\":{\"@id\":\"https:\/\/catherine-castry-belkadi.fr\/#website\"},\"primaryImageOfPage\":{\"@id\":\"https:\/\/catherine-castry-belkadi.fr\/index.php\/accept-groupe-alizon\/#primaryimage\"},\"image\":{\"@id\":\"https:\/\/catherine-castry-belkadi.fr\/index.php\/accept-groupe-alizon\/#primaryimage\"},\"thumbnailUrl\":\"https:\/\/catherine-castry-belkadi.fr\/wp-content\/uploads\/2023\/11\/direction-artistique-catalogue-groupe-alizon-catherine-castry-belkadi-1.jpg\",\"datePublished\":\"2023-09-30T16:31:35+00:00\",\"dateModified\":\"2023-11-13T16:50:40+00:00\",\"breadcrumb\":{\"@id\":\"https:\/\/catherine-castry-belkadi.fr\/index.php\/accept-groupe-alizon\/#breadcrumb\"},\"inLanguage\":\"fr-FR\",\"potentialAction\":[{\"@type\":\"ReadAction\",\"target\":[\"https:\/\/catherine-castry-belkadi.fr\/index.php\/accept-groupe-alizon\/\"]}]},{\"@type\":\"ImageObject\",\"inLanguage\":\"fr-FR\",\"@id\":\"https:\/\/catherine-castry-belkadi.fr\/index.php\/accept-groupe-alizon\/#primaryimage\",\"url\":\"https:\/\/catherine-castry-belkadi.fr\/wp-content\/uploads\/2023\/11\/direction-artistique-catalogue-groupe-alizon-catherine-castry-belkadi-1.jpg\",\"contentUrl\":\"https:\/\/catherine-castry-belkadi.fr\/wp-content\/uploads\/2023\/11\/direction-artistique-catalogue-groupe-alizon-catherine-castry-belkadi-1.jpg\",\"width\":800,\"height\":800,\"caption\":\"direction-artistique-catalogue-groupe-alizon-catherine-castry-belkadi\"},{\"@type\":\"BreadcrumbList\",\"@id\":\"https:\/\/catherine-castry-belkadi.fr\/index.php\/accept-groupe-alizon\/#breadcrumb\",\"itemListElement\":[{\"@type\":\"ListItem\",\"position\":1,\"name\":\"Accueil\",\"item\":\"https:\/\/catherine-castry-belkadi.fr\/\"},{\"@type\":\"ListItem\",\"position\":2,\"name\":\"Accept Groupe Alizon\"}]},{\"@type\":\"WebSite\",\"@id\":\"https:\/\/catherine-castry-belkadi.fr\/#website\",\"url\":\"https:\/\/catherine-castry-belkadi.fr\/\",\"name\":\"Catherine Castry Belkadi\",\"description\":\"\",\"publisher\":{\"@id\":\"https:\/\/catherine-castry-belkadi.fr\/#\/schema\/person\/5dd5293af75046eeb3ac1b00b7f10457\"},\"potentialAction\":[{\"@type\":\"SearchAction\",\"target\":{\"@type\":\"EntryPoint\",\"urlTemplate\":\"https:\/\/catherine-castry-belkadi.fr\/?s={search_term_string}\"},\"query-input\":{\"@type\":\"PropertyValueSpecification\",\"valueRequired\":true,\"valueName\":\"search_term_string\"}}],\"inLanguage\":\"fr-FR\"},{\"@type\":[\"Person\",\"Organization\"],\"@id\":\"https:\/\/catherine-castry-belkadi.fr\/#\/schema\/person\/5dd5293af75046eeb3ac1b00b7f10457\",\"name\":\"Catherine\",\"image\":{\"@type\":\"ImageObject\",\"inLanguage\":\"fr-FR\",\"@id\":\"https:\/\/catherine-castry-belkadi.fr\/wp-content\/uploads\/2020\/12\/web-agency-logo-3.png\",\"url\":\"https:\/\/catherine-castry-belkadi.fr\/wp-content\/uploads\/2020\/12\/web-agency-logo-3.png\",\"contentUrl\":\"https:\/\/catherine-castry-belkadi.fr\/wp-content\/uploads\/2020\/12\/web-agency-logo-3.png\",\"width\":200,\"height\":200,\"caption\":\"Catherine\"},\"logo\":{\"@id\":\"https:\/\/catherine-castry-belkadi.fr\/wp-content\/uploads\/2020\/12\/web-agency-logo-3.png\"},\"sameAs\":[\"https:\/\/catherine-castry-belkadi.fr\",\"https:\/\/www.linkedin.com\/in\/catherine-castry-belkadi\"]}]}<\/script>\n<!-- \/ Yoast SEO plugin. -->","yoast_head_json":{"title":"Accept Groupe Alizon -","robots":{"index":"index","follow":"follow","max-snippet":"max-snippet:-1","max-image-preview":"max-image-preview:large","max-video-preview":"max-video-preview:-1"},"canonical":"https:\/\/catherine-castry-belkadi.fr\/index.php\/accept-groupe-alizon\/","og_locale":"fr_FR","og_type":"article","og_title":"Accept Groupe Alizon -","og_description":"Direction artistique des catalogues Accept pour le groupe Alizon Industrie CATALOGUES Le groupe Alizon Industrie est d\u00e9di\u00e9 aux achats industriels dans les domaines de l&rsquo;assemblage, l&#8217;emballage, le stockage, la protection et l&rsquo;exp\u00e9dition.C&rsquo;est en tant que directrice artistique et graphiste que j&rsquo;ai con\u00e7u et travaill\u00e9 sur 3 ann\u00e9es en \u00e9quipe \u00e0 l&rsquo;\u00e9laboration de plusieurs catalogues produits&hellip;&nbsp;Lire la suite &raquo;Accept Groupe Alizon","og_url":"https:\/\/catherine-castry-belkadi.fr\/index.php\/accept-groupe-alizon\/","article_modified_time":"2023-11-13T16:50:40+00:00","og_image":[{"url":"https:\/\/catherine-castry-belkadi.fr\/wp-content\/uploads\/2023\/11\/direction-artistique-catalogue-groupe-alizon-catherine-castry-belkadi-1.jpg","type":"","width":"","height":""}],"twitter_card":"summary_large_image","twitter_misc":{"Dur\u00e9e de lecture estim\u00e9e":"2 minutes"},"schema":{"@context":"https:\/\/schema.org","@graph":[{"@type":"WebPage","@id":"https:\/\/catherine-castry-belkadi.fr\/index.php\/accept-groupe-alizon\/","url":"https:\/\/catherine-castry-belkadi.fr\/index.php\/accept-groupe-alizon\/","name":"Accept Groupe Alizon -","isPartOf":{"@id":"https:\/\/catherine-castry-belkadi.fr\/#website"},"primaryImageOfPage":{"@id":"https:\/\/catherine-castry-belkadi.fr\/index.php\/accept-groupe-alizon\/#primaryimage"},"image":{"@id":"https:\/\/catherine-castry-belkadi.fr\/index.php\/accept-groupe-alizon\/#primaryimage"},"thumbnailUrl":"https:\/\/catherine-castry-belkadi.fr\/wp-content\/uploads\/2023\/11\/direction-artistique-catalogue-groupe-alizon-catherine-castry-belkadi-1.jpg","datePublished":"2023-09-30T16:31:35+00:00","dateModified":"2023-11-13T16:50:40+00:00","breadcrumb":{"@id":"https:\/\/catherine-castry-belkadi.fr\/index.php\/accept-groupe-alizon\/#breadcrumb"},"inLanguage":"fr-FR","potentialAction":[{"@type":"ReadAction","target":["https:\/\/catherine-castry-belkadi.fr\/index.php\/accept-groupe-alizon\/"]}]},{"@type":"ImageObject","inLanguage":"fr-FR","@id":"https:\/\/catherine-castry-belkadi.fr\/index.php\/accept-groupe-alizon\/#primaryimage","url":"https:\/\/catherine-castry-belkadi.fr\/wp-content\/uploads\/2023\/11\/direction-artistique-catalogue-groupe-alizon-catherine-castry-belkadi-1.jpg","contentUrl":"https:\/\/catherine-castry-belkadi.fr\/wp-content\/uploads\/2023\/11\/direction-artistique-catalogue-groupe-alizon-catherine-castry-belkadi-1.jpg","width":800,"height":800,"caption":"direction-artistique-catalogue-groupe-alizon-catherine-castry-belkadi"},{"@type":"BreadcrumbList","@id":"https:\/\/catherine-castry-belkadi.fr\/index.php\/accept-groupe-alizon\/#breadcrumb","itemListElement":[{"@type":"ListItem","position":1,"name":"Accueil","item":"https:\/\/catherine-castry-belkadi.fr\/"},{"@type":"ListItem","position":2,"name":"Accept Groupe Alizon"}]},{"@type":"WebSite","@id":"https:\/\/catherine-castry-belkadi.fr\/#website","url":"https:\/\/catherine-castry-belkadi.fr\/","name":"Catherine Castry Belkadi","description":"","publisher":{"@id":"https:\/\/catherine-castry-belkadi.fr\/#\/schema\/person\/5dd5293af75046eeb3ac1b00b7f10457"},"potentialAction":[{"@type":"SearchAction","target":{"@type":"EntryPoint","urlTemplate":"https:\/\/catherine-castry-belkadi.fr\/?s={search_term_string}"},"query-input":{"@type":"PropertyValueSpecification","valueRequired":true,"valueName":"search_term_string"}}],"inLanguage":"fr-FR"},{"@type":["Person","Organization"],"@id":"https:\/\/catherine-castry-belkadi.fr\/#\/schema\/person\/5dd5293af75046eeb3ac1b00b7f10457","name":"Catherine","image":{"@type":"ImageObject","inLanguage":"fr-FR","@id":"https:\/\/catherine-castry-belkadi.fr\/wp-content\/uploads\/2020\/12\/web-agency-logo-3.png","url":"https:\/\/catherine-castry-belkadi.fr\/wp-content\/uploads\/2020\/12\/web-agency-logo-3.png","contentUrl":"https:\/\/catherine-castry-belkadi.fr\/wp-content\/uploads\/2020\/12\/web-agency-logo-3.png","width":200,"height":200,"caption":"Catherine"},"logo":{"@id":"https:\/\/catherine-castry-belkadi.fr\/wp-content\/uploads\/2020\/12\/web-agency-logo-3.png"},"sameAs":["https:\/\/catherine-castry-belkadi.fr","https:\/\/www.linkedin.com\/in\/catherine-castry-belkadi"]}]}},"_links":{"self":[{"href":"https:\/\/catherine-castry-belkadi.fr\/index.php\/wp-json\/wp\/v2\/pages\/614","targetHints":{"allow":["GET"]}}],"collection":[{"href":"https:\/\/catherine-castry-belkadi.fr\/index.php\/wp-json\/wp\/v2\/pages"}],"about":[{"href":"https:\/\/catherine-castry-belkadi.fr\/index.php\/wp-json\/wp\/v2\/types\/page"}],"author":[{"embeddable":true,"href":"https:\/\/catherine-castry-belkadi.fr\/index.php\/wp-json\/wp\/v2\/users\/1"}],"replies":[{"embeddable":true,"href":"https:\/\/catherine-castry-belkadi.fr\/index.php\/wp-json\/wp\/v2\/comments?post=614"}],"version-history":[{"count":6,"href":"https:\/\/catherine-castry-belkadi.fr\/index.php\/wp-json\/wp\/v2\/pages\/614\/revisions"}],"predecessor-version":[{"id":1534,"href":"https:\/\/catherine-castry-belkadi.fr\/index.php\/wp-json\/wp\/v2\/pages\/614\/revisions\/1534"}],"wp:attachment":[{"href":"https:\/\/catherine-castry-belkadi.fr\/index.php\/wp-json\/wp\/v2\/media?parent=614"}],"curies":[{"name":"wp","href":"https:\/\/api.w.org\/{rel}","templated":true}]}}