{"id":619,"date":"2023-09-30T18:52:59","date_gmt":"2023-09-30T16:52:59","guid":{"rendered":"https:\/\/jcic.freeboxos.fr\/catherine\/?page_id=619"},"modified":"2023-11-13T15:25:31","modified_gmt":"2023-11-13T14:25:31","slug":"lalsace-a-table","status":"publish","type":"page","link":"https:\/\/catherine-castry-belkadi.fr\/index.php\/lalsace-a-table\/","title":{"rendered":"L&rsquo;Alsace \u00e0 Table"},"content":{"rendered":"\n<figure class=\"wp-block-gallery has-nested-images columns-default is-cropped wp-block-gallery-1 is-layout-flex wp-block-gallery-is-layout-flex\">\n<figure class=\"wp-block-image size-large\"><img loading=\"lazy\" decoding=\"async\" width=\"600\" height=\"600\" data-id=\"618\" src=\"https:\/\/catherine-castry-belkadi.fr\/wp-content\/uploads\/2023\/09\/catherine-castry-belkadi-graphisme-identite-visuelle-alsace-a-table-2.jpg\" alt=\"\" class=\"wp-image-618\" srcset=\"https:\/\/catherine-castry-belkadi.fr\/wp-content\/uploads\/2023\/09\/catherine-castry-belkadi-graphisme-identite-visuelle-alsace-a-table-2.jpg 600w, https:\/\/catherine-castry-belkadi.fr\/wp-content\/uploads\/2023\/09\/catherine-castry-belkadi-graphisme-identite-visuelle-alsace-a-table-2-300x300.jpg 300w, https:\/\/catherine-castry-belkadi.fr\/wp-content\/uploads\/2023\/09\/catherine-castry-belkadi-graphisme-identite-visuelle-alsace-a-table-2-150x150.jpg 150w\" sizes=\"auto, (max-width: 600px) 100vw, 600px\" \/><\/figure>\n\n\n\n<figure class=\"wp-block-image size-large\"><img loading=\"lazy\" decoding=\"async\" width=\"600\" height=\"600\" data-id=\"617\" src=\"https:\/\/catherine-castry-belkadi.fr\/wp-content\/uploads\/2023\/09\/catherine-castry-belkadi-graphisme-identite-visuelle-alsace-a-table-3.jpg\" alt=\"\" class=\"wp-image-617\" srcset=\"https:\/\/catherine-castry-belkadi.fr\/wp-content\/uploads\/2023\/09\/catherine-castry-belkadi-graphisme-identite-visuelle-alsace-a-table-3.jpg 600w, https:\/\/catherine-castry-belkadi.fr\/wp-content\/uploads\/2023\/09\/catherine-castry-belkadi-graphisme-identite-visuelle-alsace-a-table-3-300x300.jpg 300w, https:\/\/catherine-castry-belkadi.fr\/wp-content\/uploads\/2023\/09\/catherine-castry-belkadi-graphisme-identite-visuelle-alsace-a-table-3-150x150.jpg 150w\" sizes=\"auto, (max-width: 600px) 100vw, 600px\" \/><\/figure>\n\n\n\n<figure class=\"wp-block-image size-large\"><img loading=\"lazy\" decoding=\"async\" width=\"600\" height=\"600\" data-id=\"584\" src=\"https:\/\/catherine-castry-belkadi.fr\/wp-content\/uploads\/2023\/09\/catherine-castry-belkadi-graphisme-identite-visuelle-alsace-a-table.jpg\" alt=\"catherine-castry-belkadi-identite-visuelle-alsace-a-table\" class=\"wp-image-584\" srcset=\"https:\/\/catherine-castry-belkadi.fr\/wp-content\/uploads\/2023\/09\/catherine-castry-belkadi-graphisme-identite-visuelle-alsace-a-table.jpg 600w, https:\/\/catherine-castry-belkadi.fr\/wp-content\/uploads\/2023\/09\/catherine-castry-belkadi-graphisme-identite-visuelle-alsace-a-table-300x300.jpg 300w, https:\/\/catherine-castry-belkadi.fr\/wp-content\/uploads\/2023\/09\/catherine-castry-belkadi-graphisme-identite-visuelle-alsace-a-table-150x150.jpg 150w\" sizes=\"auto, (max-width: 600px) 100vw, 600px\" \/><\/figure>\n<\/figure>\n\n\n\n<div class=\"wp-block-group\"><div class=\"wp-block-group__inner-container is-layout-constrained wp-block-group-is-layout-constrained\">\n<p class=\"has-text-align-left has-couleur-du-texte-color has-text-color has-eccp-large-font-size\" style=\"letter-spacing:0.5px\">Le Restaurant L\u2019 Alsace \u00e0 Table est un lieu de gastronomie r\u00e9gionale<\/p>\n\n\n\n<p class=\"has-text-align-left has-couleur-primaire-color has-text-color has-eccp-small-font-size\" style=\"letter-spacing:0.2px\">LOGOTYPE &#8211; IDENTIT\u00c9 VISUELLE<br>CARTES DE RESTAURANT ET DE VISITE<\/p>\n\n\n\n<hr class=\"wp-block-separator has-text-color has-blanc-casse-fonce-color has-alpha-channel-opacity has-blanc-casse-fonce-background-color has-background\"\/>\n\n\n\n<p class=\"has-couleur-du-texte-color has-text-color has-eccp-small-font-size\" style=\"letter-spacing:1px\">Proposer une identit\u00e9 visuelle au restaurant l\u2019Alsace \u00e0 Table avec un esprit franc et g\u00e9n\u00e9reux et faire d\u00e9couvrir la cuisine de terroir.<br>Jouer avec les symboles embl\u00e9matiques de l\u2019Alsace tout en proposant une charte moderne et fra\u00eeche d\u00e9clinable en signal\u00e9tique, vitrophanie, carte de restaurant et carte de visite.<\/p>\n<\/div><\/div>\n","protected":false},"excerpt":{"rendered":"<p>Le Restaurant L\u2019 Alsace \u00e0 Table est un lieu de gastronomie r\u00e9gionale LOGOTYPE &#8211; IDENTIT\u00c9 VISUELLECARTES DE RESTAURANT ET DE VISITE Proposer une identit\u00e9 visuelle au restaurant l\u2019Alsace \u00e0 Table avec un esprit franc et g\u00e9n\u00e9reux et faire d\u00e9couvrir la cuisine de terroir.Jouer avec les symboles embl\u00e9matiques de l\u2019Alsace tout en proposant une charte moderne&hellip;&nbsp;<a href=\"https:\/\/catherine-castry-belkadi.fr\/index.php\/lalsace-a-table\/\" rel=\"bookmark\">Lire la suite &raquo;<span class=\"screen-reader-text\">L&rsquo;Alsace \u00e0 Table<\/span><\/a><\/p>\n","protected":false},"author":1,"featured_media":0,"parent":0,"menu_order":0,"comment_status":"closed","ping_status":"closed","template":"","meta":{"neve_meta_sidebar":"","neve_meta_container":"","neve_meta_enable_content_width":"","neve_meta_content_width":0,"neve_meta_title_alignment":"","neve_meta_author_avatar":"","neve_post_elements_order":"","neve_meta_disable_header":"","neve_meta_disable_footer":"","neve_meta_disable_title":"","_themeisle_gutenberg_block_has_review":false,"footnotes":""},"class_list":["post-619","page","type-page","status-publish","hentry"],"yoast_head":"<!-- This site is optimized with the Yoast SEO plugin v27.2 - https:\/\/yoast.com\/product\/yoast-seo-wordpress\/ -->\n<title>L&#039;Alsace \u00e0 Table -<\/title>\n<meta name=\"robots\" content=\"index, follow, max-snippet:-1, max-image-preview:large, max-video-preview:-1\" \/>\n<link rel=\"canonical\" href=\"https:\/\/catherine-castry-belkadi.fr\/index.php\/lalsace-a-table\/\" \/>\n<meta property=\"og:locale\" content=\"fr_FR\" \/>\n<meta property=\"og:type\" content=\"article\" \/>\n<meta property=\"og:title\" content=\"L&#039;Alsace \u00e0 Table -\" \/>\n<meta property=\"og:description\" content=\"Le Restaurant L\u2019 Alsace \u00e0 Table est un lieu de gastronomie r\u00e9gionale LOGOTYPE &#8211; IDENTIT\u00c9 VISUELLECARTES DE RESTAURANT ET DE VISITE Proposer une identit\u00e9 visuelle au restaurant l\u2019Alsace \u00e0 Table avec un esprit franc et g\u00e9n\u00e9reux et faire d\u00e9couvrir la cuisine de terroir.Jouer avec les symboles embl\u00e9matiques de l\u2019Alsace tout en proposant une charte moderne&hellip;&nbsp;Lire la suite &raquo;L&rsquo;Alsace \u00e0 Table\" \/>\n<meta property=\"og:url\" content=\"https:\/\/catherine-castry-belkadi.fr\/index.php\/lalsace-a-table\/\" \/>\n<meta property=\"article:modified_time\" content=\"2023-11-13T14:25:31+00:00\" \/>\n<meta property=\"og:image\" content=\"https:\/\/catherine-castry-belkadi.fr\/wp-content\/uploads\/2023\/09\/catherine-castry-belkadi-graphisme-identite-visuelle-alsace-a-table-2.jpg\" \/>\n<meta name=\"twitter:card\" content=\"summary_large_image\" \/>\n<meta name=\"twitter:label1\" content=\"Dur\u00e9e de lecture estim\u00e9e\" \/>\n\t<meta name=\"twitter:data1\" content=\"1 minute\" \/>\n<script type=\"application\/ld+json\" class=\"yoast-schema-graph\">{\"@context\":\"https:\/\/schema.org\",\"@graph\":[{\"@type\":\"WebPage\",\"@id\":\"https:\/\/catherine-castry-belkadi.fr\/index.php\/lalsace-a-table\/\",\"url\":\"https:\/\/catherine-castry-belkadi.fr\/index.php\/lalsace-a-table\/\",\"name\":\"L'Alsace \u00e0 Table -\",\"isPartOf\":{\"@id\":\"https:\/\/catherine-castry-belkadi.fr\/#website\"},\"primaryImageOfPage\":{\"@id\":\"https:\/\/catherine-castry-belkadi.fr\/index.php\/lalsace-a-table\/#primaryimage\"},\"image\":{\"@id\":\"https:\/\/catherine-castry-belkadi.fr\/index.php\/lalsace-a-table\/#primaryimage\"},\"thumbnailUrl\":\"https:\/\/catherine-castry-belkadi.fr\/wp-content\/uploads\/2023\/09\/catherine-castry-belkadi-graphisme-identite-visuelle-alsace-a-table-2.jpg\",\"datePublished\":\"2023-09-30T16:52:59+00:00\",\"dateModified\":\"2023-11-13T14:25:31+00:00\",\"breadcrumb\":{\"@id\":\"https:\/\/catherine-castry-belkadi.fr\/index.php\/lalsace-a-table\/#breadcrumb\"},\"inLanguage\":\"fr-FR\",\"potentialAction\":[{\"@type\":\"ReadAction\",\"target\":[\"https:\/\/catherine-castry-belkadi.fr\/index.php\/lalsace-a-table\/\"]}]},{\"@type\":\"ImageObject\",\"inLanguage\":\"fr-FR\",\"@id\":\"https:\/\/catherine-castry-belkadi.fr\/index.php\/lalsace-a-table\/#primaryimage\",\"url\":\"https:\/\/catherine-castry-belkadi.fr\/wp-content\/uploads\/2023\/09\/catherine-castry-belkadi-graphisme-identite-visuelle-alsace-a-table-2.jpg\",\"contentUrl\":\"https:\/\/catherine-castry-belkadi.fr\/wp-content\/uploads\/2023\/09\/catherine-castry-belkadi-graphisme-identite-visuelle-alsace-a-table-2.jpg\",\"width\":600,\"height\":600},{\"@type\":\"BreadcrumbList\",\"@id\":\"https:\/\/catherine-castry-belkadi.fr\/index.php\/lalsace-a-table\/#breadcrumb\",\"itemListElement\":[{\"@type\":\"ListItem\",\"position\":1,\"name\":\"Accueil\",\"item\":\"https:\/\/catherine-castry-belkadi.fr\/\"},{\"@type\":\"ListItem\",\"position\":2,\"name\":\"L&rsquo;Alsace \u00e0 Table\"}]},{\"@type\":\"WebSite\",\"@id\":\"https:\/\/catherine-castry-belkadi.fr\/#website\",\"url\":\"https:\/\/catherine-castry-belkadi.fr\/\",\"name\":\"Catherine Castry Belkadi\",\"description\":\"\",\"publisher\":{\"@id\":\"https:\/\/catherine-castry-belkadi.fr\/#\/schema\/person\/5dd5293af75046eeb3ac1b00b7f10457\"},\"potentialAction\":[{\"@type\":\"SearchAction\",\"target\":{\"@type\":\"EntryPoint\",\"urlTemplate\":\"https:\/\/catherine-castry-belkadi.fr\/?s={search_term_string}\"},\"query-input\":{\"@type\":\"PropertyValueSpecification\",\"valueRequired\":true,\"valueName\":\"search_term_string\"}}],\"inLanguage\":\"fr-FR\"},{\"@type\":[\"Person\",\"Organization\"],\"@id\":\"https:\/\/catherine-castry-belkadi.fr\/#\/schema\/person\/5dd5293af75046eeb3ac1b00b7f10457\",\"name\":\"Catherine\",\"image\":{\"@type\":\"ImageObject\",\"inLanguage\":\"fr-FR\",\"@id\":\"https:\/\/catherine-castry-belkadi.fr\/wp-content\/uploads\/2020\/12\/web-agency-logo-3.png\",\"url\":\"https:\/\/catherine-castry-belkadi.fr\/wp-content\/uploads\/2020\/12\/web-agency-logo-3.png\",\"contentUrl\":\"https:\/\/catherine-castry-belkadi.fr\/wp-content\/uploads\/2020\/12\/web-agency-logo-3.png\",\"width\":200,\"height\":200,\"caption\":\"Catherine\"},\"logo\":{\"@id\":\"https:\/\/catherine-castry-belkadi.fr\/wp-content\/uploads\/2020\/12\/web-agency-logo-3.png\"},\"sameAs\":[\"https:\/\/catherine-castry-belkadi.fr\",\"https:\/\/www.linkedin.com\/in\/catherine-castry-belkadi\"]}]}<\/script>\n<!-- \/ Yoast SEO plugin. -->","yoast_head_json":{"title":"L'Alsace \u00e0 Table -","robots":{"index":"index","follow":"follow","max-snippet":"max-snippet:-1","max-image-preview":"max-image-preview:large","max-video-preview":"max-video-preview:-1"},"canonical":"https:\/\/catherine-castry-belkadi.fr\/index.php\/lalsace-a-table\/","og_locale":"fr_FR","og_type":"article","og_title":"L'Alsace \u00e0 Table -","og_description":"Le Restaurant L\u2019 Alsace \u00e0 Table est un lieu de gastronomie r\u00e9gionale LOGOTYPE &#8211; IDENTIT\u00c9 VISUELLECARTES DE RESTAURANT ET DE VISITE Proposer une identit\u00e9 visuelle au restaurant l\u2019Alsace \u00e0 Table avec un esprit franc et g\u00e9n\u00e9reux et faire d\u00e9couvrir la cuisine de terroir.Jouer avec les symboles embl\u00e9matiques de l\u2019Alsace tout en proposant une charte moderne&hellip;&nbsp;Lire la suite &raquo;L&rsquo;Alsace \u00e0 Table","og_url":"https:\/\/catherine-castry-belkadi.fr\/index.php\/lalsace-a-table\/","article_modified_time":"2023-11-13T14:25:31+00:00","og_image":[{"url":"https:\/\/catherine-castry-belkadi.fr\/wp-content\/uploads\/2023\/09\/catherine-castry-belkadi-graphisme-identite-visuelle-alsace-a-table-2.jpg","type":"","width":"","height":""}],"twitter_card":"summary_large_image","twitter_misc":{"Dur\u00e9e de lecture estim\u00e9e":"1 minute"},"schema":{"@context":"https:\/\/schema.org","@graph":[{"@type":"WebPage","@id":"https:\/\/catherine-castry-belkadi.fr\/index.php\/lalsace-a-table\/","url":"https:\/\/catherine-castry-belkadi.fr\/index.php\/lalsace-a-table\/","name":"L'Alsace \u00e0 Table -","isPartOf":{"@id":"https:\/\/catherine-castry-belkadi.fr\/#website"},"primaryImageOfPage":{"@id":"https:\/\/catherine-castry-belkadi.fr\/index.php\/lalsace-a-table\/#primaryimage"},"image":{"@id":"https:\/\/catherine-castry-belkadi.fr\/index.php\/lalsace-a-table\/#primaryimage"},"thumbnailUrl":"https:\/\/catherine-castry-belkadi.fr\/wp-content\/uploads\/2023\/09\/catherine-castry-belkadi-graphisme-identite-visuelle-alsace-a-table-2.jpg","datePublished":"2023-09-30T16:52:59+00:00","dateModified":"2023-11-13T14:25:31+00:00","breadcrumb":{"@id":"https:\/\/catherine-castry-belkadi.fr\/index.php\/lalsace-a-table\/#breadcrumb"},"inLanguage":"fr-FR","potentialAction":[{"@type":"ReadAction","target":["https:\/\/catherine-castry-belkadi.fr\/index.php\/lalsace-a-table\/"]}]},{"@type":"ImageObject","inLanguage":"fr-FR","@id":"https:\/\/catherine-castry-belkadi.fr\/index.php\/lalsace-a-table\/#primaryimage","url":"https:\/\/catherine-castry-belkadi.fr\/wp-content\/uploads\/2023\/09\/catherine-castry-belkadi-graphisme-identite-visuelle-alsace-a-table-2.jpg","contentUrl":"https:\/\/catherine-castry-belkadi.fr\/wp-content\/uploads\/2023\/09\/catherine-castry-belkadi-graphisme-identite-visuelle-alsace-a-table-2.jpg","width":600,"height":600},{"@type":"BreadcrumbList","@id":"https:\/\/catherine-castry-belkadi.fr\/index.php\/lalsace-a-table\/#breadcrumb","itemListElement":[{"@type":"ListItem","position":1,"name":"Accueil","item":"https:\/\/catherine-castry-belkadi.fr\/"},{"@type":"ListItem","position":2,"name":"L&rsquo;Alsace \u00e0 Table"}]},{"@type":"WebSite","@id":"https:\/\/catherine-castry-belkadi.fr\/#website","url":"https:\/\/catherine-castry-belkadi.fr\/","name":"Catherine Castry Belkadi","description":"","publisher":{"@id":"https:\/\/catherine-castry-belkadi.fr\/#\/schema\/person\/5dd5293af75046eeb3ac1b00b7f10457"},"potentialAction":[{"@type":"SearchAction","target":{"@type":"EntryPoint","urlTemplate":"https:\/\/catherine-castry-belkadi.fr\/?s={search_term_string}"},"query-input":{"@type":"PropertyValueSpecification","valueRequired":true,"valueName":"search_term_string"}}],"inLanguage":"fr-FR"},{"@type":["Person","Organization"],"@id":"https:\/\/catherine-castry-belkadi.fr\/#\/schema\/person\/5dd5293af75046eeb3ac1b00b7f10457","name":"Catherine","image":{"@type":"ImageObject","inLanguage":"fr-FR","@id":"https:\/\/catherine-castry-belkadi.fr\/wp-content\/uploads\/2020\/12\/web-agency-logo-3.png","url":"https:\/\/catherine-castry-belkadi.fr\/wp-content\/uploads\/2020\/12\/web-agency-logo-3.png","contentUrl":"https:\/\/catherine-castry-belkadi.fr\/wp-content\/uploads\/2020\/12\/web-agency-logo-3.png","width":200,"height":200,"caption":"Catherine"},"logo":{"@id":"https:\/\/catherine-castry-belkadi.fr\/wp-content\/uploads\/2020\/12\/web-agency-logo-3.png"},"sameAs":["https:\/\/catherine-castry-belkadi.fr","https:\/\/www.linkedin.com\/in\/catherine-castry-belkadi"]}]}},"_links":{"self":[{"href":"https:\/\/catherine-castry-belkadi.fr\/index.php\/wp-json\/wp\/v2\/pages\/619","targetHints":{"allow":["GET"]}}],"collection":[{"href":"https:\/\/catherine-castry-belkadi.fr\/index.php\/wp-json\/wp\/v2\/pages"}],"about":[{"href":"https:\/\/catherine-castry-belkadi.fr\/index.php\/wp-json\/wp\/v2\/types\/page"}],"author":[{"embeddable":true,"href":"https:\/\/catherine-castry-belkadi.fr\/index.php\/wp-json\/wp\/v2\/users\/1"}],"replies":[{"embeddable":true,"href":"https:\/\/catherine-castry-belkadi.fr\/index.php\/wp-json\/wp\/v2\/comments?post=619"}],"version-history":[{"count":6,"href":"https:\/\/catherine-castry-belkadi.fr\/index.php\/wp-json\/wp\/v2\/pages\/619\/revisions"}],"predecessor-version":[{"id":1486,"href":"https:\/\/catherine-castry-belkadi.fr\/index.php\/wp-json\/wp\/v2\/pages\/619\/revisions\/1486"}],"wp:attachment":[{"href":"https:\/\/catherine-castry-belkadi.fr\/index.php\/wp-json\/wp\/v2\/media?parent=619"}],"curies":[{"name":"wp","href":"https:\/\/api.w.org\/{rel}","templated":true}]}}