{"id":952,"date":"2023-10-09T12:34:25","date_gmt":"2023-10-09T10:34:25","guid":{"rendered":"https:\/\/catherine-castry-belkadi.fr\/?page_id=952"},"modified":"2023-11-13T15:18:10","modified_gmt":"2023-11-13T14:18:10","slug":"mentions-legales","status":"publish","type":"page","link":"https:\/\/catherine-castry-belkadi.fr\/index.php\/mentions-legales\/","title":{"rendered":"Mentions l\u00e9gales"},"content":{"rendered":"\n<h2 class=\"wp-block-heading has-couleur-du-texte-color has-text-color has-link-color wp-elements-f421fe61d184916675f282f170da3707\" style=\"font-size:15px\"><strong>1 &#8211; \u00c9DITION DU SITE<\/strong><\/h2>\n\n\n\n<p class=\"has-couleur-du-texte-color has-text-color has-link-color wp-elements-6b8b3c807d3120b235d2552d7f2ca8ad\" style=\"font-size:15px;line-height:1.5\">En vertu de&nbsp;<a href=\"https:\/\/www.legifrance.gouv.fr\/affichTexte.do?cidTexte=JORFTEXT000000801164#LEGIARTI000042038977\">l&rsquo;article 6 de la loi n\u00b0 2004-575 du 21 juin 2004<\/a>&nbsp;pour la confiance dans l&rsquo;\u00e9conomie num\u00e9rique, il est pr\u00e9cis\u00e9 aux utilisateurs du site internet&nbsp;<strong>https:\/\/catherine-castry-belkadi.fr\/<\/strong>&nbsp;l&rsquo;identit\u00e9 des diff\u00e9rents intervenants dans le cadre de sa r\u00e9alisation et de son suivi :<\/p>\n\n\n\n<p class=\"has-couleur-du-texte-color has-text-color has-link-color wp-elements-30751bdb224573c1e9c08f032e49ced2\" style=\"font-size:15px;line-height:1.5\"><strong>Propri\u00e9taire du site : <\/strong>Catherine Castry Belkadi &#8211; Contact :&nbsp;<a href=\"mailto:cbelkadi@wanadoo.fr\">cbelkadi@wanadoo.fr<\/a> &#8211; 0682632321 &#8211; Adresse :&nbsp;11 rue Pierre et Marie Curie 26120 Chabeuil.<\/p>\n\n\n\n<p class=\"has-couleur-du-texte-color has-text-color has-link-color wp-elements-747d0e30c5a3acb5ebde71c322b0d1e5\" style=\"font-size:15px;line-height:1.5\"><strong>Identification de l&rsquo;entreprise : <\/strong>Catherine Castry Belkadi &#8211; N\u00b0 de SIRET 399 756 857 00039 &#8211; code APE 9003A&nbsp;&#8211; Adresse postale :&nbsp;11 rue Pierre et Marie Curie &#8211; 26120 Chabeuil&nbsp;<\/p>\n\n\n\n<p class=\"has-couleur-du-texte-color has-text-color has-link-color wp-elements-c68e502a74b1c56b6a14447ccee737b1\" style=\"font-size:15px;line-height:1.5\"><strong>Directrice de la publication : <\/strong>Castry Belkadi Catherine &#8211; Contact :&nbsp;<a href=\"mailto:cbelkadi@wanadoo.fr\">cbelkadi@wanadoo.fr<\/a><\/p>\n\n\n\n<p class=\"has-couleur-du-texte-color has-text-color has-link-color wp-elements-c383ea349cdabed76a8cbb37b1493665\" style=\"font-size:15px;line-height:1.5\">Le responsable publication est une personne physique.<\/p>\n\n\n\n<p class=\"has-couleur-du-texte-color has-text-color has-link-color wp-elements-589386f269f80da74406b346be8b6f3f\" style=\"font-size:15px;line-height:1.5\"><strong>Cr\u00e9ateur du site \/ Webdesign<\/strong> : Catherine Castry Belkadi<\/p>\n\n\n\n<p class=\"has-couleur-du-texte-color has-text-color has-link-color wp-elements-9f8a24472d27376ef4a00709933ea0d3\" style=\"font-size:15px;line-height:1.5\"><strong>H\u00e9bergeur :<\/strong>&nbsp; JC Ing\u00e9nierie Conseils &#8211; 11 rue Pierre et Marie Curie &#8211; 26120 Chabeuil<\/p>\n\n\n\n<hr class=\"wp-block-separator has-alpha-channel-opacity\"\/>\n\n\n\n<h2 class=\"wp-block-heading has-couleur-du-texte-color has-text-color has-link-color wp-elements-2f1e8c61c9e7ee08444bdf2656ef86dc\" style=\"font-size:15px\"><strong>2 &#8211; PROPRI\u00c9T\u00c9S INTELLECTUELLES ET CONTREFA\u00c7ONS<\/strong><\/h2>\n\n\n\n<p class=\"has-couleur-du-texte-color has-text-color has-link-color wp-elements-a43d4e49ae137d8200055c0a88ed44ea\" style=\"font-size:15px\"><strong>Catherine Castry Belkadi<\/strong>&nbsp;est propri\u00e9taire des droits de propri\u00e9t\u00e9 intellectuelle et d\u00e9tient les droits d\u2019usage sur tous les \u00e9l\u00e9ments accessibles sur le site internet, notamment les textes, images, graphismes, logos, vid\u00e9os, architecture, ic\u00f4nes et sons.<\/p>\n\n\n\n<p class=\"has-couleur-du-texte-color has-text-color has-link-color wp-elements-e88b2fc804078a614c3c4eebf2812c3a\" style=\"font-size:15px\">Toute reproduction, repr\u00e9sentation, modification, publication, adaptation de tout ou partie des \u00e9l\u00e9ments du site, quel que soit le moyen ou le proc\u00e9d\u00e9 utilis\u00e9, est interdite, sauf autorisation \u00e9crite pr\u00e9alable de&nbsp;<strong>Catherine Castry Belkadi<\/strong>.<\/p>\n\n\n\n<p class=\"has-couleur-du-texte-color has-text-color has-link-color wp-elements-3975e5ececbd63313f441ba11c37ebe5\" style=\"font-size:15px\">Toute exploitation non autoris\u00e9e du site ou de l\u2019un quelconque des \u00e9l\u00e9ments qu\u2019il contient sera consid\u00e9r\u00e9e comme constitutive d\u2019une contrefa\u00e7on et poursuivie conform\u00e9ment aux dispositions des articles&nbsp;<a href=\"https:\/\/www.legifrance.gouv.fr\/affichCodeArticle.do?idArticle=LEGIARTI000032655082&amp;cidTexte=LEGITEXT000006069414&amp;dateTexte=20160605\">L.335-2 et suivants du Code de Propri\u00e9t\u00e9 Intellectuelle<\/a>.<\/p>\n\n\n\n<hr class=\"wp-block-separator has-alpha-channel-opacity\"\/>\n\n\n\n<h2 class=\"wp-block-heading has-couleur-du-texte-color has-text-color has-link-color wp-elements-06d8bb266342974547cce8c4ab6dc731\" style=\"font-size:15px\"><strong>3 &#8211; LIMITATIONS DE RESPONSABILIT\u00c9S<\/strong><\/h2>\n\n\n\n<p class=\"has-couleur-du-texte-color has-text-color has-link-color wp-elements-84f36576014b597f43e2ee837a44e5f6\" style=\"font-size:15px\"><strong>Castry Belkadi Catherine<\/strong>&nbsp;ne pourra \u00eatre tenu pour responsable des dommages directs et indirects caus\u00e9s au mat\u00e9riel de l\u2019utilisateur, lors de l\u2019acc\u00e8s au site&nbsp;<strong>https:\/\/catherine-castry-belkadi.fr\/<\/strong>.<\/p>\n\n\n\n<p class=\"has-couleur-du-texte-color has-text-color has-link-color wp-elements-9e2c4dd2cf43f5da43427916b8e95a1b\" style=\"font-size:15px\"><strong>Castry Belkadi Catherine<\/strong>&nbsp;d\u00e9cline toute responsabilit\u00e9 quant \u00e0 l\u2019utilisation qui pourrait \u00eatre faite des informations et contenus pr\u00e9sents sur&nbsp;<strong>https:\/\/catherine-castry-belkadi.fr\/<\/strong>.<\/p>\n\n\n\n<p class=\"has-couleur-du-texte-color has-text-color has-link-color wp-elements-4c8a0de7bb22fc9c1885d358cf0a31af\" style=\"font-size:15px\"><strong>Castry Belkadi Catherine<\/strong>&nbsp;s\u2019engage \u00e0 s\u00e9curiser au mieux le site&nbsp;<strong>https:\/\/catherine-castry-belkadi.fr\/<\/strong>, cependant sa responsabilit\u00e9 ne pourra \u00eatre mise en cause si des donn\u00e9es ind\u00e9sirables sont import\u00e9es et install\u00e9es sur son site \u00e0 son insu.<\/p>\n\n\n\n<p class=\"has-couleur-du-texte-color has-text-color has-link-color wp-elements-644a757a53f30f358bf5322aaba91516\" style=\"font-size:15px\">Des espaces interactifs (espace contact ou commentaires) sont \u00e0 la disposition des utilisateurs.&nbsp;<strong>Castry Belkadi Catherine<\/strong>&nbsp;se r\u00e9serve le droit de supprimer, sans mise en demeure pr\u00e9alable, tout contenu d\u00e9pos\u00e9 dans cet espace qui contreviendrait \u00e0 la l\u00e9gislation applicable en France, en particulier aux dispositions relatives \u00e0 la protection des donn\u00e9es.<\/p>\n\n\n\n<p class=\"has-couleur-du-texte-color has-text-color has-link-color wp-elements-a380abe335727a13a2210949bf61d760\" style=\"font-size:15px\">Le cas \u00e9ch\u00e9ant,&nbsp;<strong>Castry Belkadi Catherine<\/strong>&nbsp;se r\u00e9serve \u00e9galement la possibilit\u00e9 de mettre en cause la responsabilit\u00e9 civile et\/ou p\u00e9nale de l\u2019utilisateur, notamment en cas de message \u00e0 caract\u00e8re raciste, injurieux, diffamant, ou pornographique, quel que soit le support utilis\u00e9 (texte, photographie \u2026).<\/p>\n\n\n\n<hr class=\"wp-block-separator has-alpha-channel-opacity\"\/>\n\n\n\n<h2 class=\"wp-block-heading has-couleur-du-texte-color has-text-color has-link-color wp-elements-9540459f34d472f7fd29aeecd58c6677\" style=\"font-size:15px\"><strong>4 &#8211; CNIL ET GESTION DES DONN\u00c9ES PERSONNELLES<\/strong><\/h2>\n\n\n\n<p class=\"has-couleur-du-texte-color has-text-color has-link-color wp-elements-2d6017a05c0fa1c559494b4b2416e93f\" style=\"font-size:15px\">Conform\u00e9ment aux dispositions de&nbsp;<a href=\"https:\/\/www.legifrance.gouv.fr\/affichTexte.do?cidTexte=JORFTEXT000000886460\">la loi 78-17 du 6 janvier 1978 modifi\u00e9e<\/a>, l\u2019utilisateur du site&nbsp;<strong>https:\/\/catherine-castry-belkadi.fr\/<\/strong>&nbsp;dispose d\u2019un droit d\u2019acc\u00e8s, de modification et de suppression des informations collect\u00e9es. Pour exercer ce droit, envoyez un message \u00e0 notre D\u00e9l\u00e9gu\u00e9 \u00e0 la Protection des Donn\u00e9es :<\/p>\n\n\n\n<p class=\"has-couleur-du-texte-color has-text-color has-link-color wp-elements-23a394816ba79f76aa1b9c660f676e3d\" style=\"font-size:15px\">Pour plus d&rsquo;informations sur la fa\u00e7on dont nous traitons vos donn\u00e9es (type de donn\u00e9es, finalit\u00e9, destinataire&#8230;), lisez notre\u00a0<strong><strong><a href=\"https:\/\/catherine-castry-belkadi.fr\/index.php\/politique-de-confidentialite\">Politique de Confidentialit\u00e9<\/a><\/strong>.<\/strong><\/p>\n\n\n\n<hr class=\"wp-block-separator has-alpha-channel-opacity\"\/>\n\n\n\n<h2 class=\"wp-block-heading has-couleur-du-texte-color has-text-color has-link-color wp-elements-4205ea2832e0291e06df497747bf5cc5\" style=\"font-size:15px\"><strong>5 &#8211; LIENS HYPERTEXTES &amp; COOKIES<\/strong><\/h2>\n\n\n\n<p class=\"has-couleur-du-texte-color has-text-color has-link-color wp-elements-7835a1fe437b1698148f69312cf541c9\" style=\"font-size:15px\">Le site&nbsp;<strong>https:\/\/catherine-castry-belkadi.fr\/<\/strong>&nbsp;contient des liens hypertextes vers d\u2019autres sites et d\u00e9gage toute responsabilit\u00e9 \u00e0 propos de ces liens externes ou des liens cr\u00e9\u00e9s par d\u2019autres sites vers&nbsp;<strong>https:\/\/catherine-castry-belkadi.fr\/<\/strong>.<\/p>\n\n\n\n<p class=\"has-couleur-du-texte-color has-text-color has-link-color wp-elements-63a29cc4ed45688b44f902c5a0525adf\" style=\"font-size:15px\">La navigation sur le site&nbsp;<strong>https:\/\/catherine-castry-belkadi.fr\/<\/strong>&nbsp;est susceptible de provoquer l\u2019installation de cookie(s) sur l\u2019ordinateur de l\u2019utilisateur.<\/p>\n\n\n\n<p class=\"has-couleur-du-texte-color has-text-color has-link-color wp-elements-2a7de3c4d983da061f7503d4e8d799f7\" style=\"font-size:15px\">Un \u00ab\u00a0cookie\u00a0\u00bb est un fichier de petite taille qui enregistre des informations relatives \u00e0 la navigation d\u2019un utilisateur sur un site. Les donn\u00e9es ainsi obtenues permettent d&rsquo;obtenir des mesures de fr\u00e9quentation, par exemple.<\/p>\n\n\n\n<p class=\"has-couleur-du-texte-color has-text-color has-link-color wp-elements-f582a580cca2373957334e866ba19a51\" style=\"font-size:15px\">Vous avez la possibilit\u00e9&nbsp;<strong>d\u2019accepter ou de refuser les cookies<\/strong>&nbsp;en modifiant les param\u00e8tres de votre navigateur. Aucun cookie ne sera d\u00e9pos\u00e9 sans votre consentement.<\/p>\n\n\n\n<p class=\"has-couleur-du-texte-color has-text-color has-link-color wp-elements-0dcae2142da644a39fed7f77c8502a2e\" style=\"font-size:15px\">Les cookies sont enregistr\u00e9s pour une dur\u00e9e maximale de&nbsp;mois.<\/p>\n\n\n\n<p class=\"has-couleur-du-texte-color has-text-color has-link-color wp-elements-bef90125bdddd6bdfe0965c33d3a7a1d\" style=\"font-size:15px\">Pour plus d&rsquo;informations sur la fa\u00e7on dont nous faisons usage des cookies, lisez notre <strong><a href=\"https:\/\/catherine-castry-belkadi.fr\/index.php\/politique-de-confidentialite\">Politique de Confidentialit\u00e9<\/a><\/strong>.<\/p>\n\n\n\n<hr class=\"wp-block-separator has-alpha-channel-opacity\"\/>\n\n\n\n<h2 class=\"wp-block-heading has-couleur-du-texte-color has-text-color has-link-color wp-elements-5203e2f277adc4beb2cb776d235357ab\" style=\"font-size:15px\"><strong>6 &#8211; DROIT APPLICABLE ET ATTRIBUTION DE JURIDICTION<\/strong><\/h2>\n\n\n\n<p class=\"has-couleur-du-texte-color has-text-color has-link-color wp-elements-f259a5cbe3c917128e70b3fa9536e94a\" style=\"font-size:15px\">Tout litige en relation avec l\u2019utilisation du site\u00a0<strong>https:\/\/catherine-castry-belkadi.fr\/<\/strong>\u00a0est soumis au droit fran\u00e7ais. En dehors des cas o\u00f9 la loi ne le permet pas, il est fait attribution exclusive de juridiction aux tribunaux comp\u00e9tents de\u00a0<strong>Valence<\/strong>.<\/p>\n","protected":false},"excerpt":{"rendered":"<p>1 &#8211; \u00c9DITION DU SITE En vertu de&nbsp;l&rsquo;article 6 de la loi n\u00b0 2004-575 du 21 juin 2004&nbsp;pour la confiance dans l&rsquo;\u00e9conomie num\u00e9rique, il est pr\u00e9cis\u00e9 aux utilisateurs du site internet&nbsp;https:\/\/catherine-castry-belkadi.fr\/&nbsp;l&rsquo;identit\u00e9 des diff\u00e9rents intervenants dans le cadre de sa r\u00e9alisation et de son suivi : Propri\u00e9taire du site : Catherine Castry Belkadi &#8211; Contact :&nbsp;cbelkadi@wanadoo.fr&hellip;&nbsp;<a href=\"https:\/\/catherine-castry-belkadi.fr\/index.php\/mentions-legales\/\" rel=\"bookmark\">Lire la suite &raquo;<span class=\"screen-reader-text\">Mentions l\u00e9gales<\/span><\/a><\/p>\n","protected":false},"author":1,"featured_media":0,"parent":0,"menu_order":0,"comment_status":"closed","ping_status":"closed","template":"","meta":{"neve_meta_sidebar":"","neve_meta_container":"contained","neve_meta_enable_content_width":"","neve_meta_content_width":0,"neve_meta_title_alignment":"","neve_meta_author_avatar":"","neve_post_elements_order":"","neve_meta_disable_header":"off","neve_meta_disable_footer":"","neve_meta_disable_title":"","_themeisle_gutenberg_block_has_review":false,"footnotes":""},"class_list":["post-952","page","type-page","status-publish","hentry"],"yoast_head":"<!-- This site is optimized with the Yoast SEO plugin v27.2 - https:\/\/yoast.com\/product\/yoast-seo-wordpress\/ -->\n<title>Mentions l\u00e9gales -<\/title>\n<meta name=\"robots\" content=\"noindex, nofollow\" \/>\n<meta property=\"og:locale\" content=\"fr_FR\" \/>\n<meta property=\"og:type\" content=\"article\" \/>\n<meta property=\"og:title\" content=\"Mentions l\u00e9gales -\" \/>\n<meta property=\"og:description\" content=\"1 &#8211; \u00c9DITION DU SITE En vertu de&nbsp;l&rsquo;article 6 de la loi n\u00b0 2004-575 du 21 juin 2004&nbsp;pour la confiance dans l&rsquo;\u00e9conomie num\u00e9rique, il est pr\u00e9cis\u00e9 aux utilisateurs du site internet&nbsp;https:\/\/catherine-castry-belkadi.fr\/&nbsp;l&rsquo;identit\u00e9 des diff\u00e9rents intervenants dans le cadre de sa r\u00e9alisation et de son suivi : Propri\u00e9taire du site : Catherine Castry Belkadi &#8211; Contact :&nbsp;cbelkadi@wanadoo.fr&hellip;&nbsp;Lire la suite &raquo;Mentions l\u00e9gales\" \/>\n<meta property=\"og:url\" content=\"https:\/\/catherine-castry-belkadi.fr\/index.php\/mentions-legales\/\" \/>\n<meta property=\"article:modified_time\" content=\"2023-11-13T14:18:10+00:00\" \/>\n<meta name=\"twitter:card\" content=\"summary_large_image\" \/>\n<meta name=\"twitter:label1\" content=\"Dur\u00e9e de lecture estim\u00e9e\" \/>\n\t<meta name=\"twitter:data1\" content=\"4 minutes\" \/>\n<script type=\"application\/ld+json\" class=\"yoast-schema-graph\">{\"@context\":\"https:\/\/schema.org\",\"@graph\":[{\"@type\":\"WebPage\",\"@id\":\"https:\/\/catherine-castry-belkadi.fr\/index.php\/mentions-legales\/\",\"url\":\"https:\/\/catherine-castry-belkadi.fr\/index.php\/mentions-legales\/\",\"name\":\"Mentions l\u00e9gales -\",\"isPartOf\":{\"@id\":\"https:\/\/catherine-castry-belkadi.fr\/#website\"},\"datePublished\":\"2023-10-09T10:34:25+00:00\",\"dateModified\":\"2023-11-13T14:18:10+00:00\",\"breadcrumb\":{\"@id\":\"https:\/\/catherine-castry-belkadi.fr\/index.php\/mentions-legales\/#breadcrumb\"},\"inLanguage\":\"fr-FR\",\"potentialAction\":[{\"@type\":\"ReadAction\",\"target\":[\"https:\/\/catherine-castry-belkadi.fr\/index.php\/mentions-legales\/\"]}]},{\"@type\":\"BreadcrumbList\",\"@id\":\"https:\/\/catherine-castry-belkadi.fr\/index.php\/mentions-legales\/#breadcrumb\",\"itemListElement\":[{\"@type\":\"ListItem\",\"position\":1,\"name\":\"Accueil\",\"item\":\"https:\/\/catherine-castry-belkadi.fr\/\"},{\"@type\":\"ListItem\",\"position\":2,\"name\":\"Mentions l\u00e9gales\"}]},{\"@type\":\"WebSite\",\"@id\":\"https:\/\/catherine-castry-belkadi.fr\/#website\",\"url\":\"https:\/\/catherine-castry-belkadi.fr\/\",\"name\":\"Catherine Castry Belkadi\",\"description\":\"\",\"publisher\":{\"@id\":\"https:\/\/catherine-castry-belkadi.fr\/#\/schema\/person\/5dd5293af75046eeb3ac1b00b7f10457\"},\"potentialAction\":[{\"@type\":\"SearchAction\",\"target\":{\"@type\":\"EntryPoint\",\"urlTemplate\":\"https:\/\/catherine-castry-belkadi.fr\/?s={search_term_string}\"},\"query-input\":{\"@type\":\"PropertyValueSpecification\",\"valueRequired\":true,\"valueName\":\"search_term_string\"}}],\"inLanguage\":\"fr-FR\"},{\"@type\":[\"Person\",\"Organization\"],\"@id\":\"https:\/\/catherine-castry-belkadi.fr\/#\/schema\/person\/5dd5293af75046eeb3ac1b00b7f10457\",\"name\":\"Catherine\",\"image\":{\"@type\":\"ImageObject\",\"inLanguage\":\"fr-FR\",\"@id\":\"https:\/\/catherine-castry-belkadi.fr\/wp-content\/uploads\/2020\/12\/web-agency-logo-3.png\",\"url\":\"https:\/\/catherine-castry-belkadi.fr\/wp-content\/uploads\/2020\/12\/web-agency-logo-3.png\",\"contentUrl\":\"https:\/\/catherine-castry-belkadi.fr\/wp-content\/uploads\/2020\/12\/web-agency-logo-3.png\",\"width\":200,\"height\":200,\"caption\":\"Catherine\"},\"logo\":{\"@id\":\"https:\/\/catherine-castry-belkadi.fr\/wp-content\/uploads\/2020\/12\/web-agency-logo-3.png\"},\"sameAs\":[\"https:\/\/catherine-castry-belkadi.fr\",\"https:\/\/www.linkedin.com\/in\/catherine-castry-belkadi\"]}]}<\/script>\n<!-- \/ Yoast SEO plugin. -->","yoast_head_json":{"title":"Mentions l\u00e9gales -","robots":{"index":"noindex","follow":"nofollow"},"og_locale":"fr_FR","og_type":"article","og_title":"Mentions l\u00e9gales -","og_description":"1 &#8211; \u00c9DITION DU SITE En vertu de&nbsp;l&rsquo;article 6 de la loi n\u00b0 2004-575 du 21 juin 2004&nbsp;pour la confiance dans l&rsquo;\u00e9conomie num\u00e9rique, il est pr\u00e9cis\u00e9 aux utilisateurs du site internet&nbsp;https:\/\/catherine-castry-belkadi.fr\/&nbsp;l&rsquo;identit\u00e9 des diff\u00e9rents intervenants dans le cadre de sa r\u00e9alisation et de son suivi : Propri\u00e9taire du site : Catherine Castry Belkadi &#8211; Contact :&nbsp;cbelkadi@wanadoo.fr&hellip;&nbsp;Lire la suite &raquo;Mentions l\u00e9gales","og_url":"https:\/\/catherine-castry-belkadi.fr\/index.php\/mentions-legales\/","article_modified_time":"2023-11-13T14:18:10+00:00","twitter_card":"summary_large_image","twitter_misc":{"Dur\u00e9e de lecture estim\u00e9e":"4 minutes"},"schema":{"@context":"https:\/\/schema.org","@graph":[{"@type":"WebPage","@id":"https:\/\/catherine-castry-belkadi.fr\/index.php\/mentions-legales\/","url":"https:\/\/catherine-castry-belkadi.fr\/index.php\/mentions-legales\/","name":"Mentions l\u00e9gales -","isPartOf":{"@id":"https:\/\/catherine-castry-belkadi.fr\/#website"},"datePublished":"2023-10-09T10:34:25+00:00","dateModified":"2023-11-13T14:18:10+00:00","breadcrumb":{"@id":"https:\/\/catherine-castry-belkadi.fr\/index.php\/mentions-legales\/#breadcrumb"},"inLanguage":"fr-FR","potentialAction":[{"@type":"ReadAction","target":["https:\/\/catherine-castry-belkadi.fr\/index.php\/mentions-legales\/"]}]},{"@type":"BreadcrumbList","@id":"https:\/\/catherine-castry-belkadi.fr\/index.php\/mentions-legales\/#breadcrumb","itemListElement":[{"@type":"ListItem","position":1,"name":"Accueil","item":"https:\/\/catherine-castry-belkadi.fr\/"},{"@type":"ListItem","position":2,"name":"Mentions l\u00e9gales"}]},{"@type":"WebSite","@id":"https:\/\/catherine-castry-belkadi.fr\/#website","url":"https:\/\/catherine-castry-belkadi.fr\/","name":"Catherine Castry Belkadi","description":"","publisher":{"@id":"https:\/\/catherine-castry-belkadi.fr\/#\/schema\/person\/5dd5293af75046eeb3ac1b00b7f10457"},"potentialAction":[{"@type":"SearchAction","target":{"@type":"EntryPoint","urlTemplate":"https:\/\/catherine-castry-belkadi.fr\/?s={search_term_string}"},"query-input":{"@type":"PropertyValueSpecification","valueRequired":true,"valueName":"search_term_string"}}],"inLanguage":"fr-FR"},{"@type":["Person","Organization"],"@id":"https:\/\/catherine-castry-belkadi.fr\/#\/schema\/person\/5dd5293af75046eeb3ac1b00b7f10457","name":"Catherine","image":{"@type":"ImageObject","inLanguage":"fr-FR","@id":"https:\/\/catherine-castry-belkadi.fr\/wp-content\/uploads\/2020\/12\/web-agency-logo-3.png","url":"https:\/\/catherine-castry-belkadi.fr\/wp-content\/uploads\/2020\/12\/web-agency-logo-3.png","contentUrl":"https:\/\/catherine-castry-belkadi.fr\/wp-content\/uploads\/2020\/12\/web-agency-logo-3.png","width":200,"height":200,"caption":"Catherine"},"logo":{"@id":"https:\/\/catherine-castry-belkadi.fr\/wp-content\/uploads\/2020\/12\/web-agency-logo-3.png"},"sameAs":["https:\/\/catherine-castry-belkadi.fr","https:\/\/www.linkedin.com\/in\/catherine-castry-belkadi"]}]}},"_links":{"self":[{"href":"https:\/\/catherine-castry-belkadi.fr\/index.php\/wp-json\/wp\/v2\/pages\/952","targetHints":{"allow":["GET"]}}],"collection":[{"href":"https:\/\/catherine-castry-belkadi.fr\/index.php\/wp-json\/wp\/v2\/pages"}],"about":[{"href":"https:\/\/catherine-castry-belkadi.fr\/index.php\/wp-json\/wp\/v2\/types\/page"}],"author":[{"embeddable":true,"href":"https:\/\/catherine-castry-belkadi.fr\/index.php\/wp-json\/wp\/v2\/users\/1"}],"replies":[{"embeddable":true,"href":"https:\/\/catherine-castry-belkadi.fr\/index.php\/wp-json\/wp\/v2\/comments?post=952"}],"version-history":[{"count":17,"href":"https:\/\/catherine-castry-belkadi.fr\/index.php\/wp-json\/wp\/v2\/pages\/952\/revisions"}],"predecessor-version":[{"id":1482,"href":"https:\/\/catherine-castry-belkadi.fr\/index.php\/wp-json\/wp\/v2\/pages\/952\/revisions\/1482"}],"wp:attachment":[{"href":"https:\/\/catherine-castry-belkadi.fr\/index.php\/wp-json\/wp\/v2\/media?parent=952"}],"curies":[{"name":"wp","href":"https:\/\/api.w.org\/{rel}","templated":true}]}}