{"id":971,"date":"2023-10-09T15:28:45","date_gmt":"2023-10-09T13:28:45","guid":{"rendered":"https:\/\/catherine-castry-belkadi.fr\/?page_id=971"},"modified":"2023-11-13T15:31:43","modified_gmt":"2023-11-13T14:31:43","slug":"prolea-huile","status":"publish","type":"page","link":"https:\/\/catherine-castry-belkadi.fr\/index.php\/prolea-huile\/","title":{"rendered":"Prol\u00e9a &#8211; Huiles et prot\u00e9ines v\u00e9g\u00e9tales"},"content":{"rendered":"\n<figure class=\"wp-block-gallery has-nested-images columns-2 is-cropped wp-block-gallery-1 is-layout-flex wp-block-gallery-is-layout-flex\">\n<figure class=\"wp-block-image size-large\"><img loading=\"lazy\" decoding=\"async\" width=\"1024\" height=\"655\" data-id=\"977\" src=\"https:\/\/catherine-castry-belkadi.fr\/wp-content\/uploads\/2023\/10\/catherine-castry-belkadi-cherte-graphique-prolea-1024x655.jpg\" alt=\"catherine-castry-belkadi-charte-graphique-prolea\" class=\"wp-image-977\" srcset=\"https:\/\/catherine-castry-belkadi.fr\/wp-content\/uploads\/2023\/10\/catherine-castry-belkadi-cherte-graphique-prolea-1024x655.jpg 1024w, https:\/\/catherine-castry-belkadi.fr\/wp-content\/uploads\/2023\/10\/catherine-castry-belkadi-cherte-graphique-prolea-300x192.jpg 300w, https:\/\/catherine-castry-belkadi.fr\/wp-content\/uploads\/2023\/10\/catherine-castry-belkadi-cherte-graphique-prolea-768x492.jpg 768w, https:\/\/catherine-castry-belkadi.fr\/wp-content\/uploads\/2023\/10\/catherine-castry-belkadi-cherte-graphique-prolea.jpg 1200w\" sizes=\"auto, (max-width: 1024px) 100vw, 1024px\" \/><\/figure>\n\n\n\n<figure class=\"wp-block-image size-large\"><img loading=\"lazy\" decoding=\"async\" width=\"1024\" height=\"655\" data-id=\"976\" src=\"https:\/\/catherine-castry-belkadi.fr\/wp-content\/uploads\/2023\/10\/catherine-castry-belkadi-cherte-graphique-prolea-3-1024x655.jpg\" alt=\"catherine-castry-belkadi-charte-graphique-prolea-3\" class=\"wp-image-976\" srcset=\"https:\/\/catherine-castry-belkadi.fr\/wp-content\/uploads\/2023\/10\/catherine-castry-belkadi-cherte-graphique-prolea-3-1024x655.jpg 1024w, https:\/\/catherine-castry-belkadi.fr\/wp-content\/uploads\/2023\/10\/catherine-castry-belkadi-cherte-graphique-prolea-3-300x192.jpg 300w, https:\/\/catherine-castry-belkadi.fr\/wp-content\/uploads\/2023\/10\/catherine-castry-belkadi-cherte-graphique-prolea-3-768x492.jpg 768w, https:\/\/catherine-castry-belkadi.fr\/wp-content\/uploads\/2023\/10\/catherine-castry-belkadi-cherte-graphique-prolea-3.jpg 1200w\" sizes=\"auto, (max-width: 1024px) 100vw, 1024px\" \/><\/figure>\n\n\n\n<figure class=\"wp-block-image size-large\"><img loading=\"lazy\" decoding=\"async\" width=\"1024\" height=\"655\" data-id=\"975\" src=\"https:\/\/catherine-castry-belkadi.fr\/wp-content\/uploads\/2023\/10\/catherine-castry-belkadi-cherte-graphique-prolea-2-1024x655.jpg\" alt=\"catherine-castry-belkadi-charte-graphique-prolea\" class=\"wp-image-975\" srcset=\"https:\/\/catherine-castry-belkadi.fr\/wp-content\/uploads\/2023\/10\/catherine-castry-belkadi-cherte-graphique-prolea-2-1024x655.jpg 1024w, https:\/\/catherine-castry-belkadi.fr\/wp-content\/uploads\/2023\/10\/catherine-castry-belkadi-cherte-graphique-prolea-2-300x192.jpg 300w, https:\/\/catherine-castry-belkadi.fr\/wp-content\/uploads\/2023\/10\/catherine-castry-belkadi-cherte-graphique-prolea-2-768x492.jpg 768w, https:\/\/catherine-castry-belkadi.fr\/wp-content\/uploads\/2023\/10\/catherine-castry-belkadi-cherte-graphique-prolea-2.jpg 1200w\" sizes=\"auto, (max-width: 1024px) 100vw, 1024px\" \/><\/figure>\n\n\n\n<figure class=\"wp-block-image size-large\"><img loading=\"lazy\" decoding=\"async\" width=\"800\" height=\"534\" data-id=\"1131\" src=\"https:\/\/catherine-castry-belkadi.fr\/wp-content\/uploads\/2023\/10\/catherine-castry-belkadi-graphisme-prolea-plaquette.jpg\" alt=\"catherine-castry-belkadi-graphisme-prolea-plaquette\" class=\"wp-image-1131\" srcset=\"https:\/\/catherine-castry-belkadi.fr\/wp-content\/uploads\/2023\/10\/catherine-castry-belkadi-graphisme-prolea-plaquette.jpg 800w, https:\/\/catherine-castry-belkadi.fr\/wp-content\/uploads\/2023\/10\/catherine-castry-belkadi-graphisme-prolea-plaquette-300x200.jpg 300w, https:\/\/catherine-castry-belkadi.fr\/wp-content\/uploads\/2023\/10\/catherine-castry-belkadi-graphisme-prolea-plaquette-768x513.jpg 768w\" sizes=\"auto, (max-width: 800px) 100vw, 800px\" \/><\/figure>\n<\/figure>\n\n\n\n<div class=\"wp-block-group\"><div class=\"wp-block-group__inner-container is-layout-constrained wp-block-group-is-layout-constrained\">\n<p class=\"has-text-align-left has-couleur-du-texte-color has-text-color has-eccp-large-font-size\" style=\"letter-spacing:0.5px\">Direction artistique et graphisme pour Prol\u00e9a<\/p>\n\n\n\n<p class=\"has-text-align-left has-couleur-primaire-color has-text-color has-eccp-small-font-size\" style=\"letter-spacing:0.2px\">PLAQUETTES &#8211; ANNONCES PRESSE &#8211; ILLUSTRATIONS<\/p>\n\n\n\n<hr class=\"wp-block-separator has-text-color has-blanc-casse-fonce-color has-alpha-channel-opacity has-blanc-casse-fonce-background-color has-background\"\/>\n\n\n\n<p class=\"has-couleur-du-texte-color has-text-color has-eccp-small-font-size\" style=\"letter-spacing:1px\">Prol\u00e9a est une fili\u00e8re des huiles et prot\u00e9ines v\u00e9g\u00e9tales engag\u00e9e pour les consommateurs et les agriculteurs.<br>L&rsquo;id\u00e9e : imaginer et cr\u00e9er une charte graphique reconnaissable pour asseoir le r\u00f4le d\u2019acteur engag\u00e9 de Prol\u00e9a dans les enjeux alimentaires et environnementaux.<\/p>\n<\/div><\/div>\n","protected":false},"excerpt":{"rendered":"<p>Direction artistique et graphisme pour Prol\u00e9a PLAQUETTES &#8211; ANNONCES PRESSE &#8211; ILLUSTRATIONS Prol\u00e9a est une fili\u00e8re des huiles et prot\u00e9ines v\u00e9g\u00e9tales engag\u00e9e pour les consommateurs et les agriculteurs.L&rsquo;id\u00e9e : imaginer et cr\u00e9er une charte graphique reconnaissable pour asseoir le r\u00f4le d\u2019acteur engag\u00e9 de Prol\u00e9a dans les enjeux alimentaires et environnementaux.<\/p>\n","protected":false},"author":1,"featured_media":0,"parent":0,"menu_order":0,"comment_status":"closed","ping_status":"closed","template":"","meta":{"neve_meta_sidebar":"","neve_meta_container":"","neve_meta_enable_content_width":"","neve_meta_content_width":0,"neve_meta_title_alignment":"","neve_meta_author_avatar":"","neve_post_elements_order":"","neve_meta_disable_header":"","neve_meta_disable_footer":"","neve_meta_disable_title":"","_themeisle_gutenberg_block_has_review":false,"footnotes":""},"class_list":["post-971","page","type-page","status-publish","hentry"],"yoast_head":"<!-- This site is optimized with the Yoast SEO plugin v27.2 - https:\/\/yoast.com\/product\/yoast-seo-wordpress\/ -->\n<title>Prol\u00e9a - Huiles et prot\u00e9ines v\u00e9g\u00e9tales -<\/title>\n<meta name=\"robots\" content=\"index, follow, max-snippet:-1, max-image-preview:large, max-video-preview:-1\" \/>\n<link rel=\"canonical\" href=\"https:\/\/catherine-castry-belkadi.fr\/index.php\/prolea-huile\/\" \/>\n<meta property=\"og:locale\" content=\"fr_FR\" \/>\n<meta property=\"og:type\" content=\"article\" \/>\n<meta property=\"og:title\" content=\"Prol\u00e9a - Huiles et prot\u00e9ines v\u00e9g\u00e9tales -\" \/>\n<meta property=\"og:description\" content=\"Direction artistique et graphisme pour Prol\u00e9a PLAQUETTES &#8211; ANNONCES PRESSE &#8211; ILLUSTRATIONS Prol\u00e9a est une fili\u00e8re des huiles et prot\u00e9ines v\u00e9g\u00e9tales engag\u00e9e pour les consommateurs et les agriculteurs.L&rsquo;id\u00e9e : imaginer et cr\u00e9er une charte graphique reconnaissable pour asseoir le r\u00f4le d\u2019acteur engag\u00e9 de Prol\u00e9a dans les enjeux alimentaires et environnementaux.\" \/>\n<meta property=\"og:url\" content=\"https:\/\/catherine-castry-belkadi.fr\/index.php\/prolea-huile\/\" \/>\n<meta property=\"article:modified_time\" content=\"2023-11-13T14:31:43+00:00\" \/>\n<meta property=\"og:image\" content=\"https:\/\/catherine-castry-belkadi.fr\/wp-content\/uploads\/2023\/10\/catherine-castry-belkadi-cherte-graphique-prolea-1024x655.jpg\" \/>\n<meta name=\"twitter:card\" content=\"summary_large_image\" \/>\n<meta name=\"twitter:label1\" content=\"Dur\u00e9e de lecture estim\u00e9e\" \/>\n\t<meta name=\"twitter:data1\" content=\"2 minutes\" \/>\n<script type=\"application\/ld+json\" class=\"yoast-schema-graph\">{\"@context\":\"https:\/\/schema.org\",\"@graph\":[{\"@type\":\"WebPage\",\"@id\":\"https:\/\/catherine-castry-belkadi.fr\/index.php\/prolea-huile\/\",\"url\":\"https:\/\/catherine-castry-belkadi.fr\/index.php\/prolea-huile\/\",\"name\":\"Prol\u00e9a - Huiles et prot\u00e9ines v\u00e9g\u00e9tales -\",\"isPartOf\":{\"@id\":\"https:\/\/catherine-castry-belkadi.fr\/#website\"},\"primaryImageOfPage\":{\"@id\":\"https:\/\/catherine-castry-belkadi.fr\/index.php\/prolea-huile\/#primaryimage\"},\"image\":{\"@id\":\"https:\/\/catherine-castry-belkadi.fr\/index.php\/prolea-huile\/#primaryimage\"},\"thumbnailUrl\":\"https:\/\/catherine-castry-belkadi.fr\/wp-content\/uploads\/2023\/10\/catherine-castry-belkadi-cherte-graphique-prolea-1024x655.jpg\",\"datePublished\":\"2023-10-09T13:28:45+00:00\",\"dateModified\":\"2023-11-13T14:31:43+00:00\",\"breadcrumb\":{\"@id\":\"https:\/\/catherine-castry-belkadi.fr\/index.php\/prolea-huile\/#breadcrumb\"},\"inLanguage\":\"fr-FR\",\"potentialAction\":[{\"@type\":\"ReadAction\",\"target\":[\"https:\/\/catherine-castry-belkadi.fr\/index.php\/prolea-huile\/\"]}]},{\"@type\":\"ImageObject\",\"inLanguage\":\"fr-FR\",\"@id\":\"https:\/\/catherine-castry-belkadi.fr\/index.php\/prolea-huile\/#primaryimage\",\"url\":\"https:\/\/catherine-castry-belkadi.fr\/wp-content\/uploads\/2023\/10\/catherine-castry-belkadi-cherte-graphique-prolea.jpg\",\"contentUrl\":\"https:\/\/catherine-castry-belkadi.fr\/wp-content\/uploads\/2023\/10\/catherine-castry-belkadi-cherte-graphique-prolea.jpg\",\"width\":1200,\"height\":768,\"caption\":\"catherine-castry-belkadi-charte-graphique-prolea\"},{\"@type\":\"BreadcrumbList\",\"@id\":\"https:\/\/catherine-castry-belkadi.fr\/index.php\/prolea-huile\/#breadcrumb\",\"itemListElement\":[{\"@type\":\"ListItem\",\"position\":1,\"name\":\"Accueil\",\"item\":\"https:\/\/catherine-castry-belkadi.fr\/\"},{\"@type\":\"ListItem\",\"position\":2,\"name\":\"Prol\u00e9a &#8211; Huiles et prot\u00e9ines v\u00e9g\u00e9tales\"}]},{\"@type\":\"WebSite\",\"@id\":\"https:\/\/catherine-castry-belkadi.fr\/#website\",\"url\":\"https:\/\/catherine-castry-belkadi.fr\/\",\"name\":\"Catherine Castry Belkadi\",\"description\":\"\",\"publisher\":{\"@id\":\"https:\/\/catherine-castry-belkadi.fr\/#\/schema\/person\/5dd5293af75046eeb3ac1b00b7f10457\"},\"potentialAction\":[{\"@type\":\"SearchAction\",\"target\":{\"@type\":\"EntryPoint\",\"urlTemplate\":\"https:\/\/catherine-castry-belkadi.fr\/?s={search_term_string}\"},\"query-input\":{\"@type\":\"PropertyValueSpecification\",\"valueRequired\":true,\"valueName\":\"search_term_string\"}}],\"inLanguage\":\"fr-FR\"},{\"@type\":[\"Person\",\"Organization\"],\"@id\":\"https:\/\/catherine-castry-belkadi.fr\/#\/schema\/person\/5dd5293af75046eeb3ac1b00b7f10457\",\"name\":\"Catherine\",\"image\":{\"@type\":\"ImageObject\",\"inLanguage\":\"fr-FR\",\"@id\":\"https:\/\/catherine-castry-belkadi.fr\/wp-content\/uploads\/2020\/12\/web-agency-logo-3.png\",\"url\":\"https:\/\/catherine-castry-belkadi.fr\/wp-content\/uploads\/2020\/12\/web-agency-logo-3.png\",\"contentUrl\":\"https:\/\/catherine-castry-belkadi.fr\/wp-content\/uploads\/2020\/12\/web-agency-logo-3.png\",\"width\":200,\"height\":200,\"caption\":\"Catherine\"},\"logo\":{\"@id\":\"https:\/\/catherine-castry-belkadi.fr\/wp-content\/uploads\/2020\/12\/web-agency-logo-3.png\"},\"sameAs\":[\"https:\/\/catherine-castry-belkadi.fr\",\"https:\/\/www.linkedin.com\/in\/catherine-castry-belkadi\"]}]}<\/script>\n<!-- \/ Yoast SEO plugin. -->","yoast_head_json":{"title":"Prol\u00e9a - Huiles et prot\u00e9ines v\u00e9g\u00e9tales -","robots":{"index":"index","follow":"follow","max-snippet":"max-snippet:-1","max-image-preview":"max-image-preview:large","max-video-preview":"max-video-preview:-1"},"canonical":"https:\/\/catherine-castry-belkadi.fr\/index.php\/prolea-huile\/","og_locale":"fr_FR","og_type":"article","og_title":"Prol\u00e9a - Huiles et prot\u00e9ines v\u00e9g\u00e9tales -","og_description":"Direction artistique et graphisme pour Prol\u00e9a PLAQUETTES &#8211; ANNONCES PRESSE &#8211; ILLUSTRATIONS Prol\u00e9a est une fili\u00e8re des huiles et prot\u00e9ines v\u00e9g\u00e9tales engag\u00e9e pour les consommateurs et les agriculteurs.L&rsquo;id\u00e9e : imaginer et cr\u00e9er une charte graphique reconnaissable pour asseoir le r\u00f4le d\u2019acteur engag\u00e9 de Prol\u00e9a dans les enjeux alimentaires et environnementaux.","og_url":"https:\/\/catherine-castry-belkadi.fr\/index.php\/prolea-huile\/","article_modified_time":"2023-11-13T14:31:43+00:00","og_image":[{"url":"https:\/\/catherine-castry-belkadi.fr\/wp-content\/uploads\/2023\/10\/catherine-castry-belkadi-cherte-graphique-prolea-1024x655.jpg","type":"","width":"","height":""}],"twitter_card":"summary_large_image","twitter_misc":{"Dur\u00e9e de lecture estim\u00e9e":"2 minutes"},"schema":{"@context":"https:\/\/schema.org","@graph":[{"@type":"WebPage","@id":"https:\/\/catherine-castry-belkadi.fr\/index.php\/prolea-huile\/","url":"https:\/\/catherine-castry-belkadi.fr\/index.php\/prolea-huile\/","name":"Prol\u00e9a - Huiles et prot\u00e9ines v\u00e9g\u00e9tales -","isPartOf":{"@id":"https:\/\/catherine-castry-belkadi.fr\/#website"},"primaryImageOfPage":{"@id":"https:\/\/catherine-castry-belkadi.fr\/index.php\/prolea-huile\/#primaryimage"},"image":{"@id":"https:\/\/catherine-castry-belkadi.fr\/index.php\/prolea-huile\/#primaryimage"},"thumbnailUrl":"https:\/\/catherine-castry-belkadi.fr\/wp-content\/uploads\/2023\/10\/catherine-castry-belkadi-cherte-graphique-prolea-1024x655.jpg","datePublished":"2023-10-09T13:28:45+00:00","dateModified":"2023-11-13T14:31:43+00:00","breadcrumb":{"@id":"https:\/\/catherine-castry-belkadi.fr\/index.php\/prolea-huile\/#breadcrumb"},"inLanguage":"fr-FR","potentialAction":[{"@type":"ReadAction","target":["https:\/\/catherine-castry-belkadi.fr\/index.php\/prolea-huile\/"]}]},{"@type":"ImageObject","inLanguage":"fr-FR","@id":"https:\/\/catherine-castry-belkadi.fr\/index.php\/prolea-huile\/#primaryimage","url":"https:\/\/catherine-castry-belkadi.fr\/wp-content\/uploads\/2023\/10\/catherine-castry-belkadi-cherte-graphique-prolea.jpg","contentUrl":"https:\/\/catherine-castry-belkadi.fr\/wp-content\/uploads\/2023\/10\/catherine-castry-belkadi-cherte-graphique-prolea.jpg","width":1200,"height":768,"caption":"catherine-castry-belkadi-charte-graphique-prolea"},{"@type":"BreadcrumbList","@id":"https:\/\/catherine-castry-belkadi.fr\/index.php\/prolea-huile\/#breadcrumb","itemListElement":[{"@type":"ListItem","position":1,"name":"Accueil","item":"https:\/\/catherine-castry-belkadi.fr\/"},{"@type":"ListItem","position":2,"name":"Prol\u00e9a &#8211; Huiles et prot\u00e9ines v\u00e9g\u00e9tales"}]},{"@type":"WebSite","@id":"https:\/\/catherine-castry-belkadi.fr\/#website","url":"https:\/\/catherine-castry-belkadi.fr\/","name":"Catherine Castry Belkadi","description":"","publisher":{"@id":"https:\/\/catherine-castry-belkadi.fr\/#\/schema\/person\/5dd5293af75046eeb3ac1b00b7f10457"},"potentialAction":[{"@type":"SearchAction","target":{"@type":"EntryPoint","urlTemplate":"https:\/\/catherine-castry-belkadi.fr\/?s={search_term_string}"},"query-input":{"@type":"PropertyValueSpecification","valueRequired":true,"valueName":"search_term_string"}}],"inLanguage":"fr-FR"},{"@type":["Person","Organization"],"@id":"https:\/\/catherine-castry-belkadi.fr\/#\/schema\/person\/5dd5293af75046eeb3ac1b00b7f10457","name":"Catherine","image":{"@type":"ImageObject","inLanguage":"fr-FR","@id":"https:\/\/catherine-castry-belkadi.fr\/wp-content\/uploads\/2020\/12\/web-agency-logo-3.png","url":"https:\/\/catherine-castry-belkadi.fr\/wp-content\/uploads\/2020\/12\/web-agency-logo-3.png","contentUrl":"https:\/\/catherine-castry-belkadi.fr\/wp-content\/uploads\/2020\/12\/web-agency-logo-3.png","width":200,"height":200,"caption":"Catherine"},"logo":{"@id":"https:\/\/catherine-castry-belkadi.fr\/wp-content\/uploads\/2020\/12\/web-agency-logo-3.png"},"sameAs":["https:\/\/catherine-castry-belkadi.fr","https:\/\/www.linkedin.com\/in\/catherine-castry-belkadi"]}]}},"_links":{"self":[{"href":"https:\/\/catherine-castry-belkadi.fr\/index.php\/wp-json\/wp\/v2\/pages\/971","targetHints":{"allow":["GET"]}}],"collection":[{"href":"https:\/\/catherine-castry-belkadi.fr\/index.php\/wp-json\/wp\/v2\/pages"}],"about":[{"href":"https:\/\/catherine-castry-belkadi.fr\/index.php\/wp-json\/wp\/v2\/types\/page"}],"author":[{"embeddable":true,"href":"https:\/\/catherine-castry-belkadi.fr\/index.php\/wp-json\/wp\/v2\/users\/1"}],"replies":[{"embeddable":true,"href":"https:\/\/catherine-castry-belkadi.fr\/index.php\/wp-json\/wp\/v2\/comments?post=971"}],"version-history":[{"count":23,"href":"https:\/\/catherine-castry-belkadi.fr\/index.php\/wp-json\/wp\/v2\/pages\/971\/revisions"}],"predecessor-version":[{"id":1493,"href":"https:\/\/catherine-castry-belkadi.fr\/index.php\/wp-json\/wp\/v2\/pages\/971\/revisions\/1493"}],"wp:attachment":[{"href":"https:\/\/catherine-castry-belkadi.fr\/index.php\/wp-json\/wp\/v2\/media?parent=971"}],"curies":[{"name":"wp","href":"https:\/\/api.w.org\/{rel}","templated":true}]}}